{"id":4795,"date":"2026-04-07T02:35:17","date_gmt":"2026-04-07T02:35:17","guid":{"rendered":"https:\/\/lyfilter.com\/"},"modified":"2026-04-07T02:35:17","modified_gmt":"2026-04-07T02:35:17","slug":"lvyuan-newest-sintered-cartridge-filter-wholesale-for-desalination","status":"publish","type":"product","link":"https:\/\/lyfilter.com\/tr\/lvyuan-newest-sintered-cartridge-filter-wholesale-for-desalination\/","title":{"rendered":"Tuzdan Ar\u0131nd\u0131rma \u0130\u00e7in Lvyuan Yeni Sinterlenmi\u015f Kartu\u015f Filtre Toptan Sat\u0131\u015f"},"content":{"rendered":"<p>Tuzdan ar\u0131nd\u0131rma kullan\u0131m\u0131 i\u00e7in \u00fcretilen bu Lvyuan sinterlenmi\u015f kartu\u015f filtre, g\u00fcvenilir partik\u00fcl tutma, istikrarl\u0131 ak\u0131\u015f ve uzun s\u00fcreli dayan\u0131kl\u0131l\u0131k sunar. Sabit \u00e7\u0131k\u0131\u015fa ihtiya\u00e7 duyan su ar\u0131tma sistemleri i\u00e7in pratik bir toptan sat\u0131\u015f se\u00e7imidir.<\/p>","protected":false},"excerpt":{"rendered":"<table>\n<thead>\n<tr>\n<th>Saha<\/th>\n<th>De\u011fer<\/th>\n<th>Saha<\/th>\n<th>De\u011fer<\/th>\n<\/tr>\n<\/thead>\n<tbody>\n<tr>\n<td>Garanti Sonras\u0131 Hizmet<\/td>\n<td>\u00c7evrimi\u00e7i destek<\/td>\n<td>Yerel Hizmet Konumu<\/td>\n<td>Hi\u00e7biri<\/td>\n<\/tr>\n<tr>\n<td>Showroom Konumu<\/td>\n<td>Hi\u00e7biri<\/td>\n<td>Men\u015fe Yeri<\/td>\n<td>Guangdong, \u00c7in<\/td>\n<\/tr>\n<tr>\n<td>Marka Ad\u0131<\/td>\n<td>Lvyuan veya OEM \/ ODM<\/td>\n<td>Malzeme<\/td>\n<td>hindistan cevizi karbonu, hindistan cevizi karbonu, k\u00f6m\u00fcr karbonu<\/td>\n<\/tr>\n<tr>\n<td>A\u011f\u0131rl\u0131k<\/td>\n<td>\u00f6zelle\u015ftirilmi\u015f<\/td>\n<td>Boyut<\/td>\n<td>\u00f6zelle\u015ftirilmi\u015f, \u00f6zelle\u015ftirilmi\u015f<\/td>\n<\/tr>\n<tr>\n<td>G\u00fc\u00e7<\/td>\n<td>0<\/td>\n<td>Garanti<\/td>\n<td>Kullan\u0131lam\u0131yor<\/td>\n<\/tr>\n<tr>\n<td>Anahtar Kelimeler<\/td>\n<td>filtre kartu\u015fu hindistan cevizi aktif karbon<\/td>\n<td>Sa\u011flanan Sat\u0131\u015f Sonras\u0131 Hizmet<\/td>\n<td>\u00c7evrimi\u00e7i destek<\/td>\n<\/tr>\n<tr>\n<td>\u00d6zellik<\/td>\n<td>koku, tortu, koku, vb. giderin<\/td>\n<td>Uygulama<\/td>\n<td>\u00d6n filtreleme<\/td>\n<\/tr>\n<tr>\n<td>Renk<\/td>\n<td>Siyah\/gri<\/td>\n<td>Tip<\/td>\n<td>Su Filtresi Par\u00e7alar\u0131<\/td>\n<\/tr>\n<tr>\n<td>\u00c7ap<\/td>\n<td>\u00f6zelle\u015ftirilmi\u015f<\/td>\n<td>mikron oran\u0131<\/td>\n<td>5\/10\/25 mikron<\/td>\n<\/tr>\n<tr>\n<td>Tedarik Yetene\u011fi<\/td>\n<td>500 Adet\/Hafta ba\u015f\u0131na<\/td>\n<td><\/td>\n<td><\/td>\n<\/tr>\n<\/tbody>\n<\/table>","protected":false},"featured_media":4797,"comment_status":"open","ping_status":"closed","template":"","meta":{"_gspb_post_css":""},"product_brand":[],"product_cat":[1205],"product_tag":[1244,1157,1534,1836,321,1184],"class_list":{"0":"post-4795","1":"product","2":"type-product","3":"status-publish","4":"has-post-thumbnail","6":"product_cat-stainless-steel-sintered-filter-cartridge","7":"product_tag-desalination-filter-cartridge","8":"product_tag-industrial-filtration-solution","9":"product_tag-inversafilterpurification","10":"product_tag-lvyuan-sintered-cartridge-filter","11":"product_tag-water-treatment-cartridge","12":"product_tag-wholesale-water-filter","14":"first","15":"instock","16":"shipping-taxable","17":"product-type-simple"},"_links":{"self":[{"href":"https:\/\/lyfilter.com\/tr\/wp-json\/wp\/v2\/product\/4795","targetHints":{"allow":["GET"]}}],"collection":[{"href":"https:\/\/lyfilter.com\/tr\/wp-json\/wp\/v2\/product"}],"about":[{"href":"https:\/\/lyfilter.com\/tr\/wp-json\/wp\/v2\/types\/product"}],"replies":[{"embeddable":true,"href":"https:\/\/lyfilter.com\/tr\/wp-json\/wp\/v2\/comments?post=4795"}],"wp:featuredmedia":[{"embeddable":true,"href":"https:\/\/lyfilter.com\/tr\/wp-json\/wp\/v2\/media\/4797"}],"wp:attachment":[{"href":"https:\/\/lyfilter.com\/tr\/wp-json\/wp\/v2\/media?parent=4795"}],"wp:term":[{"taxonomy":"product_brand","embeddable":true,"href":"https:\/\/lyfilter.com\/tr\/wp-json\/wp\/v2\/product_brand?post=4795"},{"taxonomy":"product_cat","embeddable":true,"href":"https:\/\/lyfilter.com\/tr\/wp-json\/wp\/v2\/product_cat?post=4795"},{"taxonomy":"product_tag","embeddable":true,"href":"https:\/\/lyfilter.com\/tr\/wp-json\/wp\/v2\/product_tag?post=4795"}],"curies":[{"name":"wp","href":"https:\/\/api.w.org\/{rel}","templated":true}]}}