{"id":4788,"date":"2026-04-07T02:32:13","date_gmt":"2026-04-07T02:32:13","guid":{"rendered":"https:\/\/lyfilter.com\/"},"modified":"2026-04-07T02:32:13","modified_gmt":"2026-04-07T02:32:13","slug":"high-quality-1-5-micron-string-wound-sediment-pp-cotton-yarn-filter-cartridge-from-china-manufacturer","status":"publish","type":"product","link":"https:\/\/lyfilter.com\/tr\/high-quality-1-5-micron-string-wound-sediment-pp-cotton-yarn-filter-cartridge-from-china-manufacturer\/","title":{"rendered":"\u00c7in \u00dcreticisinden Y\u00fcksek Kaliteli 1 5 Mikron Dize Yara Sediment PP Pamuk \u0130pli\u011fi Filtre Kartu\u015fu"},"content":{"rendered":"<p>Bu ip sar\u0131ml\u0131 tortu PP pamuk ipli\u011fi filtre kartu\u015fu ile su sistemlerinin sorunsuz \u00e7al\u0131\u015fmas\u0131n\u0131 sa\u011flay\u0131n. 1 ve 5 mikron filtreleme i\u00e7in \u00fcretilen bu kartu\u015f, kir ve pas\u0131n azalt\u0131lmas\u0131na yard\u0131mc\u0131 olurken istikrarl\u0131 ak\u0131\u015f\u0131 ve g\u00fcvenilir g\u00fcnl\u00fck performans\u0131 destekler.<\/p>","protected":false},"excerpt":{"rendered":"<table>\n<thead>\n<tr>\n<th>Saha<\/th>\n<th>De\u011fer<\/th>\n<th>Saha<\/th>\n<th>De\u011fer<\/th>\n<\/tr>\n<\/thead>\n<tbody>\n<tr>\n<td>Garanti Sonras\u0131 Hizmet<\/td>\n<td>\u00c7evrimi\u00e7i destek<\/td>\n<td>Yerel Hizmet Konumu<\/td>\n<td>Hi\u00e7biri<\/td>\n<\/tr>\n<tr>\n<td>Showroom Konumu<\/td>\n<td>Hi\u00e7biri<\/td>\n<td>Men\u015fe Yeri<\/td>\n<td>Guangdong, \u00c7in<\/td>\n<\/tr>\n<tr>\n<td>Marka Ad\u0131<\/td>\n<td>Lvyuan \/ OEM<\/td>\n<td>Malzeme<\/td>\n<td>karton, PP \/ Pamuk \/ cam elyaf\u0131<\/td>\n<\/tr>\n<tr>\n<td>A\u011f\u0131rl\u0131k<\/td>\n<td>ba\u011fl\u0131d\u0131r<\/td>\n<td>Boyut<\/td>\n<td>ba\u011fl\u0131d\u0131r<\/td>\n<\/tr>\n<tr>\n<td>G\u00fc\u00e7<\/td>\n<td>0<\/td>\n<td>Garanti<\/td>\n<td>Kullan\u0131lam\u0131yor<\/td>\n<\/tr>\n<tr>\n<td>\u00dcr\u00fcn ad\u0131<\/td>\n<td>tel sarg\u0131l\u0131 filtre kartu\u015fu<\/td>\n<td>Mikron Oran\u0131<\/td>\n<td>1, 3, 5, 10 mikron filtre kartu\u015fu<\/td>\n<\/tr>\n<tr>\n<td>\u0130\u00e7 \u00e7ekirdek<\/td>\n<td>PP veya paslanmaz \u00e7elik<\/td>\n<td>Uzunluk<\/td>\n<td>5\u2033, 10\u2033, 20\u2033, 30\u2033, 40\u2033, 50\u201d in\u00e7<\/td>\n<\/tr>\n<tr>\n<td>Conta\/O halka malzemesi<\/td>\n<td>Silikon\/EPDM\/Viton<\/td>\n<td>Kullan\u0131m<\/td>\n<td>s\u0131v\u0131 filtresi, su filtresi par\u00e7alar\u0131<\/td>\n<\/tr>\n<tr>\n<td>\u0130\u00e7 \u00e7ap<\/td>\n<td>28, 30mm<\/td>\n<td>D\u0131\u015f \u00e7ap<\/td>\n<td>60~62mm, Jumbo 110~115mm<\/td>\n<\/tr>\n<tr>\n<td>Sertifikasyon<\/td>\n<td>CE SGS ISO<\/td>\n<td>Tedarik Yetene\u011fi<\/td>\n<td>G\u00fcnde 5000 Adet \/ Adet pamuk ipli\u011fi filtre kartu\u015fu<\/td>\n<\/tr>\n<\/tbody>\n<\/table>","protected":false},"featured_media":4792,"comment_status":"open","ping_status":"closed","template":"","meta":{"_gspb_post_css":""},"product_brand":[],"product_cat":[1095],"product_tag":[644,886,1835,1534,1834,1098],"class_list":{"0":"post-4788","1":"product","2":"type-product","3":"status-publish","4":"has-post-thumbnail","6":"product_cat-string-wound-filter-cartridge","7":"product_tag-1-micron-filter-cartridge","8":"product_tag-5-micron-sediment-filter","9":"product_tag-cotton-yarn-water-filter","10":"product_tag-inversafilterpurification","11":"product_tag-sediment-pp-filter","12":"product_tag-string-wound-filter-cartridge","14":"first","15":"instock","16":"shipping-taxable","17":"product-type-simple"},"_links":{"self":[{"href":"https:\/\/lyfilter.com\/tr\/wp-json\/wp\/v2\/product\/4788","targetHints":{"allow":["GET"]}}],"collection":[{"href":"https:\/\/lyfilter.com\/tr\/wp-json\/wp\/v2\/product"}],"about":[{"href":"https:\/\/lyfilter.com\/tr\/wp-json\/wp\/v2\/types\/product"}],"replies":[{"embeddable":true,"href":"https:\/\/lyfilter.com\/tr\/wp-json\/wp\/v2\/comments?post=4788"}],"wp:featuredmedia":[{"embeddable":true,"href":"https:\/\/lyfilter.com\/tr\/wp-json\/wp\/v2\/media\/4792"}],"wp:attachment":[{"href":"https:\/\/lyfilter.com\/tr\/wp-json\/wp\/v2\/media?parent=4788"}],"wp:term":[{"taxonomy":"product_brand","embeddable":true,"href":"https:\/\/lyfilter.com\/tr\/wp-json\/wp\/v2\/product_brand?post=4788"},{"taxonomy":"product_cat","embeddable":true,"href":"https:\/\/lyfilter.com\/tr\/wp-json\/wp\/v2\/product_cat?post=4788"},{"taxonomy":"product_tag","embeddable":true,"href":"https:\/\/lyfilter.com\/tr\/wp-json\/wp\/v2\/product_tag?post=4788"}],"curies":[{"name":"wp","href":"https:\/\/api.w.org\/{rel}","templated":true}]}}