{"id":4770,"date":"2026-04-07T02:21:09","date_gmt":"2026-04-07T02:21:09","guid":{"rendered":"https:\/\/lyfilter.com\/"},"modified":"2026-04-07T02:21:09","modified_gmt":"2026-04-07T02:21:09","slug":"factory-polypropylene-blown-water-purification-5-micron-filters-pp-sediment-cartridge-filter-2","status":"publish","type":"product","link":"https:\/\/lyfilter.com\/tr\/factory-polypropylene-blown-water-purification-5-micron-filters-pp-sediment-cartridge-filter-2\/","title":{"rendered":"Fabrika Polipropilen \u00dcflemeli Su Ar\u0131tma 5 Mikron Filtreler PP Sediment Kartu\u015f Filtre"},"content":{"rendered":"<p>G\u00fcvenilir g\u00fcnl\u00fck filtreleme i\u00e7in \u00fcretilen bu polipropilen \u00fcflemeli 5 mikron tortu kartu\u015fu filtresi, sabit su ak\u0131\u015f\u0131n\u0131 desteklerken kir, pas ve ince partik\u00fcllerin yakalanmas\u0131na yard\u0131mc\u0131 olur. Daha temiz su ve kolay de\u011fi\u015ftirme i\u00e7in pratik bir se\u00e7im.<\/p>","protected":false},"excerpt":{"rendered":"<table>\n<thead>\n<tr>\n<th>Saha<\/th>\n<th>De\u011fer<\/th>\n<th>Saha<\/th>\n<th>De\u011fer<\/th>\n<\/tr>\n<\/thead>\n<tbody>\n<tr>\n<td>Men\u015fe Yeri<\/td>\n<td>Guangdong, \u00c7in<\/td>\n<td>Marka Ad\u0131<\/td>\n<td>Lvyuan \/ OEM<\/td>\n<\/tr>\n<tr>\n<td>Malzeme<\/td>\n<td>poli\u0307propi\u0307len<\/td>\n<td>A\u011f\u0131rl\u0131k<\/td>\n<td>ba\u011fl\u0131d\u0131r<\/td>\n<\/tr>\n<tr>\n<td>Boyut<\/td>\n<td>standart veya \u00f6zelle\u015fti\u0307rme<\/td>\n<td>G\u00fc\u00e7<\/td>\n<td>0<\/td>\n<\/tr>\n<tr>\n<td>Garanti<\/td>\n<td>Kullan\u0131lam\u0131yor<\/td>\n<td>\u00dcr\u00fcn ad\u0131<\/td>\n<td>PP Tortu Filtresi<\/td>\n<\/tr>\n<tr>\n<td>Mikron Oran\u0131<\/td>\n<td>1\/3\/5\/10\/25\/50\/75\/100 mikron filtre kartu\u015fu<\/td>\n<td>Sertifikasyon<\/td>\n<td>CE SGS<\/td>\n<\/tr>\n<tr>\n<td>uygulama<\/td>\n<td>su filtresi par\u00e7alar\u0131, Ters Osmoz<\/td>\n<td>Uzunluk<\/td>\n<td>5\u2033, 10\u2033, 20\u2033, 30\u2033, 40\u2033, 50\u201d in\u00e7<\/td>\n<\/tr>\n<tr>\n<td>Filtre Ortam\u0131<\/td>\n<td>Polipropilen PP b\u00fck\u00fclm\u00fc\u015f<\/td>\n<td>U\u00e7 Kapa\u011f\u0131<\/td>\n<td>DOE\/222Fin\/226Fin\/222Flat\/226Flat<\/td>\n<\/tr>\n<tr>\n<td>Conta\/O halka malzemesi<\/td>\n<td>Silikon\/EPDM\/Viton<\/td>\n<td>Kullan\u0131m<\/td>\n<td>S\u0131v\u0131 Kartu\u015f filtre<\/td>\n<\/tr>\n<tr>\n<td>\u0130\u00e7 \u00e7ekirdek<\/td>\n<td>PP, paslanmaz \u00e7elik, yok<\/td>\n<td>Sa\u011flanan Sat\u0131\u015f Sonras\u0131 Hizmet<\/td>\n<td>\u00c7evrimi\u00e7i destek<\/td>\n<\/tr>\n<tr>\n<td>Tedarik Yetene\u011fi<\/td>\n<td>G\u00fcnde 5000 Adet \/ Adet 5 Mikron PP Filtre<\/td>\n<td><\/td>\n<td><\/td>\n<\/tr>\n<\/tbody>\n<\/table>","protected":false},"featured_media":4773,"comment_status":"open","ping_status":"closed","template":"","meta":{"_gspb_post_css":""},"product_brand":[],"product_cat":[23],"product_tag":[1172,1534,1828,1829,1830,773],"class_list":{"0":"post-4770","1":"product","2":"type-product","3":"status-publish","4":"has-post-thumbnail","6":"product_cat-pp-filter-cartridge","7":"product_tag-5-micron-cartridge-filter","8":"product_tag-inversafilterpurification","9":"product_tag-polypropylene-sediment-filter","10":"product_tag-pp-blown-water-filter","11":"product_tag-sediment-water-filter-replacement","12":"product_tag-water-purification-cartridge","14":"first","15":"instock","16":"shipping-taxable","17":"product-type-simple"},"_links":{"self":[{"href":"https:\/\/lyfilter.com\/tr\/wp-json\/wp\/v2\/product\/4770","targetHints":{"allow":["GET"]}}],"collection":[{"href":"https:\/\/lyfilter.com\/tr\/wp-json\/wp\/v2\/product"}],"about":[{"href":"https:\/\/lyfilter.com\/tr\/wp-json\/wp\/v2\/types\/product"}],"replies":[{"embeddable":true,"href":"https:\/\/lyfilter.com\/tr\/wp-json\/wp\/v2\/comments?post=4770"}],"wp:featuredmedia":[{"embeddable":true,"href":"https:\/\/lyfilter.com\/tr\/wp-json\/wp\/v2\/media\/4773"}],"wp:attachment":[{"href":"https:\/\/lyfilter.com\/tr\/wp-json\/wp\/v2\/media?parent=4770"}],"wp:term":[{"taxonomy":"product_brand","embeddable":true,"href":"https:\/\/lyfilter.com\/tr\/wp-json\/wp\/v2\/product_brand?post=4770"},{"taxonomy":"product_cat","embeddable":true,"href":"https:\/\/lyfilter.com\/tr\/wp-json\/wp\/v2\/product_cat?post=4770"},{"taxonomy":"product_tag","embeddable":true,"href":"https:\/\/lyfilter.com\/tr\/wp-json\/wp\/v2\/product_tag?post=4770"}],"curies":[{"name":"wp","href":"https:\/\/api.w.org\/{rel}","templated":true}]}}