{"id":4768,"date":"2026-04-07T02:18:15","date_gmt":"2026-04-07T02:18:15","guid":{"rendered":"https:\/\/lyfilter.com\/"},"modified":"2026-04-07T02:18:15","modified_gmt":"2026-04-07T02:18:15","slug":"professional-sintered-cartridge-filter-wholesale-for-desalination","status":"publish","type":"product","link":"https:\/\/lyfilter.com\/tr\/professional-sintered-cartridge-filter-wholesale-for-desalination\/","title":{"rendered":"Tuzdan Ar\u0131nd\u0131rma \u0130\u00e7in Profesyonel Sinterlenmi\u015f Kartu\u015f Filtre Toptan Sat\u0131\u015f"},"content":{"rendered":"<p><b>\u015eirket Avantajlar\u0131<\/b><br \/>\n<b>1.<\/b>\u00a0Lvyuan aktif karbon\u00a0<a href=\"https:\/\/lyfilter.com\/tr\/products.html\/\">filtre eleman\u0131<\/a>\u00a0bir dizi koruma sistemi ile tasarlanm\u0131\u015ft\u0131r. A\u015f\u0131r\u0131 bas\u0131n\u00e7, a\u015f\u0131r\u0131 y\u00fck, elektrik devreleri ve voltaj kayb\u0131 korumas\u0131 ile \u00fcretilmi\u015ftir. Filtre ortam\u0131, uygulamadaki farkl\u0131 su kalitesine g\u00f6re \u00f6zelle\u015ftirilebilir<br \/>\n<b>2.<\/b>\u00a0Bu \u00fcr\u00fcn m\u00fc\u015fterilere \u00f6nemli ekonomik faydalar sa\u011flayabilir ve pazarda giderek daha pop\u00fcler hale gelmektedir. Ba\u011flay\u0131c\u0131lar, maddeler, \u00e7\u00f6z\u00fcc\u00fcler, antistatik malzemeler veya \u0131slat\u0131c\u0131 maddeler i\u00e7ermez<br \/>\n<b>3.<\/b>\u00a0Bu \u00fcr\u00fcn i\u00e7in y\u00fcksek kalite sa\u011flamak i\u00e7in profesyonel bir laboratuar\u0131m\u0131z var. End\u00fcstriyel, kimyasal proses, yiyecek ve i\u00e7ecek, kozmetik ve su gibi \u00e7e\u015fitli uygulamalar bulmu\u015ftur.<br \/>\n<b>4.<\/b>\u00a0QC ekibi, bu \u00fcr\u00fcn\u00fcn kalitesini sa\u011flamak i\u00e7in profesyonel kalite standartlar\u0131n\u0131 benimser. Standart ve tam ak\u0131\u015fl\u0131 muhafazalar i\u00e7in geni\u015f bir uzunluk yelpazesi ile birlikte gelir<br \/>\n<b>5.<\/b>\u00a0Kalitesinden emin olmak i\u00e7in denetim ve kontrol bir\u00e7ok kez g\u00fc\u00e7lendirilmi\u015ftir. Geni\u015f kimyasal uyumlulu\u011fu sayesinde sulu ve organik \u00e7\u00f6z\u00fcc\u00fc numuneleri ile kullan\u0131ma uygundur.<\/p>\n<h3 class=\"do-entry-title\">Paketleme ve Teslimat<\/h3>\n<div class=\"do-entry-list\">\n<dl class=\"do-entry-item\">\n<dt class=\"do-entry-item-key\">Sat\u0131\u015f Birimleri:<\/dt>\n<dd class=\"do-entry-item-val\">Tek \u00fcr\u00fcn<\/dd>\n<\/dl>\n<dl class=\"do-entry-item\">\n<dt class=\"do-entry-item-key\" title=\"Tek paket boyutu:\">Tek paket boyutu:<\/dt>\n<dd class=\"do-entry-item-val\">6.5X2.8X25 cm<\/dd>\n<\/dl>\n<dl class=\"do-entry-item\">\n<dt class=\"do-entry-item-key\" title=\"Tek br\u00fct a\u011f\u0131rl\u0131k:\">Tek br\u00fct a\u011f\u0131rl\u0131k:<\/dt>\n<dd class=\"do-entry-item-val\">0.500 kg<\/dd>\n<\/dl>\n<dl class=\"do-entry-item\">\n<dt class=\"do-entry-item-key\">Paket Tipi:<\/dt>\n<dd class=\"do-entry-item-val pkg-method\">Sinterleme k\u00f6m\u00fcr \u00fcr\u00fcnleri kat\u0131 CTO su filtresi aktif hindistan cevizi kabu\u011fu karbon 25 mikron blok karbon filtre: 53x33x33cm, 64x33x33cm<\/dd>\n<\/dl>\n<dl class=\"do-entry-item\">\n<dt class=\"do-entry-item-key\" title=\"Teslim S\u00fcresi\">Teslim S\u00fcresi\u00a0<i class=\"next-icon next-icon-help next-icon-xs js-leadtimes-tips\"><\/i>:<\/dt>\n<dd class=\"do-entry-item-val\" title=\"Teslim S\u00fcresi\">\n<div class=\"table-responsive\">\n<table class=\"supply-ability-table ui2-table ui2-table-normal ui2-table-zebra ui2-table-hover\">\n<tbody>\n<tr>\n<td>Miktar (Adet)<\/td>\n<td>1 - 100<\/td>\n<td>101 - 500<\/td>\n<td>501 - 5000<\/td>\n<td>&gt;5000<\/td>\n<\/tr>\n<tr>\n<td>Tahmini Zaman (g\u00fcn)<\/td>\n<td>3<\/td>\n<td>5<\/td>\n<td>10<\/td>\n<td>M\u00fczakere edilecek<\/td>\n<\/tr>\n<\/tbody>\n<\/table>\n<\/div>\n<\/dd>\n<\/dl>\n<\/div>","protected":false},"excerpt":{"rendered":"<table>\n<thead>\n<tr>\n<th>Saha<\/th>\n<th>De\u011fer<\/th>\n<th>Saha<\/th>\n<th>De\u011fer<\/th>\n<\/tr>\n<\/thead>\n<tbody>\n<tr>\n<td>Men\u015fe Yeri<\/td>\n<td>Guangdong, \u00c7in<\/td>\n<td>Marka Ad\u0131<\/td>\n<td>OEM\/LVYUAN<\/td>\n<\/tr>\n<tr>\n<td>Model Numaras\u0131<\/td>\n<td>LY-CBF<\/td>\n<td>G\u00fc\u00e7 (W)<\/td>\n<td>0<\/td>\n<\/tr>\n<tr>\n<td>Gerilim (V)<\/td>\n<td>0<\/td>\n<td>Sa\u011flanan Sat\u0131\u015f Sonras\u0131 Hizmet<\/td>\n<td>yok, \u00c7evrimi\u00e7i destek<\/td>\n<\/tr>\n<tr>\n<td>Garanti<\/td>\n<td>Hi\u00e7biri<\/td>\n<td>Tip<\/td>\n<td>Aktif Karbon<\/td>\n<\/tr>\n<tr>\n<td>Kullan\u0131m<\/td>\n<td>Ev Tipi \u00d6n Filtreleme<\/td>\n<td>Uygulama<\/td>\n<td>Otel, Araba, D\u0131\u015f Mekan, Garaj, RV, Ticari, Ev<\/td>\n<\/tr>\n<tr>\n<td>G\u00fc\u00e7 Kayna\u011f\u0131<\/td>\n<td>Ak\u00fc, usb, Elektrik, Gaz, G\u00fcne\u015f, Manuel, Ara\u00e7 G\u00fc\u00e7 Kayna\u011f\u0131<\/td>\n<td>\u00dcr\u00fcn Ad\u0131<\/td>\n<td>Bir hindistan cevizi kabu\u011fu karbon 25 mikron blok karbon filtre<\/td>\n<\/tr>\n<tr>\n<td>Malzeme<\/td>\n<td>Sinterlenmi\u015f aktif hindistan cevizi karbonu<\/td>\n<td>Uzunluk<\/td>\n<td>10-1050mm<\/td>\n<\/tr>\n<tr>\n<td>OD<\/td>\n<td>14-121mm<\/td>\n<td>KIMLIK<\/td>\n<td>6-50mm<\/td>\n<\/tr>\n<tr>\n<td>Mikron oran\u0131<\/td>\n<td>0,5-20um<\/td>\n<td>\u0130yot de\u011feri<\/td>\n<td>1000'e kadar<\/td>\n<\/tr>\n<tr>\n<td>Ak\u0131\u015f h\u0131z\u0131<\/td>\n<td>\u2264300L\/saat<\/td>\n<td><\/td>\n<td><\/td>\n<\/tr>\n<\/tbody>\n<\/table>","protected":false},"featured_media":4769,"comment_status":"open","ping_status":"closed","template":"","meta":{"_gspb_post_css":""},"product_brand":[],"product_cat":[1205],"product_tag":[1244,1826,1534,1827,1825,1184],"class_list":{"0":"post-4768","1":"product","2":"type-product","3":"status-publish","4":"has-post-thumbnail","6":"product_cat-stainless-steel-sintered-filter-cartridge","7":"product_tag-desalination-filter-cartridge","8":"product_tag-industrial-cartridge-filter","9":"product_tag-inversafilterpurification","10":"product_tag-professional-filtration-solution","11":"product_tag-sintered-cartridge-filter","12":"product_tag-wholesale-water-filter","14":"first","15":"instock","16":"shipping-taxable","17":"product-type-simple"},"_links":{"self":[{"href":"https:\/\/lyfilter.com\/tr\/wp-json\/wp\/v2\/product\/4768","targetHints":{"allow":["GET"]}}],"collection":[{"href":"https:\/\/lyfilter.com\/tr\/wp-json\/wp\/v2\/product"}],"about":[{"href":"https:\/\/lyfilter.com\/tr\/wp-json\/wp\/v2\/types\/product"}],"replies":[{"embeddable":true,"href":"https:\/\/lyfilter.com\/tr\/wp-json\/wp\/v2\/comments?post=4768"}],"wp:featuredmedia":[{"embeddable":true,"href":"https:\/\/lyfilter.com\/tr\/wp-json\/wp\/v2\/media\/4769"}],"wp:attachment":[{"href":"https:\/\/lyfilter.com\/tr\/wp-json\/wp\/v2\/media?parent=4768"}],"wp:term":[{"taxonomy":"product_brand","embeddable":true,"href":"https:\/\/lyfilter.com\/tr\/wp-json\/wp\/v2\/product_brand?post=4768"},{"taxonomy":"product_cat","embeddable":true,"href":"https:\/\/lyfilter.com\/tr\/wp-json\/wp\/v2\/product_cat?post=4768"},{"taxonomy":"product_tag","embeddable":true,"href":"https:\/\/lyfilter.com\/tr\/wp-json\/wp\/v2\/product_tag?post=4768"}],"curies":[{"name":"wp","href":"https:\/\/api.w.org\/{rel}","templated":true}]}}