{"id":4765,"date":"2026-04-07T02:15:25","date_gmt":"2026-04-07T02:15:25","guid":{"rendered":"https:\/\/lyfilter.com\/"},"modified":"2026-04-07T02:15:25","modified_gmt":"2026-04-07T02:15:25","slug":"high-flow-water-filter-replacement-cartridge-oem-lvyuan-lvyuan-filter","status":"publish","type":"product","link":"https:\/\/lyfilter.com\/tr\/high-flow-water-filter-replacement-cartridge-oem-lvyuan-lvyuan-filter\/","title":{"rendered":"Y\u00fcksek Ak\u0131\u015fl\u0131 Su Filtresi Yedek Kartu\u015f OEM\/Lvyuan - - Lvyuan Filtre"},"content":{"rendered":"<p><b>\u015eirket Avantajlar\u0131<\/b><\/p>\n<p>- Teklif edilen\u00a0<a href=\"https:\/\/lyfilter.com\/tr\/\">Lvyuan Filtre<\/a>\u00a0y\u00fcksek debili su filtresi yedek kartu\u015fu, end\u00fcstri normlar\u0131na uygun olarak en kaliteli hammaddeler kullan\u0131larak sa\u011flan\u0131r.<\/p>\n<p>- Kendini i\u015fine adam\u0131\u015f ve yetenekli kalite kontrol\u00f6rlerimiz, kalitenin herhangi bir kusur olmaks\u0131z\u0131n ola\u011fan\u00fcst\u00fc kalmas\u0131n\u0131 sa\u011flamak i\u00e7in \u00fcr\u00fcn\u00fc \u00fcretimin her a\u015famas\u0131nda dikkatle incelemektedir.<\/p>\n<p>- \u00dcr\u00fcn piyasada olduk\u00e7a rekabet\u00e7idir ve bir\u00e7ok alanda yayg\u0131n olarak uygulanabilir.<\/p>","protected":false},"excerpt":{"rendered":"<table>\n<thead>\n<tr>\n<th>Saha<\/th>\n<th>De\u011fer<\/th>\n<th>Saha<\/th>\n<th>De\u011fer<\/th>\n<\/tr>\n<\/thead>\n<tbody>\n<tr>\n<td>Garanti Sonras\u0131 Hizmet<\/td>\n<td>\u00c7evrimi\u00e7i destek<\/td>\n<td>Yerel Hizmet Konumu<\/td>\n<td>Hi\u00e7biri<\/td>\n<\/tr>\n<tr>\n<td>Showroom Konumu<\/td>\n<td>Hi\u00e7biri<\/td>\n<td>Men\u015fe Yeri<\/td>\n<td>Guangdong, \u00c7in<\/td>\n<\/tr>\n<tr>\n<td>Marka Ad\u0131<\/td>\n<td>Lvyuan \/ OEM<\/td>\n<td>Malzeme<\/td>\n<td>Pileli<\/td>\n<\/tr>\n<tr>\n<td>A\u011f\u0131rl\u0131k<\/td>\n<td>0<\/td>\n<td>Boyut<\/td>\n<td>10\u2033\/20\u2033\/30\u2033\/40\u2033\/50\u2033\/60\u2033<\/td>\n<\/tr>\n<tr>\n<td>G\u00fc\u00e7<\/td>\n<td>0<\/td>\n<td>Garanti<\/td>\n<td>Kullan\u0131lam\u0131yor<\/td>\n<\/tr>\n<tr>\n<td>\u0130sim<\/td>\n<td>Su filtresi muhafazas\u0131 de\u011fi\u015fimi i\u00e7in 5 mikron kartu\u015f filtre<\/td>\n<td>Filtre membran malzemesi<\/td>\n<td>PP\/PVDF\/PTFE\/PES\/Naylon<\/td>\n<\/tr>\n<tr>\n<td>Uzunluk<\/td>\n<td>5 \/ 10 \/ 20 \/ 30 \/ 40 \/ 50 \/ 60 in\u00e7<\/td>\n<td>Konekt\u00f6r<\/td>\n<td>Fin\/222\/226\/215\/DOE\/Thread<\/td>\n<\/tr>\n<tr>\n<td>Micron<\/td>\n<td>0.22\/0.5\/1\/3\/5\/10\/25\/50\/75\/100\/150<\/td>\n<td>S\u0131zd\u0131rmazl\u0131k y\u00f6ntemi<\/td>\n<td>S\u0131cak eritme kayna\u011f\u0131<\/td>\n<\/tr>\n<tr>\n<td>\u00c7ap<\/td>\n<td>70mm\/OEM<\/td>\n<td>\u0130\u00e7 \u00c7ekirdek<\/td>\n<td>PP\/SS\/OEM<\/td>\n<\/tr>\n<tr>\n<td>ADEDI<\/td>\n<td>\u015eu anda s\u0131n\u0131rl\u0131 de\u011fil<\/td>\n<td>Tedarik Yetene\u011fi<\/td>\n<td>G\u00fcnde 500 Adet \/ Adet<\/td>\n<\/tr>\n<tr>\n<td>Ba\u015flang\u0131\u00e7 Liman\u0131<\/td>\n<td>Guangzhou<\/td>\n<td>\u00dcretim Kapasitesi<\/td>\n<td>500 adet\/Ay<\/td>\n<\/tr>\n<tr>\n<td>\u00d6deme<\/td>\n<td>T \/ T, Western Union, Alibaba Ticaret G\u00fcvencesi, paypal<\/td>\n<td>Teslimat S\u00fcresi<\/td>\n<td>7 i\u015f g\u00fcn\u00fc i\u00e7inde<\/td>\n<\/tr>\n<tr>\n<td>Marka<\/td>\n<td>OEM\/Lvyuan<\/td>\n<td><\/td>\n<td><\/td>\n<\/tr>\n<\/tbody>\n<\/table>","protected":false},"featured_media":4766,"comment_status":"open","ping_status":"closed","template":"","meta":{"_gspb_post_css":""},"product_brand":[],"product_cat":[1202],"product_tag":[105,1824,1534,1158,1823,1822],"class_list":{"0":"post-4765","1":"product","2":"type-product","3":"status-publish","4":"has-post-thumbnail","6":"product_cat-filter-cartridge","7":"product_tag-high-flow-water-filter","8":"product_tag-household-water-filtration","9":"product_tag-inversafilterpurification","10":"product_tag-lvyuan-filter-cartridge","11":"product_tag-oem-water-cartridge","12":"product_tag-water-filter-replacement","14":"first","15":"instock","16":"shipping-taxable","17":"product-type-simple"},"_links":{"self":[{"href":"https:\/\/lyfilter.com\/tr\/wp-json\/wp\/v2\/product\/4765","targetHints":{"allow":["GET"]}}],"collection":[{"href":"https:\/\/lyfilter.com\/tr\/wp-json\/wp\/v2\/product"}],"about":[{"href":"https:\/\/lyfilter.com\/tr\/wp-json\/wp\/v2\/types\/product"}],"replies":[{"embeddable":true,"href":"https:\/\/lyfilter.com\/tr\/wp-json\/wp\/v2\/comments?post=4765"}],"wp:featuredmedia":[{"embeddable":true,"href":"https:\/\/lyfilter.com\/tr\/wp-json\/wp\/v2\/media\/4766"}],"wp:attachment":[{"href":"https:\/\/lyfilter.com\/tr\/wp-json\/wp\/v2\/media?parent=4765"}],"wp:term":[{"taxonomy":"product_brand","embeddable":true,"href":"https:\/\/lyfilter.com\/tr\/wp-json\/wp\/v2\/product_brand?post=4765"},{"taxonomy":"product_cat","embeddable":true,"href":"https:\/\/lyfilter.com\/tr\/wp-json\/wp\/v2\/product_cat?post=4765"},{"taxonomy":"product_tag","embeddable":true,"href":"https:\/\/lyfilter.com\/tr\/wp-json\/wp\/v2\/product_tag?post=4765"}],"curies":[{"name":"wp","href":"https:\/\/api.w.org\/{rel}","templated":true}]}}