{"id":4731,"date":"2026-04-05T09:30:11","date_gmt":"2026-04-05T09:30:11","guid":{"rendered":"https:\/\/lyfilter.com\/"},"modified":"2026-04-05T09:30:11","modified_gmt":"2026-04-05T09:30:11","slug":"good-selling-steel-filter-housing-factory-price-for-desalination","status":"publish","type":"product","link":"https:\/\/lyfilter.com\/tr\/good-selling-steel-filter-housing-factory-price-for-desalination\/","title":{"rendered":"Tuzdan Ar\u0131nd\u0131rma \u0130\u00e7in \u0130yi Sat\u0131\u015f \u00c7elik Filtre Muhafazas\u0131 Fabrika Fiyat\u0131"},"content":{"rendered":"<p><b>\u015eirket Avantajlar\u0131<\/b><br \/>\n<b>1.<\/b>\u00a0Teknik ekibimiz kendini tasar\u0131m\u0131 geli\u015ftirmeye adam\u0131\u015ft\u0131r,\u00a0<a href=\"https:\/\/lyfilter.com\/tr\/\">Lvyuan Filtre<\/a>\u00a0\u015fimdi yenilik, estetik ve pratikli\u011fi birle\u015ftiren bir tasar\u0131ma sahiptir. Filtre medyas\u0131, tutarl\u0131 ak\u0131\u015f h\u0131zlar\u0131 sa\u011flarken elyaf sal\u0131n\u0131m\u0131n\u0131 \u00f6nlemek i\u00e7in termal olarak ba\u011flanm\u0131\u015ft\u0131r<br \/>\n<b>2.<\/b>\u00a0Bu \u00fcr\u00fcn\u00fc kullanan ger\u00e7ek operat\u00f6r, genellikle \u00fcretim ko\u015fullar\u0131n\u0131n ve \u00e7\u0131kt\u0131 oranlar\u0131n\u0131n ge\u00e7mi\u015fe g\u00f6re b\u00fcy\u00fck \u00f6l\u00e7\u00fcde iyile\u015ftirildi\u011fi bir durumla kar\u015f\u0131la\u015f\u0131r. Hassas iyon kromatografi uygulamalar\u0131 i\u00e7in do\u011fru analiz ve sonu\u00e7lar sa\u011flayabilir<br \/>\n<b>3.<\/b>\u00a0\u00dcr\u00fcn, deneyimli kalite kontrol ekibimiz taraf\u0131ndan \u00e7e\u015fitli kalite parametreleri \u00fczerinde test edilmektedir. Geni\u015f kimyasal uyumlulu\u011fu nedeniyle sulu ve organik \u00e7\u00f6z\u00fcc\u00fc numuneleri ile kullan\u0131ma uygundur.<br \/>\n<b>4.<\/b>\u00a0Kan\u0131tlanm\u0131\u015f teknolojiye dayanan bu \u00fcr\u00fcn, m\u00fc\u015fterilere y\u00fcksek performans sunar. Geni\u015f bir etkili filtre alan\u0131na sahiptir<br \/>\n<b>5.<\/b>\u00a0\u00dcr\u00fcn\u00fcn \u00fcst\u00fcn kalitesini sa\u011flamak i\u00e7in bir\u00e7ok bilimsel ve s\u0131k\u0131 denetim arac\u0131 uygulanm\u0131\u015ft\u0131r. End\u00fcstriyel, kimyasal proses, yiyecek ve i\u00e7ecek, kozmetik, g\u0131da ve i\u00e7ecek gibi \u00e7e\u015fitli uygulama alanlar\u0131 bulmu\u015ftur.<\/p>\n<h3 class=\"do-entry-title\">Paketleme ve Teslimat<\/h3>\n<div class=\"do-entry-list\">\n<dl class=\"do-entry-item\">\n<dt class=\"do-entry-item-key\">Sat\u0131\u015f Birimleri:<\/dt>\n<dd class=\"do-entry-item-val\">Tek \u00fcr\u00fcn<\/dd>\n<\/dl>\n<dl class=\"do-entry-item\">\n<dt class=\"do-entry-item-key\" title=\"Tek paket boyutu:\">Tek paket boyutu:<\/dt>\n<dd class=\"do-entry-item-val\">75X50X75 cm<\/dd>\n<\/dl>\n<dl class=\"do-entry-item\">\n<dt class=\"do-entry-item-key\" title=\"Tek br\u00fct a\u011f\u0131rl\u0131k:\">Tek br\u00fct a\u011f\u0131rl\u0131k:<\/dt>\n<dd class=\"do-entry-item-val\">30.000 kg<\/dd>\n<\/dl>\n<dl class=\"do-entry-item\">\n<dt class=\"do-entry-item-key\">Paket Tipi:<\/dt>\n<dd class=\"do-entry-item-val pkg-method\">Hareketli araba paslanmaz \u00e7elik mikro filtre 2 kademeli 10 20 30 40 50 mikron lik\u00f6r filtrasyon sistemi, b\u00fcy\u00fck debili s\u0131v\u0131 pompas\u0131 ile: Paketleme: \u0130hracat standart kutu \/ Gerekti\u011fi gibi<\/dd>\n<\/dl>\n<dl class=\"do-entry-item\">\n<dt class=\"do-entry-item-key\" title=\"Teslim S\u00fcresi\">Teslim S\u00fcresi\u00a0<i class=\"next-icon next-icon-help next-icon-xs js-leadtimes-tips\"><\/i>:<\/dt>\n<dd class=\"do-entry-item-val\" title=\"Teslim S\u00fcresi\">\n<div class=\"table-responsive\">\n<table class=\"supply-ability-table ui2-table ui2-table-normal ui2-table-zebra ui2-table-hover\">\n<tbody>\n<tr>\n<td>Miktar (Adet)<\/td>\n<td>1 - 10<\/td>\n<td>11 - 100<\/td>\n<td>&gt;100<\/td>\n<\/tr>\n<tr>\n<td>Tahmini Zaman (g\u00fcn)<\/td>\n<td>5<\/td>\n<td>10<\/td>\n<td>M\u00fczakere edilecek<\/td>\n<\/tr>\n<\/tbody>\n<\/table>\n<\/div>\n<\/dd>\n<\/dl>\n<\/div>","protected":false},"excerpt":{"rendered":"<table>\n<thead>\n<tr>\n<th>Saha<\/th>\n<th>De\u011fer<\/th>\n<\/tr>\n<\/thead>\n<tbody>\n<tr>\n<td>Men\u015fe Yeri<\/td>\n<td>Guangdong, \u00c7in<\/td>\n<\/tr>\n<tr>\n<td>Marka Ad\u0131<\/td>\n<td>LVYUAN\/OEM<\/td>\n<\/tr>\n<tr>\n<td>Garanti<\/td>\n<td>1 Y\u0131l<\/td>\n<\/tr>\n<tr>\n<td>Sa\u011flanan Sat\u0131\u015f Sonras\u0131 Hizmet<\/td>\n<td>\u00c7evrimi\u00e7i destek<\/td>\n<\/tr>\n<tr>\n<td>\u00dcr\u00fcn Ad\u0131<\/td>\n<td>Hareketli araba paslanmaz \u00e7elik 2 kademeli lik\u00f6r filtrasyon sistemi<\/td>\n<\/tr>\n<tr>\n<td>Malzeme<\/td>\n<td>SS304 \/ SS316L<\/td>\n<\/tr>\n<tr>\n<td>Filtre torbas\u0131 malzemesi<\/td>\n<td>PE TORBA \/ PP TORBA<\/td>\n<\/tr>\n<tr>\n<td>Torba filtre miktar\u0131<\/td>\n<td>Tek torba filtre muhafazas\u0131<\/td>\n<\/tr>\n<tr>\n<td>Y\u00fczey i\u015fleme<\/td>\n<td>Cilal\u0131 &amp; Kumlama<\/td>\n<\/tr>\n<tr>\n<td>Conta o-ringi<\/td>\n<td>Silastik \/ NBR \/ EPDM \/ Viton<\/td>\n<\/tr>\n<tr>\n<td>\u00dcst kapak tak\u0131l\u0131 tip<\/td>\n<td>Kelep\u00e7e tipi \/ C\u0131vata tipi<\/td>\n<\/tr>\n<tr>\n<td>Giri\u015f ve \u00c7\u0131k\u0131\u015f tipi<\/td>\n<td>\u0130\u00e7 di\u015fli \/ Flan\u015f<\/td>\n<\/tr>\n<tr>\n<td>Konekt\u00f6r tipi<\/td>\n<td>222 \/ 226 \/ DOE<\/td>\n<\/tr>\n<tr>\n<td>Paketleme y\u00f6ntemi<\/td>\n<td>\u0130hracat standart kutusu<\/td>\n<\/tr>\n<\/tbody>\n<\/table>","protected":false},"featured_media":4733,"comment_status":"open","ping_status":"closed","template":"","meta":{"_gspb_post_css":""},"product_brand":[],"product_cat":[15],"product_tag":[1793,1801,1084,1534,1799,1800],"class_list":{"0":"post-4731","1":"product","2":"type-product","3":"status-publish","4":"has-post-thumbnail","6":"product_cat-stainless-steel-filter-housing","7":"product_tag-desalination-filter-housing","8":"product_tag-filtration-system-housing","9":"product_tag-industrial-filter-housing","10":"product_tag-inversafilterpurification","11":"product_tag-steel-filter-housing","12":"product_tag-water-treatment-housing","14":"first","15":"instock","16":"shipping-taxable","17":"product-type-simple"},"_links":{"self":[{"href":"https:\/\/lyfilter.com\/tr\/wp-json\/wp\/v2\/product\/4731","targetHints":{"allow":["GET"]}}],"collection":[{"href":"https:\/\/lyfilter.com\/tr\/wp-json\/wp\/v2\/product"}],"about":[{"href":"https:\/\/lyfilter.com\/tr\/wp-json\/wp\/v2\/types\/product"}],"replies":[{"embeddable":true,"href":"https:\/\/lyfilter.com\/tr\/wp-json\/wp\/v2\/comments?post=4731"}],"wp:featuredmedia":[{"embeddable":true,"href":"https:\/\/lyfilter.com\/tr\/wp-json\/wp\/v2\/media\/4733"}],"wp:attachment":[{"href":"https:\/\/lyfilter.com\/tr\/wp-json\/wp\/v2\/media?parent=4731"}],"wp:term":[{"taxonomy":"product_brand","embeddable":true,"href":"https:\/\/lyfilter.com\/tr\/wp-json\/wp\/v2\/product_brand?post=4731"},{"taxonomy":"product_cat","embeddable":true,"href":"https:\/\/lyfilter.com\/tr\/wp-json\/wp\/v2\/product_cat?post=4731"},{"taxonomy":"product_tag","embeddable":true,"href":"https:\/\/lyfilter.com\/tr\/wp-json\/wp\/v2\/product_tag?post=4731"}],"curies":[{"name":"wp","href":"https:\/\/api.w.org\/{rel}","templated":true}]}}