{"id":4728,"date":"2026-04-05T09:24:58","date_gmt":"2026-04-05T09:24:58","guid":{"rendered":"https:\/\/lyfilter.com\/"},"modified":"2026-04-05T09:24:58","modified_gmt":"2026-04-05T09:24:58","slug":"lvyuan-affordable-ss-cartridge-filter-housing-factory-for-desalination","status":"publish","type":"product","link":"https:\/\/lyfilter.com\/tr\/lvyuan-affordable-ss-cartridge-filter-housing-factory-for-desalination\/","title":{"rendered":"Tuzdan Ar\u0131nd\u0131rma i\u00e7in Lvyuan Uygun Fiyatl\u0131 SS Kartu\u015f Filtre Muhafaza Fabrikas\u0131"},"content":{"rendered":"<p>Tuzdan ar\u0131nd\u0131rma sistemleri i\u00e7in \u00fcretilen bu Lvyuan SS kartu\u015f filtre muhafazas\u0131, zorlu ve y\u00fcksek tuzlu ko\u015fullarda suyu temiz tutar. Paslanmaz \u00e7elik yap\u0131s\u0131 g\u00fcvenilir filtrelemeyi, daha uzun hizmet \u00f6mr\u00fcn\u00fc ve daha kolay rutin bak\u0131m\u0131 destekler.<\/p>","protected":false},"excerpt":{"rendered":"<table>\n<thead>\n<tr>\n<th>Saha<\/th>\n<th>De\u011fer<\/th>\n<\/tr>\n<\/thead>\n<tbody>\n<tr>\n<td>Garanti Sonras\u0131 Hizmet<\/td>\n<td>\u00c7evrimi\u00e7i destek<\/td>\n<\/tr>\n<tr>\n<td>Yerel Hizmet Konumu<\/td>\n<td>Hi\u00e7biri<\/td>\n<\/tr>\n<tr>\n<td>Showroom Konumu<\/td>\n<td>Hi\u00e7biri<\/td>\n<\/tr>\n<tr>\n<td>Video giden-denetim<\/td>\n<td>Sa\u011fland\u0131<\/td>\n<\/tr>\n<tr>\n<td>Makine Test Raporu<\/td>\n<td>Sa\u011fland\u0131<\/td>\n<\/tr>\n<tr>\n<td>Pazarlama T\u00fcr\u00fc<\/td>\n<td>S\u0131radan \u00dcr\u00fcn<\/td>\n<\/tr>\n<tr>\n<td>\u00c7ekirdek bile\u015fenlerin garantisi<\/td>\n<td>Mevcut de\u011fil<\/td>\n<\/tr>\n<tr>\n<td>\u00c7ekirdek Bile\u015fenler<\/td>\n<td>Bas\u0131n\u00e7l\u0131 kap, paslanmaz filtre eleman\u0131<\/td>\n<\/tr>\n<tr>\n<td>Men\u015fe Yeri<\/td>\n<td>Guangdong, \u00c7in<\/td>\n<\/tr>\n<tr>\n<td>Marka Ad\u0131<\/td>\n<td>Lvyuan \/ OEM<\/td>\n<\/tr>\n<tr>\n<td>Malzeme<\/td>\n<td>paslanmaz \u00e7elik<\/td>\n<\/tr>\n<tr>\n<td>A\u011f\u0131rl\u0131k<\/td>\n<td>De\u011fi\u015fir<\/td>\n<\/tr>\n<tr>\n<td>Boyut<\/td>\n<td>De\u011fi\u015fir<\/td>\n<\/tr>\n<tr>\n<td>G\u00fc\u00e7<\/td>\n<td>0<\/td>\n<\/tr>\n<tr>\n<td>Garanti<\/td>\n<td>1 Y\u0131l<\/td>\n<\/tr>\n<tr>\n<td>Sa\u011flanan Sat\u0131\u015f Sonras\u0131 Hizmet<\/td>\n<td>\u00c7evrimi\u00e7i destek<\/td>\n<\/tr>\n<tr>\n<td>\u00dcr\u00fcn ad\u0131<\/td>\n<td>su fi\u0307ltresi\u0307 micropore end\u00fcstri\u0307yel<\/td>\n<\/tr>\n<tr>\n<td>Konut Malzemeleri<\/td>\n<td>ss304, 316, 316L<\/td>\n<\/tr>\n<tr>\n<td>Kartu\u015f filtre miktar\u0131<\/td>\n<td>1 - Se\u00e7enek i\u00e7in 160 ADET<\/td>\n<\/tr>\n<tr>\n<td>Filtre kartu\u015fu uzunlu\u011fu<\/td>\n<td>5, 10, 20, 30, 40, 60 in\u00e7, OEM<\/td>\n<\/tr>\n<tr>\n<td>Y\u00fczey i\u015fleme<\/td>\n<td>Cilal\u0131 &amp; Kumlama<\/td>\n<\/tr>\n<tr>\n<td>\u00dcst kapak tak\u0131l\u0131 tip<\/td>\n<td>Kald\u0131rma c\u0131vatalar\u0131 \/ Flan\u015f \/ Kelep\u00e7e tipi<\/td>\n<\/tr>\n<tr>\n<td>Kullan\u0131m<\/td>\n<td>su \/ sivi \/ \u015farap aritma tesi\u0307si\u0307<\/td>\n<\/tr>\n<tr>\n<td>Paket<\/td>\n<td>Tahta sand\u0131k<\/td>\n<\/tr>\n<tr>\n<td>Konekt\u00f6r tipi<\/td>\n<td>kod 0 3 6 7 8 9<\/td>\n<\/tr>\n<tr>\n<td>Sertifikasyon<\/td>\n<td>CE ISO SGS<\/td>\n<\/tr>\n<tr>\n<td>Tedarik Yetene\u011fi<\/td>\n<td>G\u00fcnde 500 Adet \/ Adet su filtresi mikro g\u00f6zenek<\/td>\n<\/tr>\n<\/tbody>\n<\/table>","protected":false},"featured_media":4730,"comment_status":"open","ping_status":"closed","template":"","meta":{"_gspb_post_css":""},"product_brand":[],"product_cat":[15],"product_tag":[1798,1794,1793,1796,1534,1797,265,1255,34,1795,1509],"class_list":{"0":"post-4728","1":"product","2":"type-product","3":"status-publish","4":"has-post-thumbnail","6":"product_cat-stainless-steel-filter-housing","7":"product_tag-and-easier-routine-maintenance","8":"product_tag-built-for-desalination-systems","9":"product_tag-desalination-filter-housing","10":"product_tag-high-salt-conditions-its-stainless-steel-build-supports-reliable-filtration","11":"product_tag-inversafilterpurification","12":"product_tag-longer-service-life","13":"product_tag-lvyuan","14":"product_tag-ss-cartridge-filter-housing","15":"product_tag-stainless-steel-filter-housing","16":"product_tag-this-lvyuan-ss-cartridge-filter-housing-keeps-water-clean-in-harsh","17":"product_tag-water-treatment-filter-housing","19":"first","20":"instock","21":"shipping-taxable","22":"product-type-simple"},"_links":{"self":[{"href":"https:\/\/lyfilter.com\/tr\/wp-json\/wp\/v2\/product\/4728","targetHints":{"allow":["GET"]}}],"collection":[{"href":"https:\/\/lyfilter.com\/tr\/wp-json\/wp\/v2\/product"}],"about":[{"href":"https:\/\/lyfilter.com\/tr\/wp-json\/wp\/v2\/types\/product"}],"replies":[{"embeddable":true,"href":"https:\/\/lyfilter.com\/tr\/wp-json\/wp\/v2\/comments?post=4728"}],"wp:featuredmedia":[{"embeddable":true,"href":"https:\/\/lyfilter.com\/tr\/wp-json\/wp\/v2\/media\/4730"}],"wp:attachment":[{"href":"https:\/\/lyfilter.com\/tr\/wp-json\/wp\/v2\/media?parent=4728"}],"wp:term":[{"taxonomy":"product_brand","embeddable":true,"href":"https:\/\/lyfilter.com\/tr\/wp-json\/wp\/v2\/product_brand?post=4728"},{"taxonomy":"product_cat","embeddable":true,"href":"https:\/\/lyfilter.com\/tr\/wp-json\/wp\/v2\/product_cat?post=4728"},{"taxonomy":"product_tag","embeddable":true,"href":"https:\/\/lyfilter.com\/tr\/wp-json\/wp\/v2\/product_tag?post=4728"}],"curies":[{"name":"wp","href":"https:\/\/api.w.org\/{rel}","templated":true}]}}