{"id":4703,"date":"2026-04-05T07:37:19","date_gmt":"2026-04-05T07:37:19","guid":{"rendered":"https:\/\/lyfilter.com\/"},"modified":"2026-04-05T07:37:19","modified_gmt":"2026-04-05T07:37:19","slug":"oem-size-activated-carbon-water-filter-for-drinking-water-chlorine-removal","status":"publish","type":"product","link":"https:\/\/lyfilter.com\/tr\/oem-size-activated-carbon-water-filter-for-drinking-water-chlorine-removal\/","title":{"rendered":"\u0130\u00e7me Suyu Klor Giderimi \u0130\u00e7in Oem Boyutu Aktif Karbon Su Filtresi"},"content":{"rendered":"<p>\u0130\u00e7me suyu sistemleri i\u00e7in \u00fcretilen bu OEM boyutundaki aktif karbon filtre, kloru azaltmaya yard\u0131mc\u0131 olur, daha temiz tad\u0131 destekler ve g\u00fcvenli bir \u015fekilde oturur. InversaFilterPurification, s\u00fcrekli filtreleme ve g\u00fcnl\u00fck ev kullan\u0131m\u0131 i\u00e7in pratik bir se\u00e7im sunar.<\/p>","protected":false},"excerpt":{"rendered":"<table>\n<thead>\n<tr>\n<th>Garanti Sonras\u0131 Hizmet<\/th>\n<th>\u00c7evrimi\u00e7i destek<\/th>\n<th>Yerel Hizmet Konumu<\/th>\n<th>Hi\u00e7biri<\/th>\n<th>Showroom Konumu<\/th>\n<th>Hi\u00e7biri<\/th>\n<\/tr>\n<\/thead>\n<tbody>\n<tr>\n<td>Video giden-denetim<\/td>\n<td>Sa\u011fland\u0131<\/td>\n<td>Makine Test Raporu<\/td>\n<td>Sa\u011fland\u0131<\/td>\n<td>Pazarlama T\u00fcr\u00fc<\/td>\n<td>S\u0131radan \u00dcr\u00fcn<\/td>\n<\/tr>\n<tr>\n<td>\u00c7ekirdek bile\u015fenlerin garantisi<\/td>\n<td>3 ay<\/td>\n<td>\u00c7ekirdek Bile\u015fenler<\/td>\n<td>Bas\u0131n\u00e7l\u0131 kap<\/td>\n<td>Men\u015fe Yeri<\/td>\n<td>Guangdong, \u00c7in<\/td>\n<\/tr>\n<tr>\n<td>Marka Ad\u0131<\/td>\n<td>Lvyuan veya OEM \/ ODM<\/td>\n<td>Malzeme<\/td>\n<td>hindistan cevizi karbonu, hindistan cevizi karbonu, k\u00f6m\u00fcr karbonu<\/td>\n<td>A\u011f\u0131rl\u0131k<\/td>\n<td>\u00f6zelle\u015ftirilmi\u015f<\/td>\n<\/tr>\n<tr>\n<td>Boyut<\/td>\n<td>\u00f6zelle\u015ftirilmi\u015f, \u00f6zelle\u015ftirilmi\u015f<\/td>\n<td>G\u00fc\u00e7<\/td>\n<td>0<\/td>\n<td>Garanti<\/td>\n<td>Kullan\u0131lam\u0131yor<\/td>\n<\/tr>\n<tr>\n<td>Anahtar Kelimeler<\/td>\n<td>aktif karbon su filtresi<\/td>\n<td>Sa\u011flanan Sat\u0131\u015f Sonras\u0131 Hizmet<\/td>\n<td>\u00c7evrimi\u00e7i destek<\/td>\n<td>\u00d6zellik<\/td>\n<td>koku, tortu, koku vb. giderir<\/td>\n<\/tr>\n<tr>\n<td>Uygulama<\/td>\n<td>\u00d6n filtreleme<\/td>\n<td>Renk<\/td>\n<td>Siyah\/gri<\/td>\n<td>Tip<\/td>\n<td>Su Filtresi Par\u00e7alar\u0131<\/td>\n<\/tr>\n<tr>\n<td>\u00c7ap<\/td>\n<td>\u00f6zelle\u015ftirilmi\u015f<\/td>\n<td>mikron oran\u0131<\/td>\n<td>5\/10\/25 mikron<\/td>\n<td>Tedarik Yetene\u011fi<\/td>\n<td>500 Adet\/Hafta ba\u015f\u0131na<\/td>\n<\/tr>\n<\/tbody>\n<\/table>","protected":false},"featured_media":4704,"comment_status":"open","ping_status":"closed","template":"","meta":{"_gspb_post_css":""},"product_brand":[],"product_cat":[1339],"product_tag":[1755,1781,1534,1780,1136,1165],"class_list":{"0":"post-4703","1":"product","2":"type-product","3":"status-publish","4":"has-post-thumbnail","6":"product_cat-carbon-filter","7":"product_tag-carbon-block-filter-cartridge","8":"product_tag-drinking-water-chlorine-removal","9":"product_tag-inversafilterpurification","10":"product_tag-oem-activated-carbon-water-filter","11":"product_tag-water-filter-locks","12":"product_tag-water-purifier-filter","14":"first","15":"instock","16":"shipping-taxable","17":"product-type-simple"},"_links":{"self":[{"href":"https:\/\/lyfilter.com\/tr\/wp-json\/wp\/v2\/product\/4703","targetHints":{"allow":["GET"]}}],"collection":[{"href":"https:\/\/lyfilter.com\/tr\/wp-json\/wp\/v2\/product"}],"about":[{"href":"https:\/\/lyfilter.com\/tr\/wp-json\/wp\/v2\/types\/product"}],"replies":[{"embeddable":true,"href":"https:\/\/lyfilter.com\/tr\/wp-json\/wp\/v2\/comments?post=4703"}],"wp:featuredmedia":[{"embeddable":true,"href":"https:\/\/lyfilter.com\/tr\/wp-json\/wp\/v2\/media\/4704"}],"wp:attachment":[{"href":"https:\/\/lyfilter.com\/tr\/wp-json\/wp\/v2\/media?parent=4703"}],"wp:term":[{"taxonomy":"product_brand","embeddable":true,"href":"https:\/\/lyfilter.com\/tr\/wp-json\/wp\/v2\/product_brand?post=4703"},{"taxonomy":"product_cat","embeddable":true,"href":"https:\/\/lyfilter.com\/tr\/wp-json\/wp\/v2\/product_cat?post=4703"},{"taxonomy":"product_tag","embeddable":true,"href":"https:\/\/lyfilter.com\/tr\/wp-json\/wp\/v2\/product_tag?post=4703"}],"curies":[{"name":"wp","href":"https:\/\/api.w.org\/{rel}","templated":true}]}}