{"id":4699,"date":"2026-04-05T07:25:28","date_gmt":"2026-04-05T07:25:28","guid":{"rendered":"https:\/\/lyfilter.com\/"},"modified":"2026-04-05T07:25:28","modified_gmt":"2026-04-05T07:25:28","slug":"china-factory-stainless-steel-sintered-folding-filter-tube","status":"publish","type":"product","link":"https:\/\/lyfilter.com\/tr\/china-factory-stainless-steel-sintered-folding-filter-tube\/","title":{"rendered":"\u00c7in Fabrika Paslanmaz \u00c7elik Sinterlenmi\u015f Katlan\u0131r Filtre T\u00fcp\u00fc"},"content":{"rendered":"<p>Zorlu filtreleme i\u015fleri i\u00e7in \u00fcretilen bu paslanmaz \u00e7elik sinterlenmi\u015f katlan\u0131r filtre borusu, g\u00fcvenli uyum, sabit ak\u0131\u015f ve dayan\u0131kl\u0131 kullan\u0131m sunar. InversaFilterPurification, sistemlerin her g\u00fcn daha temiz, daha sorunsuz ve daha kolay \u00e7al\u0131\u015fmas\u0131na yard\u0131mc\u0131 olur.<\/p>","protected":false},"excerpt":{"rendered":"<table>\n<thead>\n<tr>\n<th>Garanti Sonras\u0131 Hizmet<\/th>\n<th>\u00c7evrimi\u00e7i destek<\/th>\n<th>Yerel Hizmet Konumu<\/th>\n<th>Hi\u00e7biri<\/th>\n<th>Showroom Konumu<\/th>\n<th>Hi\u00e7biri<\/th>\n<\/tr>\n<\/thead>\n<tbody>\n<tr>\n<td>Video giden-denetim<\/td>\n<td>Sa\u011fland\u0131<\/td>\n<td>Makine Test Raporu<\/td>\n<td>Sa\u011fland\u0131<\/td>\n<td>Pazarlama T\u00fcr\u00fc<\/td>\n<td>S\u0131radan \u00dcr\u00fcn<\/td>\n<\/tr>\n<tr>\n<td>\u00c7ekirdek bile\u015fenlerin garantisi<\/td>\n<td>1 Y\u0131l<\/td>\n<td>\u00c7ekirdek Bile\u015fenler<\/td>\n<td>Bas\u0131n\u00e7l\u0131 kap<\/td>\n<td>Men\u015fe Yeri<\/td>\n<td>Guangdong, \u00c7in<\/td>\n<\/tr>\n<tr>\n<td>Marka Ad\u0131<\/td>\n<td>Lvyuan, OEM, ODM<\/td>\n<td>Garanti<\/td>\n<td>Kullan\u0131lam\u0131yor<\/td>\n<td>Sa\u011flanan Sat\u0131\u015f Sonras\u0131 Hizmet<\/td>\n<td>\u00c7evrimi\u00e7i destek<\/td>\n<\/tr>\n<tr>\n<td>Anahtar Kelimeler<\/td>\n<td>paslanmaz \u00e7elik sinterlenmi\u015f katlan\u0131r filtre t\u00fcp\u00fc<\/td>\n<td>\u00c7ap<\/td>\n<td>M\u00fc\u015fteri talebi<\/td>\n<td>Malzeme<\/td>\n<td>paslanmaz \u00e7elik<\/td>\n<\/tr>\n<tr>\n<td>\u015eekil<\/td>\n<td>Silindir<\/td>\n<td>Kullan\u0131m<\/td>\n<td>su ar\u0131tma<\/td>\n<td>Uygulama<\/td>\n<td>end\u00fcstri<\/td>\n<\/tr>\n<tr>\n<td>Renk<\/td>\n<td>\u015eerit<\/td>\n<td>Paketleme<\/td>\n<td>KA\u011eIT KUTU<\/td>\n<td>uzunluk<\/td>\n<td>10\/20\/30\/40 in\u00e7<\/td>\n<\/tr>\n<tr>\n<td>Avantaj<\/td>\n<td>yeniden kullan\u0131m<\/td>\n<td>Tedarik Yetene\u011fi<\/td>\n<td>Ay ba\u015f\u0131na 10000 Adet \/ Adet<\/td>\n<td><\/td>\n<td><\/td>\n<\/tr>\n<\/tbody>\n<\/table>","protected":false},"featured_media":4700,"comment_status":"open","ping_status":"closed","template":"","meta":{"_gspb_post_css":""},"product_brand":[],"product_cat":[1205],"product_tag":[1778,1777,1757,1534,1776,1136],"class_list":{"0":"post-4699","1":"product","2":"type-product","3":"status-publish","4":"has-post-thumbnail","6":"product_cat-stainless-steel-sintered-filter-cartridge","7":"product_tag-china-filter-factory","8":"product_tag-folding-filter-tube","9":"product_tag-industrial-metal-filter-cartridge","10":"product_tag-inversafilterpurification","11":"product_tag-stainless-steel-sintered-filter-tube","12":"product_tag-water-filter-locks","14":"first","15":"instock","16":"shipping-taxable","17":"product-type-simple"},"_links":{"self":[{"href":"https:\/\/lyfilter.com\/tr\/wp-json\/wp\/v2\/product\/4699","targetHints":{"allow":["GET"]}}],"collection":[{"href":"https:\/\/lyfilter.com\/tr\/wp-json\/wp\/v2\/product"}],"about":[{"href":"https:\/\/lyfilter.com\/tr\/wp-json\/wp\/v2\/types\/product"}],"replies":[{"embeddable":true,"href":"https:\/\/lyfilter.com\/tr\/wp-json\/wp\/v2\/comments?post=4699"}],"wp:featuredmedia":[{"embeddable":true,"href":"https:\/\/lyfilter.com\/tr\/wp-json\/wp\/v2\/media\/4700"}],"wp:attachment":[{"href":"https:\/\/lyfilter.com\/tr\/wp-json\/wp\/v2\/media?parent=4699"}],"wp:term":[{"taxonomy":"product_brand","embeddable":true,"href":"https:\/\/lyfilter.com\/tr\/wp-json\/wp\/v2\/product_brand?post=4699"},{"taxonomy":"product_cat","embeddable":true,"href":"https:\/\/lyfilter.com\/tr\/wp-json\/wp\/v2\/product_cat?post=4699"},{"taxonomy":"product_tag","embeddable":true,"href":"https:\/\/lyfilter.com\/tr\/wp-json\/wp\/v2\/product_tag?post=4699"}],"curies":[{"name":"wp","href":"https:\/\/api.w.org\/{rel}","templated":true}]}}