{"id":4697,"date":"2026-04-05T07:21:21","date_gmt":"2026-04-05T07:21:21","guid":{"rendered":"https:\/\/lyfilter.com\/"},"modified":"2026-04-05T07:21:21","modified_gmt":"2026-04-05T07:21:21","slug":"movable-stainless-steel-water-liquid-oil-wine-beer-honey-bag-filter-machine-with-1-2-3-4-5-stage-purification","status":"publish","type":"product","link":"https:\/\/lyfilter.com\/tr\/movable-stainless-steel-water-liquid-oil-wine-beer-honey-bag-filter-machine-with-1-2-3-4-5-stage-purification\/","title":{"rendered":"1\/2\/3\/4\/5 A\u015famal\u0131 Ar\u0131tma ile Hareketli Paslanmaz \u00c7elik Su \/ S\u0131v\u0131 \/ Ya\u011f \/ \u015earap \/ Bira \/ Bal Torbas\u0131 Filtre Makinesi"},"content":{"rendered":"<p>Esnek filtreleme i\u00e7in tasarlanan bu hareketli paslanmaz \u00e7elik torba filtre makinesi su, ya\u011f, \u015farap, bira ve bal\u0131 sabit ak\u0131\u015f ve ta\u015f\u0131ma ile i\u015fler. InversaFilterPurification, ak\u0131ll\u0131 a\u015fama se\u00e7enekleriyle daha temiz i\u015flemeyi destekler.<\/p>","protected":false},"excerpt":{"rendered":"<table>\n<thead>\n<tr>\n<th>Garanti Sonras\u0131 Hizmet<\/th>\n<th>\u00c7evrimi\u00e7i destek<\/th>\n<th>Yerel Hizmet Konumu<\/th>\n<th>Hi\u00e7biri<\/th>\n<th>Showroom Konumu<\/th>\n<th>Hi\u00e7biri<\/th>\n<\/tr>\n<\/thead>\n<tbody>\n<tr>\n<td>Video giden-denetim<\/td>\n<td>Sa\u011fland\u0131<\/td>\n<td>Makine Test Raporu<\/td>\n<td>Sa\u011fland\u0131<\/td>\n<td>Pazarlama T\u00fcr\u00fc<\/td>\n<td>S\u0131radan \u00dcr\u00fcn<\/td>\n<\/tr>\n<tr>\n<td>\u00c7ekirdek bile\u015fenlerin garantisi<\/td>\n<td>1 Y\u0131l<\/td>\n<td>\u00c7ekirdek Bile\u015fenler<\/td>\n<td>Bas\u0131n\u00e7l\u0131 kap<\/td>\n<td>Men\u015fe Yeri<\/td>\n<td>\u00c7in<\/td>\n<\/tr>\n<tr>\n<td>Marka Ad\u0131<\/td>\n<td>Lvyuan \/ OEM<\/td>\n<td>Garanti<\/td>\n<td>Kullan\u0131lam\u0131yor<\/td>\n<td>Sa\u011flanan Sat\u0131\u015f Sonras\u0131 Hizmet<\/td>\n<td>\u00c7evrimi\u00e7i destek<\/td>\n<\/tr>\n<tr>\n<td>\u00dcr\u00fcn ad\u0131<\/td>\n<td>\u015farap fi\u0307ltre maki\u0307nesi\u0307<\/td>\n<td>muhafaza malzemesi<\/td>\n<td>ss304, sus 316, ss316L<\/td>\n<td>torba fi\u0307ltre mi\u0307ktari<\/td>\n<td>Tekli veya \u00e7oklu torbalar \u00f6zelle\u015ftirilmi\u015f<\/td>\n<\/tr>\n<tr>\n<td>\u00c7anta boyutu<\/td>\n<td>180<em>450 mm veya 180<\/em>810 mm, di\u011fer<\/td>\n<td>Giri\u015f ve \u00c7\u0131k\u0131\u015f tipi<\/td>\n<td>Flan\u015f\/di\u015f ba\u011flant\u0131s\u0131<\/td>\n<td>Filtre torbas\u0131 malzemesi<\/td>\n<td>PP, PE, \u00f6zelle\u015ftirilmi\u015f<\/td>\n<\/tr>\n<tr>\n<td>Maks. \u00e7al\u0131\u015fma bas\u0131nc\u0131<\/td>\n<td>100\/150\/300 Psi<\/td>\n<td>Kullan\u0131m<\/td>\n<td>s\u0131v\u0131 filtrasyonu<\/td>\n<td>\u00c7anta numaras\u0131<\/td>\n<td>#1, 2, 3, 4, 5, OEM<\/td>\n<\/tr>\n<tr>\n<td>taraf\u0131ndan konut clousure<\/td>\n<td>h\u0131zl\u0131 c\u0131vata, kelep\u00e7e, flan\u015f<\/td>\n<td>Tedarik Yetene\u011fi<\/td>\n<td>1500 Adet \/ Adet her Ay ya\u011f filtresi makinesi<\/td>\n<td><\/td>\n<td><\/td>\n<\/tr>\n<\/tbody>\n<\/table>","protected":false},"featured_media":4698,"comment_status":"open","ping_status":"closed","template":"","meta":{"_gspb_post_css":""},"product_brand":[],"product_cat":[15],"product_tag":[1534,1773,1774,1772,1136,1775],"class_list":{"0":"post-4697","1":"product","2":"type-product","3":"status-publish","4":"has-post-thumbnail","6":"product_cat-stainless-steel-filter-housing","7":"product_tag-inversafilterpurification","8":"product_tag-movable-liquid-filter-system","9":"product_tag-multi-stage-purification-filter","10":"product_tag-stainless-steel-bag-filter-machine","11":"product_tag-water-filter-locks","12":"product_tag-wine-beer-honey-filter","14":"first","15":"instock","16":"shipping-taxable","17":"product-type-simple"},"_links":{"self":[{"href":"https:\/\/lyfilter.com\/tr\/wp-json\/wp\/v2\/product\/4697","targetHints":{"allow":["GET"]}}],"collection":[{"href":"https:\/\/lyfilter.com\/tr\/wp-json\/wp\/v2\/product"}],"about":[{"href":"https:\/\/lyfilter.com\/tr\/wp-json\/wp\/v2\/types\/product"}],"replies":[{"embeddable":true,"href":"https:\/\/lyfilter.com\/tr\/wp-json\/wp\/v2\/comments?post=4697"}],"wp:featuredmedia":[{"embeddable":true,"href":"https:\/\/lyfilter.com\/tr\/wp-json\/wp\/v2\/media\/4698"}],"wp:attachment":[{"href":"https:\/\/lyfilter.com\/tr\/wp-json\/wp\/v2\/media?parent=4697"}],"wp:term":[{"taxonomy":"product_brand","embeddable":true,"href":"https:\/\/lyfilter.com\/tr\/wp-json\/wp\/v2\/product_brand?post=4697"},{"taxonomy":"product_cat","embeddable":true,"href":"https:\/\/lyfilter.com\/tr\/wp-json\/wp\/v2\/product_cat?post=4697"},{"taxonomy":"product_tag","embeddable":true,"href":"https:\/\/lyfilter.com\/tr\/wp-json\/wp\/v2\/product_tag?post=4697"}],"curies":[{"name":"wp","href":"https:\/\/api.w.org\/{rel}","templated":true}]}}