{"id":4692,"date":"2026-04-05T07:15:49","date_gmt":"2026-04-05T07:15:49","guid":{"rendered":"https:\/\/lyfilter.com\/"},"modified":"2026-04-05T07:15:49","modified_gmt":"2026-04-05T07:15:49","slug":"hand-trolley-stainless-steel-10-microns-housing-filter-17-stage-304-316l-cartridge-water-filter-system-with-gas-air-driven-pump","status":"publish","type":"product","link":"https:\/\/lyfilter.com\/tr\/hand-trolley-stainless-steel-10-microns-housing-filter-17-stage-304-316l-cartridge-water-filter-system-with-gas-air-driven-pump\/","title":{"rendered":"El Arabas\u0131 Paslanmaz \u00c7elik 10 Mikron Muhafaza Filtresi 1 ~ 7 A\u015famal\u0131 304 316L Kartu\u015f Su Filtresi Sistemi Gazl\u0131 Hava Tahrikli Pompa ile"},"content":{"rendered":"<p>El arabas\u0131 paslanmaz \u00e7elik 10 mikron g\u00f6vde filtresi 1 ~ 7 kademeli 304 316L kartu\u015f su filtre sistemi, gaz hava tahrikli pompa ile. Hareketli filtre, \u00f6n filtre, ya\u011f pompas\u0131 ve filtrasyon \u00fcnitesinden olu\u015fur, bir filtre i\u00e7in \u00f6n filtre<\/p>\n<p>metal a\u011f, b\u00fcy\u00fck kat\u0131lar\u0131n pompaya girmesini \u00f6nlemek i\u00e7in, ya\u011f pompas\u0131 genellikle di\u015fli pompad\u0131r, safla\u015ft\u0131r\u0131lmam\u0131\u015f<\/p>\n<p>Filtre cihaz\u0131, k\u00fc\u00e7\u00fck bir manuel s\u0131k\u0131\u015ft\u0131rma plakas\u0131 ve \u00e7er\u00e7eve filtre presidir,<\/p>\n<p>filtre ortam\u0131 olarak \u00f6zel filtre ka\u011f\u0131d\u0131 kullan\u0131r. Ya\u011f pompas\u0131n\u0131n bas\u0131n\u00e7 yard\u0131m\u0131 alt\u0131nda, ar\u0131t\u0131lmam\u0131\u015f ya\u011f<\/p>\n<p>plaka ve \u00e7er\u00e7eve filtre presi, filtre ka\u011f\u0131d\u0131ndan ge\u00e7tikten sonra saf bir filtre ya\u011f\u0131 olacakt\u0131r. Kat\u0131 kirlilikler<\/p>\n<p>Filtre ka\u011f\u0131d\u0131 y\u00fczeyinde s\u0131k\u0131\u015fan az miktarda su, filtre ka\u011f\u0131d\u0131n\u0131n y\u00fcn stomas\u0131 taraf\u0131ndan emilir.<\/p>\n<p>Filtre \u00fczerinde \u00e7ok fazla biriken kirlilik oldu\u011funda filtrasyon bas\u0131nc\u0131 normalde 0,3MPa'n\u0131n \u00fczerinde de\u011fildir<\/p>\n<p>ka\u011f\u0131t y\u00fczeyi, filtre bas\u0131nc\u0131 0,35 MPa'ya y\u00fckseltildi\u011finde veya filtre ka\u011f\u0131d\u0131 emiliminin nemi<\/p>\n<p>Doygunluk durumuna yak\u0131n, ya\u011f filtresinde kalan nem art\u0131k d\u00fc\u015fmez, filtre ka\u011f\u0131d\u0131 de\u011fi\u015ftirilmelidir. Ya\u011f y\u00fcksek viskoziteye sahip oldu\u011funda, yeniden kullan\u0131m i\u00e7in viskoziteyi azaltmak amac\u0131yla tekrar \u00f6n \u0131s\u0131tma yap\u0131labilir.<\/p>\n<p>Bu t\u00fcr ya\u011f filtresi makinesi kat\u0131 kirleri ve az miktarda suyu \u00e7\u0131karabilir, genel elektrik ya\u011f\u0131 ve ya\u011flama ya\u011f\u0131 ar\u0131t\u0131m\u0131 i\u00e7in uygundur.<\/p>","protected":false},"excerpt":{"rendered":"<table>\n<thead>\n<tr>\n<th>Uygulanabilir Sekt\u00f6rler<\/th>\n<th>\u00dcretim Tesisi, Yiyecek ve \u0130\u00e7ecek Fabrikas\u0131, \u00c7iftlikler, Restoran, Yiyecek D\u00fckkan\u0131, Enerji ve Madencilik, Yiyecek ve \u0130\u00e7ecek Ma\u011fazalar\u0131<\/th>\n<th>Men\u015fe Yeri<\/th>\n<th>Guangdong, \u00c7in<\/th>\n<th>Marka Ad\u0131<\/th>\n<th>Lvyuan\/OEM<\/th>\n<\/tr>\n<\/thead>\n<tbody>\n<tr>\n<td>Malzeme<\/td>\n<td>\u00d6zelle\u015ftirilmi\u015f<\/td>\n<td>A\u011f\u0131rl\u0131k<\/td>\n<td>\u00d6zelle\u015ftirilmi\u015f<\/td>\n<td>Boyut<\/td>\n<td>\u00d6zelle\u015ftirilmi\u015f<\/td>\n<\/tr>\n<tr>\n<td>G\u00fc\u00e7<\/td>\n<td>\u00d6zelle\u015ftirilmi\u015f<\/td>\n<td>Garanti<\/td>\n<td>1 Y\u0131l<\/td>\n<td>Sa\u011flanan Sat\u0131\u015f Sonras\u0131 Hizmet<\/td>\n<td>\u00c7evrimi\u00e7i destek<\/td>\n<\/tr>\n<tr>\n<td>Model Ad\u0131<\/td>\n<td>Paslanmaz \u00e7elik g\u00f6vde filtresi 1~7 kademeli kartu\u015f su filtre sistemi<\/td>\n<td>Uzunluk<\/td>\n<td>10 in\u00e7 20 in\u00e7 30 in\u00e7 40 in\u00e7<\/td>\n<td>Kullan\u0131m<\/td>\n<td>Ya\u011f\/gaz\/hava\/s\u0131v\u0131 su filtrasyonu<\/td>\n<\/tr>\n<tr>\n<td>Ana g\u00f6vde malzemesi<\/td>\n<td>Paslanmaz \u00e7elik 304 \/ 316L<\/td>\n<td>Filtre muhafazas\u0131 tipi<\/td>\n<td>Borulu<\/td>\n<td>Prensip<\/td>\n<td>Bas\u0131n\u00e7 filtrasyonu<\/td>\n<\/tr>\n<tr>\n<td>A\u015famalar<\/td>\n<td>1 - 7 a\u015fama<\/td>\n<td>Paketleme<\/td>\n<td>Netural ambalaj veya tahta sand\u0131k<\/td>\n<td>Filtre<\/td>\n<td>Torba filtre &amp; Kartu\u015f filtre<\/td>\n<\/tr>\n<tr>\n<td>Araba<\/td>\n<td>Paslanmaz \u00e7elik 304\/316L<\/td>\n<td>Tedarik Yetene\u011fi<\/td>\n<td>G\u00fcnde 100 Adet \/ Adet<\/td>\n<td><\/td>\n<td><\/td>\n<\/tr>\n<\/tbody>\n<\/table>","protected":false},"featured_media":4693,"comment_status":"open","ping_status":"closed","template":"","meta":{"_gspb_post_css":""},"product_brand":[],"product_cat":[15],"product_tag":[1768,1769,1767,1534,292,1136],"class_list":{"0":"post-4692","1":"product","2":"type-product","3":"status-publish","4":"has-post-thumbnail","6":"product_cat-stainless-steel-filter-housing","7":"product_tag-10-micron-cartridge-filter","8":"product_tag-gas-air-driven-pump-filter","9":"product_tag-hand-trolley-water-filter-system","10":"product_tag-inversafilterpurification","11":"product_tag-stainless-steel-housing-filter","12":"product_tag-water-filter-locks","14":"first","15":"instock","16":"shipping-taxable","17":"product-type-simple"},"_links":{"self":[{"href":"https:\/\/lyfilter.com\/tr\/wp-json\/wp\/v2\/product\/4692","targetHints":{"allow":["GET"]}}],"collection":[{"href":"https:\/\/lyfilter.com\/tr\/wp-json\/wp\/v2\/product"}],"about":[{"href":"https:\/\/lyfilter.com\/tr\/wp-json\/wp\/v2\/types\/product"}],"replies":[{"embeddable":true,"href":"https:\/\/lyfilter.com\/tr\/wp-json\/wp\/v2\/comments?post=4692"}],"wp:featuredmedia":[{"embeddable":true,"href":"https:\/\/lyfilter.com\/tr\/wp-json\/wp\/v2\/media\/4693"}],"wp:attachment":[{"href":"https:\/\/lyfilter.com\/tr\/wp-json\/wp\/v2\/media?parent=4692"}],"wp:term":[{"taxonomy":"product_brand","embeddable":true,"href":"https:\/\/lyfilter.com\/tr\/wp-json\/wp\/v2\/product_brand?post=4692"},{"taxonomy":"product_cat","embeddable":true,"href":"https:\/\/lyfilter.com\/tr\/wp-json\/wp\/v2\/product_cat?post=4692"},{"taxonomy":"product_tag","embeddable":true,"href":"https:\/\/lyfilter.com\/tr\/wp-json\/wp\/v2\/product_tag?post=4692"}],"curies":[{"name":"wp","href":"https:\/\/api.w.org\/{rel}","templated":true}]}}