{"id":4683,"date":"2026-04-05T07:10:33","date_gmt":"2026-04-05T07:10:33","guid":{"rendered":"https:\/\/lyfilter.com\/"},"modified":"2026-04-05T07:10:33","modified_gmt":"2026-04-05T07:10:33","slug":"30-40-inch-pp-spun-water-filter-cartridge-with-core-for-stainless-steel-filter-housing-2","status":"publish","type":"product","link":"https:\/\/lyfilter.com\/tr\/30-40-inch-pp-spun-water-filter-cartridge-with-core-for-stainless-steel-filter-housing-2\/","title":{"rendered":"Paslanmaz \u00c7elik Filtre Muhafazas\u0131 \u0130\u00e7in \u00c7ekirdekli 30 40 \u201d\u0130n\u00e7 PP B\u00fck\u00fclm\u00fc\u015f Su Filtresi Kartu\u015fu"},"content":{"rendered":"<p>Filtrasyon kurulumlar\u0131 i\u00e7in tasarlanan bu 30-40 in\u00e7 PP spun kartu\u015f, paslanmaz \u00e7elik muhafazalara g\u00fcvenli bir \u015fekilde uyar. InversaFilterPurification, su filtrasyonu i\u00e7in sabit ak\u0131\u015f\u0131, daha temiz suyu ve g\u00fcvenilir performans\u0131 desteklemeye yard\u0131mc\u0131 olur.<\/p>","protected":false},"excerpt":{"rendered":"<table>\n<thead>\n<tr>\n<th>Men\u015fe Yeri<\/th>\n<th>Guangdong, \u00c7in<\/th>\n<th>Marka Ad\u0131<\/th>\n<th>Lvyuan \/ OEM<\/th>\n<th>Malzeme<\/th>\n<th>poli\u0307propi\u0307len<\/th>\n<\/tr>\n<\/thead>\n<tbody>\n<tr>\n<td>A\u011f\u0131rl\u0131k<\/td>\n<td>ba\u011fl\u0131d\u0131r<\/td>\n<td>Boyut<\/td>\n<td>standart veya \u00f6zelle\u015fti\u0307rme<\/td>\n<td>G\u00fc\u00e7<\/td>\n<td>0<\/td>\n<\/tr>\n<tr>\n<td>Garanti<\/td>\n<td>Kullan\u0131lam\u0131yor<\/td>\n<td>\u00dcr\u00fcn ad\u0131<\/td>\n<td>40\u201d pp spun filtre kartu\u015fu<\/td>\n<td>Mikron Oran\u0131<\/td>\n<td>1\/3\/5\/10\/25\/50\/75\/100 mikron filtre kartu\u015fu<\/td>\n<\/tr>\n<tr>\n<td>Sertifikasyon<\/td>\n<td>CE SGS<\/td>\n<td>uygulama<\/td>\n<td>su filtresi par\u00e7alar\u0131, Ters Osmoz<\/td>\n<td>Uzunluk<\/td>\n<td>5\u2033, 10\u2033, 20\u2033, 30\u2033, 40\u2033, 50\u201d in\u00e7<\/td>\n<\/tr>\n<tr>\n<td>Filtre Ortam\u0131<\/td>\n<td>Polipropilen PP b\u00fck\u00fclm\u00fc\u015f<\/td>\n<td>U\u00e7 Kapa\u011f\u0131<\/td>\n<td>DOE\/222Fin\/226Fin\/222Flat\/226Flat<\/td>\n<td>Conta\/O halka malzemesi<\/td>\n<td>Silikon\/EPDM\/Viton<\/td>\n<\/tr>\n<tr>\n<td>Kullan\u0131m<\/td>\n<td>S\u0131v\u0131 Kartu\u015f filtre<\/td>\n<td>\u0130\u00e7 \u00e7ekirdek<\/td>\n<td>PP, paslanmaz \u00e7elik, yok<\/td>\n<td>Sa\u011flanan Sat\u0131\u015f Sonras\u0131 Hizmet<\/td>\n<td>\u00c7evrimi\u00e7i destek<\/td>\n<\/tr>\n<tr>\n<td>Tedarik Yetene\u011fi<\/td>\n<td>G\u00fcnde 5000 Adet \/ Adet b\u00fck\u00fclm\u00fc\u015f filtre kartu\u015fu<\/td>\n<td><\/td>\n<td><\/td>\n<td><\/td>\n<td><\/td>\n<\/tr>\n<\/tbody>\n<\/table>","protected":false},"featured_media":4691,"comment_status":"open","ping_status":"closed","template":"","meta":{"_gspb_post_css":""},"product_brand":[],"product_cat":[23],"product_tag":[1765,1534,1764,34,1766,1136],"class_list":{"0":"post-4683","1":"product","2":"type-product","3":"status-publish","4":"has-post-thumbnail","6":"product_cat-pp-filter-cartridge","7":"product_tag-30-40-inch-filter-cartridge","8":"product_tag-inversafilterpurification","9":"product_tag-pp-spun-water-filter-cartridge","10":"product_tag-stainless-steel-filter-housing","11":"product_tag-water-filter-cartridge-with-core","12":"product_tag-water-filter-locks","14":"first","15":"instock","16":"shipping-taxable","17":"product-type-simple"},"_links":{"self":[{"href":"https:\/\/lyfilter.com\/tr\/wp-json\/wp\/v2\/product\/4683","targetHints":{"allow":["GET"]}}],"collection":[{"href":"https:\/\/lyfilter.com\/tr\/wp-json\/wp\/v2\/product"}],"about":[{"href":"https:\/\/lyfilter.com\/tr\/wp-json\/wp\/v2\/types\/product"}],"replies":[{"embeddable":true,"href":"https:\/\/lyfilter.com\/tr\/wp-json\/wp\/v2\/comments?post=4683"}],"wp:featuredmedia":[{"embeddable":true,"href":"https:\/\/lyfilter.com\/tr\/wp-json\/wp\/v2\/media\/4691"}],"wp:attachment":[{"href":"https:\/\/lyfilter.com\/tr\/wp-json\/wp\/v2\/media?parent=4683"}],"wp:term":[{"taxonomy":"product_brand","embeddable":true,"href":"https:\/\/lyfilter.com\/tr\/wp-json\/wp\/v2\/product_brand?post=4683"},{"taxonomy":"product_cat","embeddable":true,"href":"https:\/\/lyfilter.com\/tr\/wp-json\/wp\/v2\/product_cat?post=4683"},{"taxonomy":"product_tag","embeddable":true,"href":"https:\/\/lyfilter.com\/tr\/wp-json\/wp\/v2\/product_tag?post=4683"}],"curies":[{"name":"wp","href":"https:\/\/api.w.org\/{rel}","templated":true}]}}