{"id":4662,"date":"2026-04-05T06:49:02","date_gmt":"2026-04-05T06:49:02","guid":{"rendered":"https:\/\/lyfilter.com\/"},"modified":"2026-04-05T06:49:02","modified_gmt":"2026-04-05T06:49:02","slug":"lvyuan-water-filter-wholesaler-for-industrysafe-carbon-block-filter-cartridge-exporter-for-water-purifier","status":"publish","type":"product","link":"https:\/\/lyfilter.com\/tr\/lvyuan-water-filter-wholesaler-for-industrysafe-carbon-block-filter-cartridge-exporter-for-water-purifier\/","title":{"rendered":"Industrysafe Karbon Blok Filtre Kartu\u015fu \u0130\u00e7in Lvyuan Su Filtresi Toptanc\u0131s\u0131 Su Ar\u0131tma Cihaz\u0131 \u0130\u00e7in \u0130hracat\u00e7\u0131"},"content":{"rendered":"<p><b>\u015eirket Avantajlar\u0131<\/b><br \/>\n<b>1.<\/b>\u00a0Lvyuan aktif karbon blok filtre kartu\u015fu, en kaliteli malzemelerden ve profesyonel \u00e7al\u0131\u015fanlardan \u00fcretilmi\u015ftir. \u00d6zel gereksinimlere uyacak \u015fekilde \u00f6zelle\u015ftirilmi\u015f u\u00e7 kapak konfig\u00fcrasyonlar\u0131 mevcuttur<br \/>\n<b>2.<\/b>\u00a0Firma kalite bilinci de karbon blok filtre kartu\u015funun y\u00fcksek kalitesine katk\u0131da bulunan bir fakt\u00f6rd\u00fcr. Geni\u015f bir etkili filtre alan\u0131na sahiptir<br \/>\n<b>3.<\/b>\u00a0Aktif karbon blok filtre kartu\u015fu, karbon blok filtre kartu\u015funun i\u015flevlerini optimize ederek verimlili\u011fi de art\u0131r\u0131r. Geli\u015fmi\u015f verimlilik i\u00e7in t\u00fcm kesit boyunca kirleticileri yakalamaya yard\u0131mc\u0131 olmak \u00fczere kademeli g\u00f6zeneklerle tasarlanm\u0131\u015ft\u0131r<br \/>\n<b>4.<\/b>\u00a0Lvyuan, karbon blok filtre kartu\u015funun bak\u0131m\u0131n\u0131 kolayla\u015ft\u0131rmak i\u00e7in geli\u015fmi\u015f geli\u015fmi\u015f deneyimi benimser. Filtre ortam\u0131, uygulamadaki farkl\u0131 su kalitesine g\u00f6re \u00f6zelle\u015ftirilebilir.<\/p>","protected":false},"excerpt":{"rendered":"<table>\n<thead>\n<tr>\n<th>Uygulanabilir Sekt\u00f6rler<\/th>\n<th>\u00dcretim Tesisi, Yiyecek ve \u0130\u00e7ecek Fabrikas\u0131, su ar\u0131tma<\/th>\n<th>Garanti Sonras\u0131 Hizmet<\/th>\n<th>\u00c7evrimi\u00e7i destek<\/th>\n<th>Yerel Hizmet Konumu<\/th>\n<th>Hi\u00e7biri<\/th>\n<\/tr>\n<\/thead>\n<tbody>\n<tr>\n<td>Showroom Konumu<\/td>\n<td>Hi\u00e7biri<\/td>\n<td>Men\u015fe Yeri<\/td>\n<td>Guangdong, \u00c7in<\/td>\n<td>Marka Ad\u0131<\/td>\n<td>Lvyuan veya OEM \/ ODM<\/td>\n<\/tr>\n<tr>\n<td>Malzeme<\/td>\n<td>hindistan cevizi karbonu, hindistan cevizi karbonu, k\u00f6m\u00fcr karbonu<\/td>\n<td>A\u011f\u0131rl\u0131k<\/td>\n<td>\u00f6zelle\u015ftirilmi\u015f<\/td>\n<td>Boyut<\/td>\n<td>\u00f6zelle\u015ftirilmi\u015f, \u00f6zelle\u015ftirilmi\u015f<\/td>\n<\/tr>\n<tr>\n<td>G\u00fc\u00e7<\/td>\n<td>0<\/td>\n<td>Garanti<\/td>\n<td>Kullan\u0131lam\u0131yor<\/td>\n<td>Anahtar Kelimeler<\/td>\n<td>aktif karbon hindistan cevizi kabu\u011fu filtresi<\/td>\n<\/tr>\n<tr>\n<td>Sa\u011flanan Sat\u0131\u015f Sonras\u0131 Hizmet<\/td>\n<td>\u00c7evrimi\u00e7i destek<\/td>\n<td>\u00d6zellik<\/td>\n<td>koku, tortu, koku vb. giderir<\/td>\n<td>Uygulama<\/td>\n<td>\u00d6n filtreleme<\/td>\n<\/tr>\n<tr>\n<td>Renk<\/td>\n<td>Siyah\/gri<\/td>\n<td>Tip<\/td>\n<td>Su Filtresi Par\u00e7alar\u0131<\/td>\n<td>\u00c7ap<\/td>\n<td>\u00f6zelle\u015ftirilmi\u015f<\/td>\n<\/tr>\n<tr>\n<td>mikron oran\u0131<\/td>\n<td>5\/10\/25 mikron<\/td>\n<td>Tedarik Yetene\u011fi<\/td>\n<td>500 Adet\/Hafta ba\u015f\u0131na<\/td>\n<td><\/td>\n<td><\/td>\n<\/tr>\n<\/tbody>\n<\/table>","protected":false},"featured_media":4665,"comment_status":"open","ping_status":"closed","template":"","meta":{"_gspb_post_css":""},"product_brand":[],"product_cat":[1339],"product_tag":[1755,38,1534,1176,1136,1756],"class_list":{"0":"post-4662","1":"product","2":"type-product","3":"status-publish","4":"has-post-thumbnail","6":"product_cat-carbon-filter","7":"product_tag-carbon-block-filter-cartridge","8":"product_tag-industrial-water-filtration","9":"product_tag-inversafilterpurification","10":"product_tag-lvyuan-water-filter","11":"product_tag-water-filter-locks","12":"product_tag-water-purifier-filter-exporter","14":"first","15":"instock","16":"shipping-taxable","17":"product-type-simple"},"_links":{"self":[{"href":"https:\/\/lyfilter.com\/tr\/wp-json\/wp\/v2\/product\/4662","targetHints":{"allow":["GET"]}}],"collection":[{"href":"https:\/\/lyfilter.com\/tr\/wp-json\/wp\/v2\/product"}],"about":[{"href":"https:\/\/lyfilter.com\/tr\/wp-json\/wp\/v2\/types\/product"}],"replies":[{"embeddable":true,"href":"https:\/\/lyfilter.com\/tr\/wp-json\/wp\/v2\/comments?post=4662"}],"wp:featuredmedia":[{"embeddable":true,"href":"https:\/\/lyfilter.com\/tr\/wp-json\/wp\/v2\/media\/4665"}],"wp:attachment":[{"href":"https:\/\/lyfilter.com\/tr\/wp-json\/wp\/v2\/media?parent=4662"}],"wp:term":[{"taxonomy":"product_brand","embeddable":true,"href":"https:\/\/lyfilter.com\/tr\/wp-json\/wp\/v2\/product_brand?post=4662"},{"taxonomy":"product_cat","embeddable":true,"href":"https:\/\/lyfilter.com\/tr\/wp-json\/wp\/v2\/product_cat?post=4662"},{"taxonomy":"product_tag","embeddable":true,"href":"https:\/\/lyfilter.com\/tr\/wp-json\/wp\/v2\/product_tag?post=4662"}],"curies":[{"name":"wp","href":"https:\/\/api.w.org\/{rel}","templated":true}]}}