{"id":4653,"date":"2026-04-05T06:43:27","date_gmt":"2026-04-05T06:43:27","guid":{"rendered":"https:\/\/lyfilter.com\/"},"modified":"2026-04-05T06:43:27","modified_gmt":"2026-04-05T06:43:27","slug":"industrial-large-flux-cartridges-pleated-cartridge-filter-high-flow-filter-cartridge-for-r-o-water-purification-system","status":"publish","type":"product","link":"https:\/\/lyfilter.com\/tr\/industrial-large-flux-cartridges-pleated-cartridge-filter-high-flow-filter-cartridge-for-r-o-water-purification-system\/","title":{"rendered":"End\u00fcstriyel B\u00fcy\u00fck Ak\u0131 Kartu\u015flar\u0131 Pileli Kartu\u015f Filtre R.O Su Ar\u0131tma Sistemi \u0130\u00e7in Y\u00fcksek Ak\u0131\u015fl\u0131 Filtre Kartu\u015fu"},"content":{"rendered":"<p>Zorlu filtreleme ihtiya\u00e7lar\u0131 i\u00e7in tasarlanan bu pileli y\u00fcksek ak\u0131\u015fl\u0131 kartu\u015f, istikrarl\u0131 performans, b\u00fcy\u00fck ak\u0131 kapasitesi ve end\u00fcstriyel su sistemlerinin daha uzun s\u00fcre daha temiz kalmas\u0131na yard\u0131mc\u0131 olan g\u00fcvenli bir uyum ile R.O su ar\u0131tmay\u0131 destekler.<\/p>","protected":false},"excerpt":{"rendered":"<table>\n<thead>\n<tr>\n<th>Saha<\/th>\n<th>De\u011fer<\/th>\n<\/tr>\n<\/thead>\n<tbody>\n<tr>\n<td>Garanti Sonras\u0131 Hizmet<\/td>\n<td>\u00c7evrimi\u00e7i destek<\/td>\n<\/tr>\n<tr>\n<td>Yerel Hizmet Konumu<\/td>\n<td>Hi\u00e7biri<\/td>\n<\/tr>\n<tr>\n<td>Showroom Konumu<\/td>\n<td>Hi\u00e7biri<\/td>\n<\/tr>\n<tr>\n<td>Video giden-denetim<\/td>\n<td>Sa\u011fland\u0131<\/td>\n<\/tr>\n<tr>\n<td>Makine Test Raporu<\/td>\n<td>Mevcut de\u011fil<\/td>\n<\/tr>\n<tr>\n<td>Pazarlama T\u00fcr\u00fc<\/td>\n<td>S\u0131radan \u00dcr\u00fcn<\/td>\n<\/tr>\n<tr>\n<td>\u00c7ekirdek bile\u015fenlerin garantisi<\/td>\n<td>Mevcut de\u011fil<\/td>\n<\/tr>\n<tr>\n<td>Men\u015fe Yeri<\/td>\n<td>Guangdong, \u00c7in<\/td>\n<\/tr>\n<tr>\n<td>Marka Ad\u0131<\/td>\n<td>Lvyuan \/ OEM<\/td>\n<\/tr>\n<tr>\n<td>Malzeme<\/td>\n<td>karton<\/td>\n<\/tr>\n<tr>\n<td>A\u011f\u0131rl\u0131k<\/td>\n<td>ba\u011fl\u0131d\u0131r<\/td>\n<\/tr>\n<tr>\n<td>Boyut<\/td>\n<td>ba\u011fl\u0131d\u0131r<\/td>\n<\/tr>\n<tr>\n<td>G\u00fc\u00e7<\/td>\n<td>0<\/td>\n<\/tr>\n<tr>\n<td>Garanti<\/td>\n<td>Kullan\u0131lam\u0131yor<\/td>\n<\/tr>\n<tr>\n<td>\u00dcr\u00fcn ad\u0131<\/td>\n<td>y\u00fcksek aki\u015fli fi\u0307ltre kartu\u015fu<\/td>\n<\/tr>\n<tr>\n<td>Mikron Oran\u0131<\/td>\n<td>1, 5, 10 ila 100 mikron<\/td>\n<\/tr>\n<tr>\n<td>Uzunluk<\/td>\n<td>20\u2033, 40\u2033, 60\u201d in\u00e7<\/td>\n<\/tr>\n<tr>\n<td>Filtre Ortam\u0131<\/td>\n<td>PP, Eriyik \u00dcflemeli PP, Sel\u00fcloz<\/td>\n<\/tr>\n<tr>\n<td>Kod \/ U\u00e7 Kapa\u011f\u0131<\/td>\n<td>cam elyaf takviyeli polipropilen<\/td>\n<\/tr>\n<tr>\n<td>Kullan\u0131m<\/td>\n<td>s\u0131v\u0131 filtre elemanlar\u0131, su filtresi par\u00e7alar\u0131<\/td>\n<\/tr>\n<tr>\n<td>\u0130\u00e7 \u00e7ekirdek<\/td>\n<td>PP veya cam elyaf<\/td>\n<\/tr>\n<tr>\n<td>Sertifikasyon<\/td>\n<td>CE ISO<\/td>\n<\/tr>\n<tr>\n<td>\u00c7ap<\/td>\n<td>6\u201d, 152mm \/ 6,5\u201d, 165mm<\/td>\n<\/tr>\n<tr>\n<td>De\u011fi\u015ftirme<\/td>\n<td>P\/ALL PARK\/ER 3\/M<\/td>\n<\/tr>\n<tr>\n<td>\u00c7ekirdek Bile\u015fenler<\/td>\n<td>s\u0131v\u0131 kartu\u015f filtreler<\/td>\n<\/tr>\n<tr>\n<td>Tedarik Yetene\u011fi<\/td>\n<td>Haftada 5000 Adet \/ Adet y\u00fcksek ak\u0131\u015f filtresi<\/td>\n<\/tr>\n<\/tbody>\n<\/table>","protected":false},"featured_media":4654,"comment_status":"open","ping_status":"closed","template":"","meta":{"_gspb_post_css":""},"product_brand":[],"product_cat":[20,21],"product_tag":[1226,334,1751,1428,1750,1136],"class_list":{"0":"post-4653","1":"product","2":"type-product","3":"status-publish","4":"has-post-thumbnail","6":"product_cat-high-flow-filter-cartridge","7":"product_cat-pleated-filter-cartridge","8":"product_tag-high-flow-filter-cartridge","9":"product_tag-industrial-water-filter","10":"product_tag-large-flux-cartridge","11":"product_tag-pleated-cartridge-filter","12":"product_tag-r-o-water-purification-system","13":"product_tag-water-filter-locks","15":"first","16":"instock","17":"shipping-taxable","18":"product-type-simple"},"_links":{"self":[{"href":"https:\/\/lyfilter.com\/tr\/wp-json\/wp\/v2\/product\/4653","targetHints":{"allow":["GET"]}}],"collection":[{"href":"https:\/\/lyfilter.com\/tr\/wp-json\/wp\/v2\/product"}],"about":[{"href":"https:\/\/lyfilter.com\/tr\/wp-json\/wp\/v2\/types\/product"}],"replies":[{"embeddable":true,"href":"https:\/\/lyfilter.com\/tr\/wp-json\/wp\/v2\/comments?post=4653"}],"wp:featuredmedia":[{"embeddable":true,"href":"https:\/\/lyfilter.com\/tr\/wp-json\/wp\/v2\/media\/4654"}],"wp:attachment":[{"href":"https:\/\/lyfilter.com\/tr\/wp-json\/wp\/v2\/media?parent=4653"}],"wp:term":[{"taxonomy":"product_brand","embeddable":true,"href":"https:\/\/lyfilter.com\/tr\/wp-json\/wp\/v2\/product_brand?post=4653"},{"taxonomy":"product_cat","embeddable":true,"href":"https:\/\/lyfilter.com\/tr\/wp-json\/wp\/v2\/product_cat?post=4653"},{"taxonomy":"product_tag","embeddable":true,"href":"https:\/\/lyfilter.com\/tr\/wp-json\/wp\/v2\/product_tag?post=4653"}],"curies":[{"name":"wp","href":"https:\/\/api.w.org\/{rel}","templated":true}]}}