{"id":4651,"date":"2026-04-05T06:39:37","date_gmt":"2026-04-05T06:39:37","guid":{"rendered":"https:\/\/lyfilter.com\/"},"modified":"2026-04-05T06:39:37","modified_gmt":"2026-04-05T06:39:37","slug":"reliable-pleated-water-filters-series-for-water","status":"publish","type":"product","link":"https:\/\/lyfilter.com\/tr\/reliable-pleated-water-filters-series-for-water\/","title":{"rendered":"Su \u0130\u00e7in G\u00fcvenilir Pileli Su Filtreleri Serisi"},"content":{"rendered":"<p>G\u00fcvenilir su filtreleme i\u00e7in \u00fcretilen bu pileli su filtresi serisi, ak\u0131\u015f\u0131 sabit ve performans\u0131 tutarl\u0131 tutarken partik\u00fcllerin yakalanmas\u0131na yard\u0131mc\u0131 olur. Daha temiz i\u015fleme, daha az bak\u0131m ihtiyac\u0131 ve daha sorunsuz g\u00fcnl\u00fck sistem \u00e7al\u0131\u015fmas\u0131n\u0131 destekler.<\/p>","protected":false},"excerpt":{"rendered":"<table>\n<thead>\n<tr>\n<th>Saha<\/th>\n<th>De\u011fer<\/th>\n<\/tr>\n<\/thead>\n<tbody>\n<tr>\n<td>Garanti Sonras\u0131 Hizmet<\/td>\n<td>\u00c7evrimi\u00e7i destek<\/td>\n<\/tr>\n<tr>\n<td>Yerel Hizmet Konumu<\/td>\n<td>Hi\u00e7biri<\/td>\n<\/tr>\n<tr>\n<td>Showroom Konumu<\/td>\n<td>Hi\u00e7biri<\/td>\n<\/tr>\n<tr>\n<td>Men\u015fe Yeri<\/td>\n<td>Guangdong, \u00c7in<\/td>\n<\/tr>\n<tr>\n<td>Marka Ad\u0131<\/td>\n<td>Lvyuan \/ OEM<\/td>\n<\/tr>\n<tr>\n<td>Malzeme<\/td>\n<td>karton<\/td>\n<\/tr>\n<tr>\n<td>A\u011f\u0131rl\u0131k<\/td>\n<td>ba\u011fl\u0131d\u0131r<\/td>\n<\/tr>\n<tr>\n<td>Boyut<\/td>\n<td>ba\u011fl\u0131d\u0131r<\/td>\n<\/tr>\n<tr>\n<td>G\u00fc\u00e7<\/td>\n<td>0<\/td>\n<\/tr>\n<tr>\n<td>Garanti<\/td>\n<td>Kullan\u0131lam\u0131yor<\/td>\n<\/tr>\n<tr>\n<td>\u00dcr\u00fcn ad\u0131<\/td>\n<td>10 mikron filtre kartu\u015fu 20 in\u00e7<\/td>\n<\/tr>\n<tr>\n<td>Mikron Oran\u0131<\/td>\n<td>0,1 ila 60 mikron pileli filtre kartu\u015fu<\/td>\n<\/tr>\n<tr>\n<td>Pileli filtre malzemesi<\/td>\n<td>PP \/ PTFE \/ PES \/ Naylon 6 \/ PVDF<\/td>\n<\/tr>\n<tr>\n<td>Uzunluk<\/td>\n<td>5\u2033, 10\u2033, 20\u2033, 30\u2033, 40\u2033 in\u00e7<\/td>\n<\/tr>\n<tr>\n<td>Sertifikasyon<\/td>\n<td>SGS<\/td>\n<\/tr>\n<tr>\n<td>Filtre Ortam\u0131<\/td>\n<td>Polipropilen membran<\/td>\n<\/tr>\n<tr>\n<td>U\u00e7 Kapa\u011f\u0131<\/td>\n<td>DOE,222+Fin,222+Flat,226+Fin,226+Flat<\/td>\n<\/tr>\n<tr>\n<td>Conta\/O halka malzemesi<\/td>\n<td>Silikon\/EPDM\/NBR\/Viton\/Tflon<\/td>\n<\/tr>\n<tr>\n<td>Kullan\u0131m<\/td>\n<td>gaz, su filtresi Kartu\u015f<\/td>\n<\/tr>\n<tr>\n<td>\u0130\u00e7 \u00e7ekirdek<\/td>\n<td>PP \/ paslanmaz \u00e7elik<\/td>\n<\/tr>\n<tr>\n<td>Tedarik Yetene\u011fi<\/td>\n<td>G\u00fcnde 5000 Adet \/ Adet 0.1 mikron filtre kartu\u015fu<\/td>\n<\/tr>\n<\/tbody>\n<\/table>","protected":false},"featured_media":4652,"comment_status":"open","ping_status":"closed","template":"","meta":{"_gspb_post_css":""},"product_brand":[],"product_cat":[21],"product_tag":[334,1534,1698,814,1748,1749],"class_list":{"0":"post-4651","1":"product","2":"type-product","3":"status-publish","4":"has-post-thumbnail","6":"product_cat-pleated-filter-cartridge","7":"product_tag-industrial-water-filter","8":"product_tag-inversafilterpurification","9":"product_tag-pleated-purification-filter","10":"product_tag-pleated-water-filter-cartridge","11":"product_tag-reliable-pleated-water-filters","12":"product_tag-water-filtration-filter-series","14":"first","15":"instock","16":"shipping-taxable","17":"product-type-simple"},"_links":{"self":[{"href":"https:\/\/lyfilter.com\/tr\/wp-json\/wp\/v2\/product\/4651","targetHints":{"allow":["GET"]}}],"collection":[{"href":"https:\/\/lyfilter.com\/tr\/wp-json\/wp\/v2\/product"}],"about":[{"href":"https:\/\/lyfilter.com\/tr\/wp-json\/wp\/v2\/types\/product"}],"replies":[{"embeddable":true,"href":"https:\/\/lyfilter.com\/tr\/wp-json\/wp\/v2\/comments?post=4651"}],"wp:featuredmedia":[{"embeddable":true,"href":"https:\/\/lyfilter.com\/tr\/wp-json\/wp\/v2\/media\/4652"}],"wp:attachment":[{"href":"https:\/\/lyfilter.com\/tr\/wp-json\/wp\/v2\/media?parent=4651"}],"wp:term":[{"taxonomy":"product_brand","embeddable":true,"href":"https:\/\/lyfilter.com\/tr\/wp-json\/wp\/v2\/product_brand?post=4651"},{"taxonomy":"product_cat","embeddable":true,"href":"https:\/\/lyfilter.com\/tr\/wp-json\/wp\/v2\/product_cat?post=4651"},{"taxonomy":"product_tag","embeddable":true,"href":"https:\/\/lyfilter.com\/tr\/wp-json\/wp\/v2\/product_tag?post=4651"}],"curies":[{"name":"wp","href":"https:\/\/api.w.org\/{rel}","templated":true}]}}