{"id":4619,"date":"2026-04-05T06:15:24","date_gmt":"2026-04-05T06:15:24","guid":{"rendered":"https:\/\/lyfilter.com\/"},"modified":"2026-04-05T06:15:24","modified_gmt":"2026-04-05T06:15:24","slug":"150-200-micron-180810mm-ss316l-single-bag-filter-housings","status":"publish","type":"product","link":"https:\/\/lyfilter.com\/tr\/150-200-micron-180810mm-ss316l-single-bag-filter-housings\/","title":{"rendered":"150 200 Mikron 180*810mm SS316L Tek Torbal\u0131 Filtre Yuvalar\u0131"},"content":{"rendered":"<div id=\"ali-anchor-AliMagic-irt6i0\" class=\"magic-0\" data-section=\"AliMagic-irt6i0\" data-section-title=\"Product Description\"><strong>\u00dcstten Giri\u015fli Paslanmaz \u00c7elik tek Torbal\u0131 filtre muhafazas\u0131 1 5 10 25 50 75 100 150 200 mikron<\/strong><\/div>\n<div class=\"magic-0\" data-section=\"AliMagic-irt6i0\" data-section-title=\"Product Description\"><\/div>\n<div class=\"icbu-pc-images magic-1\">\n<div class=\"flex-layout-v\">\n<div class=\"flex-layout-h magic-1\">\n<div class=\"magic-2\">Torba filtre Muhafazas\u0131, yeni yap\u0131s\u0131, k\u00fc\u00e7\u00fck boyutu, basit ve esnek \u00e7al\u0131\u015fmas\u0131, enerji tasarrufu, y\u00fcksek verimlili\u011fi, hava ge\u00e7irmez \u00e7al\u0131\u015fmas\u0131 ve g\u00fc\u00e7l\u00fc uygulanabilirli\u011fi ile bir t\u00fcr \u00e7ok ama\u00e7l\u0131 filtre ekipman\u0131d\u0131r. Torba filtre muhafazas\u0131 yeni bir filtreleme sistemi t\u00fcr\u00fcd\u00fcr. Torba filtre muhafazas\u0131n\u0131n i\u00e7inde, filtre torbas\u0131 metal bir \u00f6rg\u00fc sepet taraf\u0131ndan desteklenir. S\u0131v\u0131 giri\u015ften i\u00e7eri akar ve filtre torbas\u0131 taraf\u0131ndan filtrelendikten sonra \u00e7\u0131k\u0131\u015ftan d\u0131\u015far\u0131 akar. Kirlilikler filtre torbas\u0131nda tutulur ve filtre torbas\u0131 de\u011fi\u015ftirildikten sonra s\u00fcrekli olarak kullan\u0131labilir.<\/div>\n<div class=\"magic-2\"><\/div>\n<div class=\"magic-2\"><strong>\u00d6zellik:<\/strong><\/div>\n<div class=\"magic-2\"><\/div>\n<div class=\"magic-2\">\n<ul>\n<li>Torba filtre muhafazas\u0131 kompakt bir yap\u0131ya ve makul bir boyuta sahiptir. Kurulum ve \u00e7al\u0131\u015ft\u0131rma basittir, kullan\u0131\u015fl\u0131d\u0131r ve k\u00fc\u00e7\u00fck bir alan kaplar.<\/li>\n<li>Torba filtre muhafazas\u0131, her t\u00fcrl\u00fc ince partik\u00fcl veya as\u0131l\u0131 madde i\u00e7in uygun olan y\u00fcksek filtreleme hassasiyetine sahiptir ve filtreleme aral\u0131\u011f\u0131 0,5 ila 100 mikron aras\u0131nda olabilir.<\/li>\n<li>Birim filtrasyon alan\u0131 ba\u015f\u0131na i\u015flem ak\u0131\u015f\u0131 b\u00fcy\u00fckt\u00fcr, filtrasyon direnci k\u00fc\u00e7\u00fckt\u00fcr ve filtrasyon verimlili\u011fi y\u00fcksektir. S\u0131v\u0131 filtre torbas\u0131n\u0131n filtreleme i\u015flevi, s\u0131v\u0131 filtre torbas\u0131n\u0131n 5-10 kat\u0131na e\u015fde\u011ferdir.\u00a0<a href=\"https:\/\/lyfilter.com\/tr\/products.html\/\">filtre eleman\u0131<\/a>, maliyeti b\u00fcy\u00fck \u00f6l\u00e7\u00fcde azaltabilir; tasar\u0131m ak\u0131\u015f\u0131 1 ~ 500m3 \/ h gereksinimlerini kar\u015f\u0131layabilir ve maliyet d\u00fc\u015f\u00fckt\u00fcr.<\/li>\n<li>Torba filtre muhafazas\u0131, kaba filtreleme, ara filtreleme veya ince filtreleme i\u00e7in kullan\u0131labilen geni\u015f bir kullan\u0131m alan\u0131na sahiptir; ayn\u0131 filtreleme etkisi elde edildi\u011finde, plaka ve \u00e7er\u00e7eve ince filtre, filtre eleman\u0131 ve di\u011fer ekipmanlarla kar\u015f\u0131la\u015ft\u0131r\u0131ld\u0131\u011f\u0131nda, yat\u0131r\u0131m maliyeti daha d\u00fc\u015f\u00fckt\u00fcr ve hizmet \u00f6mr\u00fc Uzun ve d\u00fc\u015f\u00fck filtreleme maliyetinin avantajlar\u0131.<\/li>\n<\/ul>\n<\/div>\n<\/div>\n<\/div>\n<\/div>","protected":false},"excerpt":{"rendered":"<table>\n<thead>\n<tr>\n<th>Saha<\/th>\n<th>De\u011fer<\/th>\n<\/tr>\n<\/thead>\n<tbody>\n<tr>\n<td>Ba\u015flang\u0131\u00e7 Liman\u0131<\/td>\n<td>Guangzhou<\/td>\n<\/tr>\n<tr>\n<td>\u00dcretim Kapasitesi<\/td>\n<td>10000 adet\/Ay<\/td>\n<\/tr>\n<tr>\n<td>Men\u015fe Yeri<\/td>\n<td>Guangdong, \u00c7in<\/td>\n<\/tr>\n<tr>\n<td>\u00d6deme<\/td>\n<td>T \/ T<\/td>\n<\/tr>\n<tr>\n<td>ADEDI<\/td>\n<td>1 adet<\/td>\n<\/tr>\n<tr>\n<td>Model<\/td>\n<td>LY-HFPL-7<\/td>\n<\/tr>\n<tr>\n<td>Teslimat S\u00fcresi<\/td>\n<td>7 i\u015f g\u00fcn\u00fc i\u00e7erisinde<\/td>\n<\/tr>\n<tr>\n<td>Sertifikasyon<\/td>\n<td>ISO 9001<\/td>\n<\/tr>\n<tr>\n<td>Marka<\/td>\n<td>OEM\/Lvyuan<\/td>\n<\/tr>\n<\/tbody>\n<\/table>","protected":false},"featured_media":4621,"comment_status":"open","ping_status":"closed","template":"","meta":{"_gspb_post_css":""},"product_brand":[],"product_cat":[15],"product_tag":[1733,1734,1510,1534,1732,1320],"class_list":{"0":"post-4619","1":"product","2":"type-product","3":"status-publish","4":"has-post-thumbnail","6":"product_cat-stainless-steel-filter-housing","7":"product_tag-150-micron-bag-filter-housing","8":"product_tag-200-micron-bag-filter-housing","9":"product_tag-industrial-water-filtration-housing","10":"product_tag-inversafilterpurification","11":"product_tag-ss316l-single-bag-filter-housing","12":"product_tag-stainless-steel-bag-filter","14":"first","15":"instock","16":"shipping-taxable","17":"product-type-simple"},"_links":{"self":[{"href":"https:\/\/lyfilter.com\/tr\/wp-json\/wp\/v2\/product\/4619","targetHints":{"allow":["GET"]}}],"collection":[{"href":"https:\/\/lyfilter.com\/tr\/wp-json\/wp\/v2\/product"}],"about":[{"href":"https:\/\/lyfilter.com\/tr\/wp-json\/wp\/v2\/types\/product"}],"replies":[{"embeddable":true,"href":"https:\/\/lyfilter.com\/tr\/wp-json\/wp\/v2\/comments?post=4619"}],"wp:featuredmedia":[{"embeddable":true,"href":"https:\/\/lyfilter.com\/tr\/wp-json\/wp\/v2\/media\/4621"}],"wp:attachment":[{"href":"https:\/\/lyfilter.com\/tr\/wp-json\/wp\/v2\/media?parent=4619"}],"wp:term":[{"taxonomy":"product_brand","embeddable":true,"href":"https:\/\/lyfilter.com\/tr\/wp-json\/wp\/v2\/product_brand?post=4619"},{"taxonomy":"product_cat","embeddable":true,"href":"https:\/\/lyfilter.com\/tr\/wp-json\/wp\/v2\/product_cat?post=4619"},{"taxonomy":"product_tag","embeddable":true,"href":"https:\/\/lyfilter.com\/tr\/wp-json\/wp\/v2\/product_tag?post=4619"}],"curies":[{"name":"wp","href":"https:\/\/api.w.org\/{rel}","templated":true}]}}