{"id":4617,"date":"2026-04-05T06:13:25","date_gmt":"2026-04-05T06:13:25","guid":{"rendered":"https:\/\/lyfilter.com\/"},"modified":"2026-04-05T06:13:25","modified_gmt":"2026-04-05T06:13:25","slug":"lvyuan-filter-ss-micron-filter-housing-made-in-china-for-water-purifier","status":"publish","type":"product","link":"https:\/\/lyfilter.com\/tr\/lvyuan-filter-ss-micron-filter-housing-made-in-china-for-water-purifier\/","title":{"rendered":"Su Ar\u0131tma Cihaz\u0131 \u0130\u00e7in \u00c7in'de \u00dcretilen Lvyuan Filtre SS Mikron Filtre Muhafazas\u0131"},"content":{"rendered":"<p>G\u00fcvenilir su ar\u0131tma i\u00e7in \u00fcretilen Lvyuan Filter'\u0131n bu SS mikron filtre muhafazas\u0131, daha g\u00fcvenli ve sorunsuz g\u00fcnl\u00fck sistem kullan\u0131m\u0131 i\u00e7in paslanmaz \u00e7elik dayan\u0131kl\u0131l\u0131\u011f\u0131, istikrarl\u0131 bas\u0131n\u00e7 kullan\u0131m\u0131 ve temiz filtreleme performans\u0131 sunar.<\/p>","protected":false},"excerpt":{"rendered":"<table>\n<thead>\n<tr>\n<th>Saha<\/th>\n<th>De\u011fer<\/th>\n<\/tr>\n<\/thead>\n<tbody>\n<tr>\n<td>Men\u015fe Yeri<\/td>\n<td>Guangdong, \u00c7in<\/td>\n<\/tr>\n<tr>\n<td>Marka Ad\u0131<\/td>\n<td>Lvyuan, OEM, ODM<\/td>\n<\/tr>\n<tr>\n<td>Malzeme<\/td>\n<td>paslanmaz \u00e7elik<\/td>\n<\/tr>\n<tr>\n<td>A\u011f\u0131rl\u0131k<\/td>\n<td>\u00f6zelle\u015ftirilmi\u015f<\/td>\n<\/tr>\n<tr>\n<td>Boyut<\/td>\n<td>\u00f6zelle\u015ftirilmi\u015f<\/td>\n<\/tr>\n<tr>\n<td>G\u00fc\u00e7<\/td>\n<td>\u00f6zelle\u015ftirilmi\u015f<\/td>\n<\/tr>\n<tr>\n<td>Garanti<\/td>\n<td>1 Y\u0131l<\/td>\n<\/tr>\n<tr>\n<td>Sa\u011flanan Sat\u0131\u015f Sonras\u0131 Hizmet<\/td>\n<td>\u00c7evrimi\u00e7i destek<\/td>\n<\/tr>\n<tr>\n<td>\u00d6zellik<\/td>\n<td>kolayca taksitlendirme<\/td>\n<\/tr>\n<tr>\n<td>Uzunluk<\/td>\n<td>10\u201d, 20\u201d, 30\u2032, \u201940\u201d<\/td>\n<\/tr>\n<tr>\n<td>Sertifikasyon<\/td>\n<td>ISO, SGS<\/td>\n<\/tr>\n<tr>\n<td>y\u00fczey<\/td>\n<td>cilal\u0131 veya ayna<\/td>\n<\/tr>\n<tr>\n<td>Hammadde<\/td>\n<td>sus304, sus316<\/td>\n<\/tr>\n<tr>\n<td>\u00c7al\u0131\u015fma bas\u0131nc\u0131<\/td>\n<td>150Psi<\/td>\n<\/tr>\n<tr>\n<td>Kapan\u0131\u015f<\/td>\n<td>leke ve somun<\/td>\n<\/tr>\n<tr>\n<td>kartu\u015f miktar\u0131<\/td>\n<td>1 ila 160 adet<\/td>\n<\/tr>\n<tr>\n<td>Anahtar Kelimeler<\/td>\n<td>paslanmaz \u00e7elik filtre muhafazas\u0131<\/td>\n<\/tr>\n<tr>\n<td>\u00c7al\u0131\u015fma Bas\u0131nc\u0131<\/td>\n<td>7 kg\/cm2<\/td>\n<\/tr>\n<tr>\n<td>Tedarik Yetene\u011fi<\/td>\n<td>Y\u0131l ba\u015f\u0131na 5000 Adet \/ Adet<\/td>\n<\/tr>\n<\/tbody>\n<\/table>","protected":false},"featured_media":4618,"comment_status":"open","ping_status":"closed","template":"","meta":{"_gspb_post_css":""},"product_brand":[],"product_cat":[15],"product_tag":[1731,1534,1242,1730,34,1706],"class_list":{"0":"post-4617","1":"product","2":"type-product","3":"status-publish","4":"has-post-thumbnail","6":"product_cat-stainless-steel-filter-housing","7":"product_tag-china-made-filter-housing","8":"product_tag-inversafilterpurification","9":"product_tag-lvyuan-filter","10":"product_tag-ss-micron-filter-housing","11":"product_tag-stainless-steel-filter-housing","12":"product_tag-water-purifier-housing","14":"first","15":"instock","16":"shipping-taxable","17":"product-type-simple"},"_links":{"self":[{"href":"https:\/\/lyfilter.com\/tr\/wp-json\/wp\/v2\/product\/4617","targetHints":{"allow":["GET"]}}],"collection":[{"href":"https:\/\/lyfilter.com\/tr\/wp-json\/wp\/v2\/product"}],"about":[{"href":"https:\/\/lyfilter.com\/tr\/wp-json\/wp\/v2\/types\/product"}],"replies":[{"embeddable":true,"href":"https:\/\/lyfilter.com\/tr\/wp-json\/wp\/v2\/comments?post=4617"}],"wp:featuredmedia":[{"embeddable":true,"href":"https:\/\/lyfilter.com\/tr\/wp-json\/wp\/v2\/media\/4618"}],"wp:attachment":[{"href":"https:\/\/lyfilter.com\/tr\/wp-json\/wp\/v2\/media?parent=4617"}],"wp:term":[{"taxonomy":"product_brand","embeddable":true,"href":"https:\/\/lyfilter.com\/tr\/wp-json\/wp\/v2\/product_brand?post=4617"},{"taxonomy":"product_cat","embeddable":true,"href":"https:\/\/lyfilter.com\/tr\/wp-json\/wp\/v2\/product_cat?post=4617"},{"taxonomy":"product_tag","embeddable":true,"href":"https:\/\/lyfilter.com\/tr\/wp-json\/wp\/v2\/product_tag?post=4617"}],"curies":[{"name":"wp","href":"https:\/\/api.w.org\/{rel}","templated":true}]}}