{"id":4608,"date":"2026-04-05T06:07:21","date_gmt":"2026-04-05T06:07:21","guid":{"rendered":"https:\/\/lyfilter.com\/"},"modified":"2026-04-05T06:07:21","modified_gmt":"2026-04-05T06:07:21","slug":"50-micron-filter-bag-oem-by-lvyuan-filter","status":"publish","type":"product","link":"https:\/\/lyfilter.com\/tr\/50-micron-filter-bag-oem-by-lvyuan-filter\/","title":{"rendered":"Lvyuan Filtre taraf\u0131ndan 50 Mikron Filtre Torbas\u0131 OEM"},"content":{"rendered":"<p><b>\u00dcr\u00fcn detaylar\u0131 50 mikron filtre torbas\u0131<\/b><\/p>\n<p>&nbsp;<\/p>\n<p><b>\u00dcr\u00fcn \u00d6zellikleri<\/b><\/p>\n<p>Kullan\u0131labilirlik: OEM<\/p>\n<p>&nbsp;<\/p>\n<p><b>\u00dcr\u00fcn A\u00e7\u0131klamas\u0131<\/b><\/p>\n<p>Bu 50 mikron filtre torbas\u0131, uluslararas\u0131 kalite standartlar\u0131na uygun olarak \u00fcst\u00fcn kaliteli malzeme kullan\u0131larak geli\u015ftirilmi\u015ftir. \u00dcr\u00fcn istikrarl\u0131 bir performansa sahiptir ve iyi bir durumda saklanabilir. Guangzhou Lvyuan Su Ar\u0131tma Equipment Co, Ltd'nin s\u00fcrekli y\u00fckselen performans\u0131n\u0131n temel ta\u015f\u0131 \u2018m\u00fc\u015fteri ihtiya\u00e7lar\u0131 konusunda endi\u015feli\u2019 olmakt\u0131r.<\/p>\n<p><strong>SS 304 316 Paslanmaz \u00c7elik Filtre Torbas\u0131<\/strong><\/p>\n<p>304 PASLANMAZ \u00c7ELIK FILTRE MALZEMESI TERCIH EDILDI<\/p>\n<p>Paslanmaz \u00e7elik fiter torbas\u0131, deforme olmayan paslanmaz \u00e7elik b\u00fck\u00fclm\u00fc\u015f SUS304 veya SUS316 malzemeden yap\u0131lm\u0131\u015ft\u0131r ve belirtilen \u00f6zelliklere g\u00f6re bir a\u011f halinde dokunmu\u015ftur, Is\u0131 ayar\u0131ndan sonra monofilament bir a\u011f haline gelir. Dokuma, temizlenmesi kolay ve tekrar tekrar kullan\u0131labilen p\u00fcr\u00fczs\u00fcz bir y\u00fczey olu\u015fturur. Ayn\u0131 zamanda. y\u00fcksek safs\u0131zl\u0131k i\u00e7eri\u011fine sahip baz\u0131 s\u0131v\u0131lar\u0131n filtrasyonu i\u00e7in uygundur. bu da fiitrasyon maliyetini d\u00fc\u015f\u00fcr\u00fcr.<\/p>\n<p>\u00dcST\u00dcN KALI\u0307TELI\u0307 EKSI\u0307PI\u0307YANLAR<\/p>\n<p>\u0130yi kalitede aksesuarlar, iyi filtre torbalar\u0131 \u00fcretimi i\u00e7in vazge\u00e7ilmez bir ko\u015fuldur. Sadece s\u0131k\u0131 tedarik\u00e7i kontrol\u00fcm\u00fcz sayesinde kaliteli aksesuarlar se\u00e7ilebilir ve ancak floresan ve plastikle\u015ftirici testlerini ge\u00e7tikten sonra filtre torbalar\u0131 \u00fcretmek i\u00e7in kullan\u0131labilirler.<\/p>","protected":false},"excerpt":{"rendered":"<table>\n<thead>\n<tr>\n<th>Saha<\/th>\n<th>De\u011fer<\/th>\n<\/tr>\n<\/thead>\n<tbody>\n<tr>\n<td>\u00d6deme<\/td>\n<td>T \/ T, Alibaba Ticaret G\u00fcvencesi, paypal<\/td>\n<\/tr>\n<tr>\n<td>Model<\/td>\n<td>LY-HFPL<\/td>\n<\/tr>\n<tr>\n<td>Teslimat S\u00fcresi<\/td>\n<td>7 i\u015f g\u00fcn\u00fc i\u00e7erisinde<\/td>\n<\/tr>\n<tr>\n<td>Sertifikasyon<\/td>\n<td>ISO 9001<\/td>\n<\/tr>\n<\/tbody>\n<\/table>","protected":false},"featured_media":4609,"comment_status":"open","ping_status":"closed","template":"","meta":{"_gspb_post_css":""},"product_brand":[],"product_cat":[1054],"product_tag":[1726,1728,1534,1242,1727,1729],"class_list":{"0":"post-4608","1":"product","2":"type-product","3":"status-publish","4":"has-post-thumbnail","6":"product_cat-filter-bag","7":"product_tag-50-micron-filter-bag","8":"product_tag-industrial-filter-bag","9":"product_tag-inversafilterpurification","10":"product_tag-lvyuan-filter","11":"product_tag-oem-filter-bag","12":"product_tag-water-filtration-bag","14":"first","15":"instock","16":"shipping-taxable","17":"product-type-simple"},"_links":{"self":[{"href":"https:\/\/lyfilter.com\/tr\/wp-json\/wp\/v2\/product\/4608","targetHints":{"allow":["GET"]}}],"collection":[{"href":"https:\/\/lyfilter.com\/tr\/wp-json\/wp\/v2\/product"}],"about":[{"href":"https:\/\/lyfilter.com\/tr\/wp-json\/wp\/v2\/types\/product"}],"replies":[{"embeddable":true,"href":"https:\/\/lyfilter.com\/tr\/wp-json\/wp\/v2\/comments?post=4608"}],"wp:featuredmedia":[{"embeddable":true,"href":"https:\/\/lyfilter.com\/tr\/wp-json\/wp\/v2\/media\/4609"}],"wp:attachment":[{"href":"https:\/\/lyfilter.com\/tr\/wp-json\/wp\/v2\/media?parent=4608"}],"wp:term":[{"taxonomy":"product_brand","embeddable":true,"href":"https:\/\/lyfilter.com\/tr\/wp-json\/wp\/v2\/product_brand?post=4608"},{"taxonomy":"product_cat","embeddable":true,"href":"https:\/\/lyfilter.com\/tr\/wp-json\/wp\/v2\/product_cat?post=4608"},{"taxonomy":"product_tag","embeddable":true,"href":"https:\/\/lyfilter.com\/tr\/wp-json\/wp\/v2\/product_tag?post=4608"}],"curies":[{"name":"wp","href":"https:\/\/api.w.org\/{rel}","templated":true}]}}