{"id":4601,"date":"2026-04-05T06:02:39","date_gmt":"2026-04-05T06:02:39","guid":{"rendered":"https:\/\/lyfilter.com\/"},"modified":"2026-04-14T05:35:31","modified_gmt":"2026-04-14T05:35:31","slug":"end-cap-334-single-origin-131-mm-diameter-10-inch-jumbo-high-flow-activated-carbon-block-water-filter-cartridge-for-cto-filter","status":"publish","type":"product","link":"https:\/\/lyfilter.com\/tr\/end-cap-334-single-origin-131-mm-diameter-10-inch-jumbo-high-flow-activated-carbon-block-water-filter-cartridge-for-cto-filter\/","title":{"rendered":"U\u00e7 Kapak 334 Tek K\u00f6kenli 131 mm \u00c7ap 10 \u0130n\u00e7 Jumbo Cto Filtre \u0130\u00e7in Y\u00fcksek Ak\u0131\u015fl\u0131 Aktif Karbon Blok Su Filtresi Kartu\u015fu"},"content":{"rendered":"<h3 class=\"do-entry-title\">Paketleme ve Teslimat<\/h3>\n<div class=\"do-entry-list\">\n<dl class=\"do-entry-item\">\n<dt class=\"do-entry-item-key\">Sat\u0131\u015f Birimleri:<\/dt>\n<dd class=\"do-entry-item-val\">Tek \u00fcr\u00fcn<\/dd>\n<\/dl>\n<dl class=\"do-entry-item\">\n<dt class=\"do-entry-item-key\" title=\"Tek paket boyutu:\">Tek paket boyutu:<\/dt>\n<dd class=\"do-entry-item-val\">35X15X15 cm<\/dd>\n<\/dl>\n<dl class=\"do-entry-item\">\n<dt class=\"do-entry-item-key\" title=\"Tek br\u00fct a\u011f\u0131rl\u0131k:\">Tek br\u00fct a\u011f\u0131rl\u0131k:<\/dt>\n<dd class=\"do-entry-item-val\">2.000 kg<\/dd>\n<\/dl>\n<dl class=\"do-entry-item\">\n<dt class=\"do-entry-item-key\">Paket Tipi:<\/dt>\n<dd class=\"do-entry-item-val pkg-method\">Son ca \/ p 334 tek oring 131mm \u00e7ap 10 in\u00e7 Jumbo y\u00fcksek ak\u0131\u015fl\u0131 aktif karbon blok su filtresi kartu\u015fu cto filtre poli \u00e7anta ve karton kutu i\u00e7in Sevgili dostum, farkl\u0131 boyutlarda aktif karbon filtre yapabiliriz, l\u00fctfen en iyi fiyat i\u00e7in soru\u015fturma g\u00f6nderin. Te\u015fekk\u00fcrler.<\/dd>\n<\/dl>\n<dl class=\"do-entry-item\">\n<dt class=\"do-entry-item-key\" title=\"Teslim S\u00fcresi\">Teslim S\u00fcresi\u00a0<i class=\"next-icon next-icon-help next-icon-xs js-leadtimes-tips\"><\/i>:<\/dt>\n<dd class=\"do-entry-item-val\" title=\"Teslim S\u00fcresi\">\n<div class=\"table-responsive\">\n<table class=\"supply-ability-table ui2-table ui2-table-normal ui2-table-zebra ui2-table-hover\">\n<tbody>\n<tr>\n<td>Miktar (Adet)<\/td>\n<td>1 - 10000<\/td>\n<td>&gt;10000<\/td>\n<\/tr>\n<tr>\n<td>Tahmini Zaman (g\u00fcn)<\/td>\n<td>15<\/td>\n<td>M\u00fczakere edilecek<\/td>\n<\/tr>\n<\/tbody>\n<\/table>\n<\/div>\n<\/dd>\n<\/dl>\n<\/div>","protected":false},"excerpt":{"rendered":"<table>\n<thead>\n<tr>\n<th>Saha<\/th>\n<th>De\u011fer<\/th>\n<\/tr>\n<\/thead>\n<tbody>\n<tr>\n<td>Garanti<\/td>\n<td>Hi\u00e7biri<\/td>\n<\/tr>\n<tr>\n<td>Uygulama<\/td>\n<td>Araba, Karavan, D\u0131\u015f Mekan, Otel, Garaj, Ticari, Ev<\/td>\n<\/tr>\n<tr>\n<td>G\u00fc\u00e7 Kayna\u011f\u0131<\/td>\n<td>El Kitab\u0131<\/td>\n<\/tr>\n<tr>\n<td>Men\u015fe Yeri<\/td>\n<td>Guangdong, \u00c7in<\/td>\n<\/tr>\n<tr>\n<td>Marka Ad\u0131<\/td>\n<td>Lvyuan \/ OEM<\/td>\n<\/tr>\n<tr>\n<td>Model Numaras\u0131<\/td>\n<td>LY-FC-AC serisi<\/td>\n<\/tr>\n<tr>\n<td>\u00dcr\u00fcn ad\u0131<\/td>\n<td>y\u00fcksek debili karbon kartu\u015f filtre<\/td>\n<\/tr>\n<tr>\n<td>Boyut<\/td>\n<td>\u00d6zelle\u015ftirilmi\u015f<\/td>\n<\/tr>\n<tr>\n<td>Mikron Oran\u0131<\/td>\n<td>1, 3, 5, 10, 20, 50, 100um<\/td>\n<\/tr>\n<tr>\n<td>Malzeme<\/td>\n<td>aktif karbon, hindistan cevizi kabu\u011fu<\/td>\n<\/tr>\n<tr>\n<td>Uzunluk<\/td>\n<td>OEM, 5\u2033, 10\u2033, 20\u2033, 30\u2033, 40\u2033<\/td>\n<\/tr>\n<tr>\n<td>D\u0131\u015f \u00e7ap<\/td>\n<td>OEM, 50, 60, 70, 80mm<\/td>\n<\/tr>\n<tr>\n<td>U\u00e7 kapa\u011f\u0131<\/td>\n<td>DOE, SOE, 222, 226, 215, M36, M24, M22, M20 di\u015fli aray\u00fcz\u00fc<\/td>\n<\/tr>\n<tr>\n<td>Sertifikasyon<\/td>\n<td>S\/GS\/ISO9001<\/td>\n<\/tr>\n<tr>\n<td>Kullan\u0131m<\/td>\n<td>Hava veya Su Ar\u0131tma<\/td>\n<\/tr>\n<tr>\n<td>\u00c7al\u0131\u015fma bas\u0131nc\u0131<\/td>\n<td>0,1 ila 30Mpa<\/td>\n<\/tr>\n<\/tbody>\n<\/table>","protected":false},"featured_media":4603,"comment_status":"open","ping_status":"closed","template":"","meta":{"_gspb_post_css":""},"product_brand":[],"product_cat":[20],"product_tag":[1724,1073,1259,1725,1692,1534],"class_list":{"0":"post-4601","1":"product","2":"type-product","3":"status-publish","4":"has-post-thumbnail","6":"product_cat-high-flow-filter-cartridge","7":"product_tag-10-inch-jumbo-cto-filter","8":"product_tag-activated-carbon-block-filter","9":"product_tag-carbon-block-water-filter","10":"product_tag-end-cap-334-filter-cartridge","11":"product_tag-high-flow-water-filter-cartridge","12":"product_tag-inversafilterpurification","14":"first","15":"instock","16":"shipping-taxable","17":"product-type-simple"},"_links":{"self":[{"href":"https:\/\/lyfilter.com\/tr\/wp-json\/wp\/v2\/product\/4601","targetHints":{"allow":["GET"]}}],"collection":[{"href":"https:\/\/lyfilter.com\/tr\/wp-json\/wp\/v2\/product"}],"about":[{"href":"https:\/\/lyfilter.com\/tr\/wp-json\/wp\/v2\/types\/product"}],"replies":[{"embeddable":true,"href":"https:\/\/lyfilter.com\/tr\/wp-json\/wp\/v2\/comments?post=4601"}],"wp:featuredmedia":[{"embeddable":true,"href":"https:\/\/lyfilter.com\/tr\/wp-json\/wp\/v2\/media\/4603"}],"wp:attachment":[{"href":"https:\/\/lyfilter.com\/tr\/wp-json\/wp\/v2\/media?parent=4601"}],"wp:term":[{"taxonomy":"product_brand","embeddable":true,"href":"https:\/\/lyfilter.com\/tr\/wp-json\/wp\/v2\/product_brand?post=4601"},{"taxonomy":"product_cat","embeddable":true,"href":"https:\/\/lyfilter.com\/tr\/wp-json\/wp\/v2\/product_cat?post=4601"},{"taxonomy":"product_tag","embeddable":true,"href":"https:\/\/lyfilter.com\/tr\/wp-json\/wp\/v2\/product_tag?post=4601"}],"curies":[{"name":"wp","href":"https:\/\/api.w.org\/{rel}","templated":true}]}}