{"id":4599,"date":"2026-04-05T04:08:31","date_gmt":"2026-04-05T04:08:31","guid":{"rendered":"https:\/\/lyfilter.com\/"},"modified":"2026-04-05T04:08:31","modified_gmt":"2026-04-05T04:08:31","slug":"efficient-sintered-filter-elements-highly-rated-for-purify","status":"publish","type":"product","link":"https:\/\/lyfilter.com\/tr\/efficient-sintered-filter-elements-highly-rated-for-purify\/","title":{"rendered":"Ar\u0131tma \u0130\u00e7in Y\u00fcksek Dereceli Verimli Sinterlenmi\u015f Filtre Elemanlar\u0131"},"content":{"rendered":"<p><b>\u015eirket Avantajlar\u0131<\/b><br \/>\n<b>1.<\/b>\u00a0<a href=\"https:\/\/lyfilter.com\/tr\/\">Lvyuan Filtre<\/a>\u00a0Sinterlenmi\u015f filtre elemanlar\u0131 sofistike ekipman ve usta i\u015f\u00e7iler taraf\u0131ndan \u00fcretilmektedir. \u0130\u00e7 destek katman\u0131 filtre malzemesine s\u0131k\u0131 s\u0131k\u0131ya ba\u011fl\u0131d\u0131r, bu da onu g\u00fc\u00e7l\u00fc darbe direncine sahip k\u0131lar<br \/>\n<b>2.<\/b>\u00a0Sertifika ayr\u0131ca sinterlenmi\u015f filtre elemanlar\u0131n\u0131n iyi kalitesini de g\u00f6stermektedir. \u0130\u00e7inde \u00e7ok say\u0131da konik sabitleme deli\u011fi ile y\u00fcksek kir tutma kapasitesine sahiptir<br \/>\n<b>3.<\/b>\u00a0sinterlenmi\u015f filtre elemanlar\u0131 Sadece malzeme \u00f6zenle se\u00e7ilmi\u015f, i\u015f\u00e7ilik iyi de\u011fil, ayn\u0131 zamanda s\u00fcper gerilme etkisi, tam tokluk, m\u00fckemmel performans, istikrarl\u0131 kalite ve g\u00fcvenilir kaliteye sahiptir.<br \/>\n<b>4.<\/b>\u00a0sinterlenmi\u015f filtre elemanlar\u0131 Sadece tasar\u0131m a\u00e7\u0131s\u0131ndan makul, yap\u0131s\u0131 basit, kurulumu ve kullan\u0131m\u0131 kolay olmakla kalmaz, ayn\u0131 zamanda iyi korozyon direnci, a\u015f\u0131nma direnci ve darbe direncine sahiptir, dayan\u0131kl\u0131d\u0131r ve uzun bir hizmet \u00f6mr\u00fcne sahiptir.<br \/>\n<b>5.<\/b>\u00a0Sinterlenmi\u015f filtre elemanlar\u0131, kozmetik \u015fi\u015fe \u00fcretim kalite y\u00f6netimi y\u00f6netmeliklerinin gerekliliklerine tam olarak uygun olarak \u00fcretilmi\u015ftir ve ulusal otoritenin s\u0131k\u0131 kalite denetiminden ge\u00e7mi\u015ftir. G\u00fcvenli, \u00e7evre dostu ve g\u00fcvenilir \u00fcr\u00fcnlerdir.<\/p>","protected":false},"excerpt":{"rendered":"<table>\n<thead>\n<tr>\n<th>Saha<\/th>\n<th>De\u011fer<\/th>\n<\/tr>\n<\/thead>\n<tbody>\n<tr>\n<td>Garanti Sonras\u0131 Hizmet<\/td>\n<td>\u00c7evrimi\u00e7i destek<\/td>\n<\/tr>\n<tr>\n<td>Yerel Hizmet Konumu<\/td>\n<td>Hi\u00e7biri<\/td>\n<\/tr>\n<tr>\n<td>Showroom Konumu<\/td>\n<td>Hi\u00e7biri<\/td>\n<\/tr>\n<tr>\n<td>Video giden-denetim<\/td>\n<td>Sa\u011fland\u0131<\/td>\n<\/tr>\n<tr>\n<td>Makine Test Raporu<\/td>\n<td>Sa\u011fland\u0131<\/td>\n<\/tr>\n<tr>\n<td>Pazarlama T\u00fcr\u00fc<\/td>\n<td>S\u0131radan \u00dcr\u00fcn<\/td>\n<\/tr>\n<tr>\n<td>\u00c7ekirdek bile\u015fenlerin garantisi<\/td>\n<td>1 Y\u0131l<\/td>\n<\/tr>\n<tr>\n<td>\u00c7ekirdek Bile\u015fenler<\/td>\n<td>Bas\u0131n\u00e7l\u0131 kap<\/td>\n<\/tr>\n<tr>\n<td>Men\u015fe Yeri<\/td>\n<td>Guangdong, \u00c7in<\/td>\n<\/tr>\n<tr>\n<td>Marka Ad\u0131<\/td>\n<td>Lvyuan\/OEM<\/td>\n<\/tr>\n<tr>\n<td>Garanti<\/td>\n<td>1 Y\u0131l<\/td>\n<\/tr>\n<tr>\n<td>Sa\u011flanan Sat\u0131\u015f Sonras\u0131 Hizmet<\/td>\n<td>\u00c7evrimi\u00e7i destek<\/td>\n<\/tr>\n<tr>\n<td>\u00d6zellik<\/td>\n<td>iyi ge\u00e7irgenlik<\/td>\n<\/tr>\n<tr>\n<td>Uzunluk<\/td>\n<td>10\/20\/30\/40 in\u00e7 veya \u00f6zelle\u015ftirilmi\u015f<\/td>\n<\/tr>\n<tr>\n<td>Malzeme<\/td>\n<td>paslanmaz \u00e7eli\u0307k hasir<\/td>\n<\/tr>\n<tr>\n<td>\u015eekil<\/td>\n<td>Silindir<\/td>\n<\/tr>\n<tr>\n<td>Kullan\u0131m<\/td>\n<td>su ar\u0131tma<\/td>\n<\/tr>\n<tr>\n<td>Uygulama<\/td>\n<td>end\u00fcstri<\/td>\n<\/tr>\n<tr>\n<td>Renk<\/td>\n<td>\u015eerit<\/td>\n<\/tr>\n<tr>\n<td>Paketleme<\/td>\n<td>KA\u011eIT KUTU<\/td>\n<\/tr>\n<tr>\n<td>kald\u0131rma oran\u0131<\/td>\n<td>2 ila200\u03bcm<\/td>\n<\/tr>\n<tr>\n<td>Avantaj<\/td>\n<td>yeniden kullan\u0131m<\/td>\n<\/tr>\n<tr>\n<td>Tedarik Yetene\u011fi<\/td>\n<td>G\u00fcnde 500 Adet \/ Adet<\/td>\n<\/tr>\n<\/tbody>\n<\/table>","protected":false},"featured_media":4600,"comment_status":"open","ping_status":"closed","template":"","meta":{"_gspb_post_css":""},"product_brand":[],"product_cat":[20],"product_tag":[1722,1714,1534,1723,1721,1182],"class_list":{"0":"post-4599","1":"product","2":"type-product","3":"status-publish","4":"has-post-thumbnail","6":"product_cat-high-flow-filter-cartridge","7":"product_tag-high-efficiency-filter-element","8":"product_tag-industrial-purification-filter","9":"product_tag-inversafilterpurification","10":"product_tag-porous-metal-filter","11":"product_tag-sintered-filter-elements","12":"product_tag-water-purification-filter","14":"first","15":"instock","16":"shipping-taxable","17":"product-type-simple"},"_links":{"self":[{"href":"https:\/\/lyfilter.com\/tr\/wp-json\/wp\/v2\/product\/4599","targetHints":{"allow":["GET"]}}],"collection":[{"href":"https:\/\/lyfilter.com\/tr\/wp-json\/wp\/v2\/product"}],"about":[{"href":"https:\/\/lyfilter.com\/tr\/wp-json\/wp\/v2\/types\/product"}],"replies":[{"embeddable":true,"href":"https:\/\/lyfilter.com\/tr\/wp-json\/wp\/v2\/comments?post=4599"}],"wp:featuredmedia":[{"embeddable":true,"href":"https:\/\/lyfilter.com\/tr\/wp-json\/wp\/v2\/media\/4600"}],"wp:attachment":[{"href":"https:\/\/lyfilter.com\/tr\/wp-json\/wp\/v2\/media?parent=4599"}],"wp:term":[{"taxonomy":"product_brand","embeddable":true,"href":"https:\/\/lyfilter.com\/tr\/wp-json\/wp\/v2\/product_brand?post=4599"},{"taxonomy":"product_cat","embeddable":true,"href":"https:\/\/lyfilter.com\/tr\/wp-json\/wp\/v2\/product_cat?post=4599"},{"taxonomy":"product_tag","embeddable":true,"href":"https:\/\/lyfilter.com\/tr\/wp-json\/wp\/v2\/product_tag?post=4599"}],"curies":[{"name":"wp","href":"https:\/\/api.w.org\/{rel}","templated":true}]}}