{"id":4591,"date":"2026-04-05T04:01:32","date_gmt":"2026-04-05T04:01:32","guid":{"rendered":"https:\/\/lyfilter.com\/"},"modified":"2026-05-08T01:21:00","modified_gmt":"2026-05-08T01:21:00","slug":"high-end-stainless-steel-multi-cartridge-filter-housing-for-biopharmaceutical","status":"publish","type":"product","link":"https:\/\/lyfilter.com\/tr\/high-end-stainless-steel-multi-cartridge-filter-housing-for-biopharmaceutical\/","title":{"rendered":"Biyofarmas\u00f6tik i\u00e7in High End Paslanmaz \u00c7elik \u00c7oklu Kartu\u015f Filtre Muhafazas\u0131"},"content":{"rendered":"<p>Giri\u015f<\/p>\n<p>Y\u00fcksek etkili 1\/2\/3\/4\/5\/6 a\u015famal\u0131 filtre hidrolik ya\u011f ar\u0131tma \u00fcnitesi \/ pi\u015firme ya\u011f\u0131 ar\u0131tma makinesi. Hareketli filtre, \u00f6n filtre, ya\u011f pompas\u0131 ve filtrasyon \u00fcnitesi, metal bir a\u011f i\u00e7in \u00f6n filtreden olu\u015fur,<\/p>\n<p>B\u00fcy\u00fck kat\u0131 maddelerin pompaya girmesini \u00f6nlemek i\u00e7in ya\u011f pompas\u0131 genellikle di\u015fli pompad\u0131r, safla\u015ft\u0131r\u0131lmam\u0131\u015f<\/p>\n<p>Filtre cihaz\u0131, k\u00fc\u00e7\u00fck bir manuel s\u0131k\u0131\u015ft\u0131rma plakas\u0131 ve \u00e7er\u00e7eve filtre presidir,<\/p>\n<p>filtre ortam\u0131 olarak \u00f6zel filtre ka\u011f\u0131d\u0131 kullan\u0131r. Ya\u011f pompas\u0131n\u0131n bas\u0131n\u00e7 yard\u0131m\u0131 alt\u0131nda, ar\u0131t\u0131lmam\u0131\u015f ya\u011f<\/p>\n<p>plaka ve \u00e7er\u00e7eve filtre presi, filtre ka\u011f\u0131d\u0131ndan ge\u00e7tikten sonra saf bir filtre ya\u011f\u0131 olacakt\u0131r. Kat\u0131 safs\u0131zl\u0131klar hapsedilir<\/p>\n<p>Filtre ka\u011f\u0131d\u0131 y\u00fczeyinde az miktarda su, filtre ka\u011f\u0131d\u0131n\u0131n y\u00fcn stomas\u0131 taraf\u0131ndan emilir.<\/p>\n<p>Filtre ka\u011f\u0131d\u0131 y\u00fczeyinde \u00e7ok fazla kirlilik birikimi oldu\u011funda bas\u0131n\u00e7 normalde 0,3 MPa'n\u0131n \u00fczerinde de\u011fildir,<\/p>\n<p>filtre bas\u0131nc\u0131 0,35 MPa'ya y\u00fckseltildi\u011finde veya filtre ka\u011f\u0131d\u0131 emiliminin nemi doygunlu\u011fa yak\u0131n oldu\u011funda<\/p>\n<p>durumunda, ya\u011f filtresinde kalan nem art\u0131k d\u00fc\u015fmez, filtre ka\u011f\u0131d\u0131 de\u011fi\u015ftirilmelidir. Ya\u011fda nem oldu\u011funda<\/p>\n<p>y\u00fcksek viskoziteli, yeniden kullan\u0131m i\u00e7in viskoziteyi azaltmak amac\u0131yla tekrar \u00f6n \u0131s\u0131tma yap\u0131labilir. bu t\u00fcr ya\u011f filtresi makinesi<\/p>\n<p>Kat\u0131 kirleri ve az miktarda suyu \u00e7\u0131karabilir, genel elektrik ya\u011f\u0131 ve su i\u00e7in uygundur.<\/p>\n<p>ya\u011flama ya\u011f\u0131 rafinasyonu.<\/p>","protected":false},"excerpt":{"rendered":"<table>\n<thead>\n<tr>\n<th>Saha<\/th>\n<th>De\u011fer<\/th>\n<\/tr>\n<\/thead>\n<tbody>\n<tr>\n<td>Uygulanabilir Sekt\u00f6rler<\/td>\n<td>Makine Tamir At\u00f6lyeleri, Yiyecek &amp; \u0130\u00e7ecek Fabrikas\u0131, Restoran, Yiyecek D\u00fckkan\u0131, Enerji &amp; Madencilik, Yiyecek &amp; \u0130\u00e7ecek Ma\u011fazalar\u0131<\/td>\n<\/tr>\n<tr>\n<td>Men\u015fe Yeri<\/td>\n<td>Guangdong, \u00c7in<\/td>\n<\/tr>\n<tr>\n<td>Marka Ad\u0131<\/td>\n<td>Lvyuan\/OEM<\/td>\n<\/tr>\n<tr>\n<td>Malzeme<\/td>\n<td>\u00d6zelle\u015ftirilmi\u015f<\/td>\n<\/tr>\n<tr>\n<td>A\u011f\u0131rl\u0131k<\/td>\n<td>\u00d6zelle\u015ftirilmi\u015f<\/td>\n<\/tr>\n<tr>\n<td>Boyut<\/td>\n<td>\u00d6zelle\u015ftirilmi\u015f<\/td>\n<\/tr>\n<tr>\n<td>G\u00fc\u00e7<\/td>\n<td>\u00d6zelle\u015ftirilmi\u015f<\/td>\n<\/tr>\n<tr>\n<td>Garanti<\/td>\n<td>1 Y\u0131l<\/td>\n<\/tr>\n<tr>\n<td>Sa\u011flanan Sat\u0131\u015f Sonras\u0131 Hizmet<\/td>\n<td>\u00c7evrimi\u00e7i destek<\/td>\n<\/tr>\n<tr>\n<td>Model Ad\u0131<\/td>\n<td>Hidrolik ya\u011f ar\u0131tma \u00fcnitesi \/ pi\u015firme ya\u011f\u0131 ar\u0131tma makinesi<\/td>\n<\/tr>\n<tr>\n<td>Uzunluk<\/td>\n<td>10 in\u00e7 20 in\u00e7 30 in\u00e7 40 in\u00e7<\/td>\n<\/tr>\n<tr>\n<td>Kullan\u0131m<\/td>\n<td>Ya\u011f-su filtrasyonu<\/td>\n<\/tr>\n<tr>\n<td>Ana g\u00f6vde malzemesi<\/td>\n<td>Paslanmaz \u00e7elik 304 \/ 316<\/td>\n<\/tr>\n<tr>\n<td>Filtre muhafazas\u0131 tipi<\/td>\n<td>Borulu<\/td>\n<\/tr>\n<tr>\n<td>Prensip<\/td>\n<td>Bas\u0131n\u00e7 filtrasyonu<\/td>\n<\/tr>\n<tr>\n<td>A\u015famalar<\/td>\n<td>1 - 6 a\u015fama<\/td>\n<\/tr>\n<tr>\n<td>Paketleme<\/td>\n<td>Netural ambalaj veya tahta sand\u0131k<\/td>\n<\/tr>\n<tr>\n<td>Tedarik Yetene\u011fi<\/td>\n<td>100 Birim\/G\u00fcn Ba\u015f\u0131na Birim<\/td>\n<\/tr>\n<\/tbody>\n<\/table>","protected":false},"featured_media":4592,"comment_status":"open","ping_status":"closed","template":"","meta":{"_gspb_post_css":""},"product_brand":[],"product_cat":[15],"product_tag":[1715,1716,1717,1534,1463,34],"class_list":{"0":"post-4591","1":"product","2":"type-product","3":"status-publish","4":"has-post-thumbnail","6":"product_cat-stainless-steel-filter-housing","7":"product_tag-biopharmaceutical-filtration","8":"product_tag-high-purity-filter-housing","9":"product_tag-industrial-water-purification","10":"product_tag-inversafilterpurification","11":"product_tag-multi-cartridge-filter-housing","12":"product_tag-stainless-steel-filter-housing","14":"first","15":"instock","16":"shipping-taxable","17":"product-type-simple"},"_links":{"self":[{"href":"https:\/\/lyfilter.com\/tr\/wp-json\/wp\/v2\/product\/4591","targetHints":{"allow":["GET"]}}],"collection":[{"href":"https:\/\/lyfilter.com\/tr\/wp-json\/wp\/v2\/product"}],"about":[{"href":"https:\/\/lyfilter.com\/tr\/wp-json\/wp\/v2\/types\/product"}],"replies":[{"embeddable":true,"href":"https:\/\/lyfilter.com\/tr\/wp-json\/wp\/v2\/comments?post=4591"}],"wp:featuredmedia":[{"embeddable":true,"href":"https:\/\/lyfilter.com\/tr\/wp-json\/wp\/v2\/media\/4592"}],"wp:attachment":[{"href":"https:\/\/lyfilter.com\/tr\/wp-json\/wp\/v2\/media?parent=4591"}],"wp:term":[{"taxonomy":"product_brand","embeddable":true,"href":"https:\/\/lyfilter.com\/tr\/wp-json\/wp\/v2\/product_brand?post=4591"},{"taxonomy":"product_cat","embeddable":true,"href":"https:\/\/lyfilter.com\/tr\/wp-json\/wp\/v2\/product_cat?post=4591"},{"taxonomy":"product_tag","embeddable":true,"href":"https:\/\/lyfilter.com\/tr\/wp-json\/wp\/v2\/product_tag?post=4591"}],"curies":[{"name":"wp","href":"https:\/\/api.w.org\/{rel}","templated":true}]}}