{"id":4588,"date":"2026-04-05T03:58:40","date_gmt":"2026-04-05T03:58:40","guid":{"rendered":"https:\/\/lyfilter.com\/"},"modified":"2026-04-05T03:58:40","modified_gmt":"2026-04-05T03:58:40","slug":"lvyuan-filter-ss316-filter-housing-factory-price-for-industry","status":"publish","type":"product","link":"https:\/\/lyfilter.com\/tr\/lvyuan-filter-ss316-filter-housing-factory-price-for-industry\/","title":{"rendered":"Lvyuan Filtre SS316 Filtre Muhafazas\u0131 Sanayi \u0130\u00e7in Fabrika Fiyat\u0131"},"content":{"rendered":"<p>Zorlu su ar\u0131tma kurulumlar\u0131 i\u00e7in tasarlanan Lvyuan SS316 filtre muhafazas\u0131, end\u00fcstriyel ar\u0131tma hatlar\u0131nda g\u00fcnl\u00fck kullan\u0131mda sorunsuz filtrelemeyi desteklemek i\u00e7in g\u00fc\u00e7l\u00fc korozyon direncini, g\u00fcvenilir s\u0131zd\u0131rmazl\u0131\u011f\u0131 ve fabrika do\u011frudan de\u011ferini bir araya getirir.<\/p>","protected":false},"excerpt":{"rendered":"<table>\n<thead>\n<tr>\n<th>Saha<\/th>\n<th>De\u011fer<\/th>\n<\/tr>\n<\/thead>\n<tbody>\n<tr>\n<td>Garanti Sonras\u0131 Hizmet<\/td>\n<td>\u00c7evrimi\u00e7i destek<\/td>\n<\/tr>\n<tr>\n<td>Yerel Hizmet Konumu<\/td>\n<td>Hi\u00e7biri<\/td>\n<\/tr>\n<tr>\n<td>Showroom Konumu<\/td>\n<td>Hi\u00e7biri<\/td>\n<\/tr>\n<tr>\n<td>Video giden-denetim<\/td>\n<td>Sa\u011fland\u0131<\/td>\n<\/tr>\n<tr>\n<td>Makine Test Raporu<\/td>\n<td>Sa\u011fland\u0131<\/td>\n<\/tr>\n<tr>\n<td>Pazarlama T\u00fcr\u00fc<\/td>\n<td>S\u0131radan \u00dcr\u00fcn<\/td>\n<\/tr>\n<tr>\n<td>\u00c7ekirdek bile\u015fenlerin garantisi<\/td>\n<td>Mevcut de\u011fil<\/td>\n<\/tr>\n<tr>\n<td>Men\u015fe Yeri<\/td>\n<td>Guangdong, \u00c7in<\/td>\n<\/tr>\n<tr>\n<td>Marka Ad\u0131<\/td>\n<td>Lvyuan \/ OEM<\/td>\n<\/tr>\n<tr>\n<td>Malzeme<\/td>\n<td>paslanmaz \u00e7elik<\/td>\n<\/tr>\n<tr>\n<td>A\u011f\u0131rl\u0131k<\/td>\n<td>De\u011fi\u015fir<\/td>\n<\/tr>\n<tr>\n<td>Boyut<\/td>\n<td>De\u011fi\u015fir<\/td>\n<\/tr>\n<tr>\n<td>G\u00fc\u00e7<\/td>\n<td>0<\/td>\n<\/tr>\n<tr>\n<td>Garanti<\/td>\n<td>1 Y\u0131l<\/td>\n<\/tr>\n<tr>\n<td>Sa\u011flanan Sat\u0131\u015f Sonras\u0131 Hizmet<\/td>\n<td>\u00c7evrimi\u00e7i destek<\/td>\n<\/tr>\n<tr>\n<td>\u00dcr\u00fcn ad\u0131<\/td>\n<td>s\u0131hhi kartu\u015f filtre muhafazas\u0131<\/td>\n<\/tr>\n<tr>\n<td>Konut Malzemeleri<\/td>\n<td>ss304, 316, 316L<\/td>\n<\/tr>\n<tr>\n<td>Kartu\u015f filtre miktar\u0131<\/td>\n<td>1 - Se\u00e7enek i\u00e7in 160 ADET<\/td>\n<\/tr>\n<tr>\n<td>Filtre kartu\u015fu uzunlu\u011fu<\/td>\n<td>5, 10, 20, 30, 40, 60 in\u00e7, OEM<\/td>\n<\/tr>\n<tr>\n<td>Y\u00fczey i\u015fleme<\/td>\n<td>Cilal\u0131 &amp; Kumlama<\/td>\n<\/tr>\n<tr>\n<td>\u00dcst kapak tak\u0131l\u0131 tip<\/td>\n<td>Kald\u0131rma c\u0131vatalar\u0131\/Flan\u015f\/Kelep\u00e7e tipi<\/td>\n<\/tr>\n<tr>\n<td>Kullan\u0131m<\/td>\n<td>su\/s\u0131v\u0131 ar\u0131tma tesisi<\/td>\n<\/tr>\n<tr>\n<td>Paket<\/td>\n<td>Tahta sand\u0131k<\/td>\n<\/tr>\n<tr>\n<td>Konekt\u00f6r tipi<\/td>\n<td>kod 0 3 6 7 8 9<\/td>\n<\/tr>\n<tr>\n<td>Sertifikasyon<\/td>\n<td>CE ISO SGS<\/td>\n<\/tr>\n<tr>\n<td>\u00c7ekirdek Bile\u015fenler<\/td>\n<td>kartu\u015f filtre kab\u0131<\/td>\n<\/tr>\n<tr>\n<td>Tedarik Yetene\u011fi<\/td>\n<td>Ayda 500 Adet \/ Adet \u00c7ok kartu\u015flu s\u0131hhi g\u00f6vde<\/td>\n<\/tr>\n<\/tbody>\n<\/table>","protected":false},"featured_media":4589,"comment_status":"open","ping_status":"closed","template":"","meta":{"_gspb_post_css":""},"product_brand":[],"product_cat":[15],"product_tag":[1661,1714,1264,1349,34,44],"class_list":{"0":"post-4588","1":"product","2":"type-product","3":"status-publish","4":"has-post-thumbnail","6":"product_cat-stainless-steel-filter-housing","7":"product_tag-factory-price-filter-housing","8":"product_tag-industrial-purification-filter","9":"product_tag-industrial-water-filter-housing","10":"product_tag-lvyuan-ss316-filter-housing","11":"product_tag-stainless-steel-filter-housing","12":"product_tag-water-filtration-system","14":"first","15":"instock","16":"shipping-taxable","17":"product-type-simple"},"_links":{"self":[{"href":"https:\/\/lyfilter.com\/tr\/wp-json\/wp\/v2\/product\/4588","targetHints":{"allow":["GET"]}}],"collection":[{"href":"https:\/\/lyfilter.com\/tr\/wp-json\/wp\/v2\/product"}],"about":[{"href":"https:\/\/lyfilter.com\/tr\/wp-json\/wp\/v2\/types\/product"}],"replies":[{"embeddable":true,"href":"https:\/\/lyfilter.com\/tr\/wp-json\/wp\/v2\/comments?post=4588"}],"wp:featuredmedia":[{"embeddable":true,"href":"https:\/\/lyfilter.com\/tr\/wp-json\/wp\/v2\/media\/4589"}],"wp:attachment":[{"href":"https:\/\/lyfilter.com\/tr\/wp-json\/wp\/v2\/media?parent=4588"}],"wp:term":[{"taxonomy":"product_brand","embeddable":true,"href":"https:\/\/lyfilter.com\/tr\/wp-json\/wp\/v2\/product_brand?post=4588"},{"taxonomy":"product_cat","embeddable":true,"href":"https:\/\/lyfilter.com\/tr\/wp-json\/wp\/v2\/product_cat?post=4588"},{"taxonomy":"product_tag","embeddable":true,"href":"https:\/\/lyfilter.com\/tr\/wp-json\/wp\/v2\/product_tag?post=4588"}],"curies":[{"name":"wp","href":"https:\/\/api.w.org\/{rel}","templated":true}]}}