{"id":4582,"date":"2026-04-05T03:53:37","date_gmt":"2026-04-05T03:53:37","guid":{"rendered":"https:\/\/lyfilter.com\/"},"modified":"2026-05-08T01:26:46","modified_gmt":"2026-05-08T01:26:46","slug":"stainless-steel-304-316l-sterile-air-filter-and-steam-filter-housing","status":"publish","type":"product","link":"https:\/\/lyfilter.com\/tr\/stainless-steel-304-316l-sterile-air-filter-and-steam-filter-housing\/","title":{"rendered":"Paslanmaz \u00c7elik 304 316L Steril Hava Filtresi ve Buhar Filtresi Muhafazas\u0131"},"content":{"rendered":"<p><strong>Paslanmaz \u00c7elik 304 316L Steril Hava Filtresi ve Buhar Filtresi Muhafazas\u0131<\/strong><\/p>\n<ul>\n<li>Boyut - Filtre boyutunuza uygun bir muhafaza ald\u0131\u011f\u0131n\u0131zdan emin olun. Yayg\u0131n boyutlar 12x24x1, 16x25x1, 20x25x1 in\u00e7tir. Do\u011fru boyutu bulmak i\u00e7in mevcut filtrenizi \u00f6l\u00e7\u00fcn.<\/li>\n<li>Malzeme - Paslanmaz \u00e7elik dayan\u0131kl\u0131d\u0131r ve temizlenmesi kolayd\u0131r. Korozyon direnci i\u00e7in 304 veya 316 kalite paslanmaz oldu\u011fundan emin olun.<\/li>\n<li>Conta - Hava s\u0131z\u0131nt\u0131lar\u0131n\u0131 \u00f6nlemek i\u00e7in s\u0131k\u0131 bir s\u0131zd\u0131rmazl\u0131k contas\u0131 aray\u0131n. K\u00f6p\u00fck veya kau\u00e7uk contalar iyi sonu\u00e7 verir.<\/li>\n<li>Eri\u015fim - \u00c7\u0131kar\u0131labilir kapakl\u0131 veya yan eri\u015fim panelli muhafazalar filtrelerin de\u011fi\u015ftirilmesini kolayla\u015ft\u0131r\u0131r. Yaln\u0131zca \u00fcstten eri\u015fim daha zor olabilir.<\/li>\n<li>Montaj - Kurulumunuza uygun bir muhafaza se\u00e7in - yatay, dikey veya kanall\u0131 montaj.<\/li>\n<li>Hava ak\u0131\u015f\u0131 - Hava ak\u0131\u015f\u0131 derecesini kontrol edin ve HVAC sisteminizin hava ak\u0131\u015f\u0131yla e\u015fle\u015fti\u011finden veya a\u015ft\u0131\u011f\u0131ndan emin olun. \u00c7ok k\u00fc\u00e7\u00fckse hava ak\u0131\u015f\u0131n\u0131 k\u0131s\u0131tlayacakt\u0131r.<\/li>\n<li>Bas\u0131n\u00e7 - Merkezi HVAC sistemleri i\u00e7in, muhafaza sisteminizin gerektirdi\u011fi statik bas\u0131n\u00e7 i\u00e7in derecelendirilmelidir.<\/li>\n<li>\u00d6zellikler - Filtre durumunu kontrol etmek i\u00e7in g\u00f6zetleme cam\u0131 veya s\u0131k\u0131\u015fan havay\u0131 bo\u015faltmak i\u00e7in manuel hava deli\u011fi gibi ek \u00f6zellikler faydal\u0131 olabilir.<\/li>\n<\/ul>","protected":false},"excerpt":{"rendered":"<table>\n<thead>\n<tr>\n<th>Saha<\/th>\n<th>De\u011fer<\/th>\n<th>Saha<\/th>\n<th>De\u011fer<\/th>\n<\/tr>\n<\/thead>\n<tbody>\n<tr>\n<td>Ba\u015flang\u0131\u00e7 Liman\u0131<\/td>\n<td>Guangzhou<\/td>\n<td>\u00dcretim Kapasitesi<\/td>\n<td>10000 adet\/Ay<\/td>\n<\/tr>\n<tr>\n<td>Men\u015fe Yeri<\/td>\n<td>Guangdong, \u00c7in<\/td>\n<td>\u00d6deme<\/td>\n<td>T \/ T, Alibaba Ticaret G\u00fcvencesi, OA<\/td>\n<\/tr>\n<tr>\n<td>ADEDI<\/td>\n<td>1 adet<\/td>\n<td>Model<\/td>\n<td>LY-FB<\/td>\n<\/tr>\n<tr>\n<td>Teslimat S\u00fcresi<\/td>\n<td>7 i\u015f g\u00fcn\u00fc i\u00e7erisinde<\/td>\n<td>Sertifikasyon<\/td>\n<td>ISO 9001<\/td>\n<\/tr>\n<tr>\n<td>Marka<\/td>\n<td>OEM\/Lvyuan<\/td>\n<td><\/td>\n<td><\/td>\n<\/tr>\n<\/tbody>\n<\/table>","protected":false},"featured_media":4587,"comment_status":"open","ping_status":"closed","template":"","meta":{"_gspb_post_css":""},"product_brand":[],"product_cat":[15],"product_tag":[1680,1534,1356,1646,1210,1713],"class_list":{"0":"post-4582","1":"product","2":"type-product","3":"status-publish","4":"has-post-thumbnail","6":"product_cat-stainless-steel-filter-housing","7":"product_tag-compressed-air-filtration","8":"product_tag-inversafilterpurification","9":"product_tag-stainless-steel-304-filter-housing","10":"product_tag-stainless-steel-316l-filter-housing","11":"product_tag-steam-filter-housing","12":"product_tag-sterile-air-filter-housing","14":"first","15":"instock","16":"shipping-taxable","17":"product-type-simple"},"_links":{"self":[{"href":"https:\/\/lyfilter.com\/tr\/wp-json\/wp\/v2\/product\/4582","targetHints":{"allow":["GET"]}}],"collection":[{"href":"https:\/\/lyfilter.com\/tr\/wp-json\/wp\/v2\/product"}],"about":[{"href":"https:\/\/lyfilter.com\/tr\/wp-json\/wp\/v2\/types\/product"}],"replies":[{"embeddable":true,"href":"https:\/\/lyfilter.com\/tr\/wp-json\/wp\/v2\/comments?post=4582"}],"wp:featuredmedia":[{"embeddable":true,"href":"https:\/\/lyfilter.com\/tr\/wp-json\/wp\/v2\/media\/4587"}],"wp:attachment":[{"href":"https:\/\/lyfilter.com\/tr\/wp-json\/wp\/v2\/media?parent=4582"}],"wp:term":[{"taxonomy":"product_brand","embeddable":true,"href":"https:\/\/lyfilter.com\/tr\/wp-json\/wp\/v2\/product_brand?post=4582"},{"taxonomy":"product_cat","embeddable":true,"href":"https:\/\/lyfilter.com\/tr\/wp-json\/wp\/v2\/product_cat?post=4582"},{"taxonomy":"product_tag","embeddable":true,"href":"https:\/\/lyfilter.com\/tr\/wp-json\/wp\/v2\/product_tag?post=4582"}],"curies":[{"name":"wp","href":"https:\/\/api.w.org\/{rel}","templated":true}]}}