{"id":4579,"date":"2026-04-05T03:48:57","date_gmt":"2026-04-05T03:48:57","guid":{"rendered":"https:\/\/lyfilter.com\/"},"modified":"2026-04-05T03:48:57","modified_gmt":"2026-04-05T03:48:57","slug":"newest-5-micron-stainless-steel-filter-factory-direct-supply-for-water-purification","status":"publish","type":"product","link":"https:\/\/lyfilter.com\/tr\/newest-5-micron-stainless-steel-filter-factory-direct-supply-for-water-purification\/","title":{"rendered":"Su Ar\u0131tma i\u00e7in Yeni 5 Mikron Paslanmaz \u00c7elik Filtre Fabrikas\u0131 Do\u011frudan Tedarik"},"content":{"rendered":"<p>Bu 5 mikron paslanmaz \u00e7elik filtre, dayan\u0131kl\u0131 yap\u0131s\u0131 ve sabit ak\u0131\u015f\u0131 ile su ar\u0131tmay\u0131 destekler. Daha ince partik\u00fclleri azaltmaya, sistem g\u00fcvenilirli\u011fini art\u0131rmaya ve g\u00fcnl\u00fck filtreleme ihtiya\u00e7lar\u0131 i\u00e7in pratik performans sunmaya yard\u0131mc\u0131 olur.<\/p>","protected":false},"excerpt":{"rendered":"<table>\n<thead>\n<tr>\n<th>Saha<\/th>\n<th>De\u011fer<\/th>\n<th>Saha<\/th>\n<th>De\u011fer<\/th>\n<\/tr>\n<\/thead>\n<tbody>\n<tr>\n<td>Garanti Sonras\u0131 Hizmet<\/td>\n<td>\u00c7evrimi\u00e7i destek<\/td>\n<td>Yerel Hizmet Konumu<\/td>\n<td>Hi\u00e7biri<\/td>\n<\/tr>\n<tr>\n<td>Showroom Konumu<\/td>\n<td>Hi\u00e7biri<\/td>\n<td>Video giden-denetim<\/td>\n<td>Sa\u011fland\u0131<\/td>\n<\/tr>\n<tr>\n<td>Makine Test Raporu<\/td>\n<td>Sa\u011fland\u0131<\/td>\n<td>Pazarlama T\u00fcr\u00fc<\/td>\n<td>S\u0131radan \u00dcr\u00fcn<\/td>\n<\/tr>\n<tr>\n<td>\u00c7ekirdek bile\u015fenlerin garantisi<\/td>\n<td>1 Y\u0131l<\/td>\n<td>\u00c7ekirdek Bile\u015fenler<\/td>\n<td>Bas\u0131n\u00e7l\u0131 kap<\/td>\n<\/tr>\n<tr>\n<td>Men\u015fe Yeri<\/td>\n<td>Guangdong, \u00c7in<\/td>\n<td>Marka Ad\u0131<\/td>\n<td>Lvyuan\/OEM<\/td>\n<\/tr>\n<tr>\n<td>Garanti<\/td>\n<td>1 Y\u0131l<\/td>\n<td>Sa\u011flanan Sat\u0131\u015f Sonras\u0131 Hizmet<\/td>\n<td>\u00c7evrimi\u00e7i destek<\/td>\n<\/tr>\n<tr>\n<td>\u00dcr\u00fcn ad\u0131<\/td>\n<td>ss 316 di acqua filtro a cartuccia<\/td>\n<td>Mikron Oran\u0131<\/td>\n<td>0,1 ila 300 mikron<\/td>\n<\/tr>\n<tr>\n<td>OEM boyut<\/td>\n<td>Mevcut<\/td>\n<td>Uzunluk<\/td>\n<td>5\u2033, 10\u2033, 20\u2033, 30\u2033, 40\u2033, 50\u201d, 60\u201d in\u00e7<\/td>\n<\/tr>\n<tr>\n<td>Paslanmaz \u00e7elik Malzeme<\/td>\n<td>304, 316, 316L<\/td>\n<td>Aray\u00fcz formu<\/td>\n<td>222,226,215, M36, M24, M22, M20 di\u015fli aray\u00fcz\u00fc<\/td>\n<\/tr>\n<tr>\n<td>Katman<\/td>\n<td>pileli\/mesh kartu\u015f filtre<\/td>\n<td>Kullan\u0131m<\/td>\n<td>gaz, s\u0131v\u0131 filtrasyonu<\/td>\n<\/tr>\n<tr>\n<td>Is\u0131 direnci<\/td>\n<td>- 200 - 500 derece<\/td>\n<td>\u00c7al\u0131\u015fma bas\u0131nc\u0131<\/td>\n<td>0,1 ila 30Mpa<\/td>\n<\/tr>\n<tr>\n<td>Tedarik Yetene\u011fi<\/td>\n<td>G\u00fcnde 5000 Adet \/ Adet<\/td>\n<td>\u00dcr\u00fcn<\/td>\n<td>ss 316 filtre kartu\u015fu<\/td>\n<\/tr>\n<\/tbody>\n<\/table>","protected":false},"featured_media":4581,"comment_status":"open","ping_status":"closed","template":"","meta":{"_gspb_post_css":""},"product_brand":[],"product_cat":[18],"product_tag":[1711,1712,1170,1534,1243,1182],"class_list":{"0":"post-4579","1":"product","2":"type-product","3":"status-publish","4":"has-post-thumbnail","6":"product_cat-sintered-metal-filters","7":"product_tag-5-micron-stainless-steel-filter","8":"product_tag-factory-direct-filter-supply","9":"product_tag-industrial-filtration-cartridge","10":"product_tag-inversafilterpurification","11":"product_tag-stainless-steel-water-filter","12":"product_tag-water-purification-filter","14":"first","15":"instock","16":"shipping-taxable","17":"product-type-simple"},"_links":{"self":[{"href":"https:\/\/lyfilter.com\/tr\/wp-json\/wp\/v2\/product\/4579","targetHints":{"allow":["GET"]}}],"collection":[{"href":"https:\/\/lyfilter.com\/tr\/wp-json\/wp\/v2\/product"}],"about":[{"href":"https:\/\/lyfilter.com\/tr\/wp-json\/wp\/v2\/types\/product"}],"replies":[{"embeddable":true,"href":"https:\/\/lyfilter.com\/tr\/wp-json\/wp\/v2\/comments?post=4579"}],"wp:featuredmedia":[{"embeddable":true,"href":"https:\/\/lyfilter.com\/tr\/wp-json\/wp\/v2\/media\/4581"}],"wp:attachment":[{"href":"https:\/\/lyfilter.com\/tr\/wp-json\/wp\/v2\/media?parent=4579"}],"wp:term":[{"taxonomy":"product_brand","embeddable":true,"href":"https:\/\/lyfilter.com\/tr\/wp-json\/wp\/v2\/product_brand?post=4579"},{"taxonomy":"product_cat","embeddable":true,"href":"https:\/\/lyfilter.com\/tr\/wp-json\/wp\/v2\/product_cat?post=4579"},{"taxonomy":"product_tag","embeddable":true,"href":"https:\/\/lyfilter.com\/tr\/wp-json\/wp\/v2\/product_tag?post=4579"}],"curies":[{"name":"wp","href":"https:\/\/api.w.org\/{rel}","templated":true}]}}