{"id":4559,"date":"2026-04-05T03:34:48","date_gmt":"2026-04-05T03:34:48","guid":{"rendered":"https:\/\/lyfilter.com\/"},"modified":"2026-04-05T03:34:48","modified_gmt":"2026-04-05T03:34:48","slug":"10-20-30-40-inch-high-flow-ss-water-filter-housing-stainless-steel-housing-with-cartridge-filter","status":"publish","type":"product","link":"https:\/\/lyfilter.com\/tr\/10-20-30-40-inch-high-flow-ss-water-filter-housing-stainless-steel-housing-with-cartridge-filter\/","title":{"rendered":"10 20 30 40 \u0130n\u00e7 Y\u00fcksek Ak\u0131\u015fl\u0131 SS Su Filtresi Muhafazas\u0131 \/ Kartu\u015f Filtreli Paslanmaz \u00c7elik Muhafaza"},"content":{"rendered":"<p>Bu y\u00fcksek ak\u0131\u015fl\u0131 SS su filtresi muhafazas\u0131, esnek ar\u0131tma ihtiya\u00e7lar\u0131 i\u00e7in 10, 20, 30 ve 40 in\u00e7 boyutlar\u0131nda gelir. Paslanmaz \u00e7elik yap\u0131s\u0131 g\u00fc\u00e7l\u00fc kartu\u015f filtrasyonunu, sabit ak\u0131\u015f\u0131 ve sistem kullan\u0131m\u0131nda g\u00fcvenilir performans\u0131 destekler.<\/p>","protected":false},"excerpt":{"rendered":"<table>\n<thead>\n<tr>\n<th>Saha<\/th>\n<th>De\u011fer<\/th>\n<th>Saha<\/th>\n<th>De\u011fer<\/th>\n<\/tr>\n<\/thead>\n<tbody>\n<tr>\n<td>Men\u015fe Yeri<\/td>\n<td>Guangdong, \u00c7in<\/td>\n<td>Marka Ad\u0131<\/td>\n<td>Lvyuan, OEM, ODM<\/td>\n<\/tr>\n<tr>\n<td>Malzeme<\/td>\n<td>paslanmaz \u00e7elik<\/td>\n<td>A\u011f\u0131rl\u0131k<\/td>\n<td>\u00f6zelle\u015ftirilmi\u015f<\/td>\n<\/tr>\n<tr>\n<td>Boyut<\/td>\n<td>\u00f6zelle\u015ftirilmi\u015f, 10\u201d, 20\u201d, 30\u201d, 40\u201d<\/td>\n<td>G\u00fc\u00e7<\/td>\n<td>0<\/td>\n<\/tr>\n<tr>\n<td>Garanti<\/td>\n<td>1 Y\u0131l<\/td>\n<td>Sa\u011flanan Sat\u0131\u015f Sonras\u0131 Hizmet<\/td>\n<td>\u00c7evrimi\u00e7i destek<\/td>\n<\/tr>\n<tr>\n<td>\u00d6zellik<\/td>\n<td>kolayca taksitlendirme<\/td>\n<td>Sertifikasyon<\/td>\n<td>SGS<\/td>\n<\/tr>\n<tr>\n<td>\u015eekil<\/td>\n<td>Silindir<\/td>\n<td>Kullan\u0131m<\/td>\n<td>su fi\u0307ltreleme<\/td>\n<\/tr>\n<tr>\n<td>Uygulama<\/td>\n<td>end\u00fcstri<\/td>\n<td>y\u00fczey<\/td>\n<td>Cilal\u0131<\/td>\n<\/tr>\n<tr>\n<td>Model<\/td>\n<td>LY03<\/td>\n<td>Hammadde<\/td>\n<td>paslanmaz \u00e7elik<\/td>\n<\/tr>\n<tr>\n<td>\u00c7al\u0131\u015fma bas\u0131nc\u0131<\/td>\n<td>150Psi<\/td>\n<td>Tedarik Yetene\u011fi<\/td>\n<td>Y\u0131l ba\u015f\u0131na 5000 Adet \/ Adet<\/td>\n<\/tr>\n<\/tbody>\n<\/table>","protected":false},"featured_media":4561,"comment_status":"open","ping_status":"closed","template":"","meta":{"_gspb_post_css":""},"product_brand":[],"product_cat":[15],"product_tag":[1702,1701,1700,1534,34,1703],"class_list":{"0":"post-4559","1":"product","2":"type-product","3":"status-publish","4":"has-post-thumbnail","6":"product_cat-stainless-steel-filter-housing","7":"product_tag-10-20-30-40-inch-filter-housing","8":"product_tag-cartridge-filter-housing","9":"product_tag-high-flow-ss-water-filter-housing","10":"product_tag-inversafilterpurification","11":"product_tag-stainless-steel-filter-housing","12":"product_tag-water-purification-housing","14":"first","15":"instock","16":"shipping-taxable","17":"product-type-simple"},"_links":{"self":[{"href":"https:\/\/lyfilter.com\/tr\/wp-json\/wp\/v2\/product\/4559","targetHints":{"allow":["GET"]}}],"collection":[{"href":"https:\/\/lyfilter.com\/tr\/wp-json\/wp\/v2\/product"}],"about":[{"href":"https:\/\/lyfilter.com\/tr\/wp-json\/wp\/v2\/types\/product"}],"replies":[{"embeddable":true,"href":"https:\/\/lyfilter.com\/tr\/wp-json\/wp\/v2\/comments?post=4559"}],"wp:featuredmedia":[{"embeddable":true,"href":"https:\/\/lyfilter.com\/tr\/wp-json\/wp\/v2\/media\/4561"}],"wp:attachment":[{"href":"https:\/\/lyfilter.com\/tr\/wp-json\/wp\/v2\/media?parent=4559"}],"wp:term":[{"taxonomy":"product_brand","embeddable":true,"href":"https:\/\/lyfilter.com\/tr\/wp-json\/wp\/v2\/product_brand?post=4559"},{"taxonomy":"product_cat","embeddable":true,"href":"https:\/\/lyfilter.com\/tr\/wp-json\/wp\/v2\/product_cat?post=4559"},{"taxonomy":"product_tag","embeddable":true,"href":"https:\/\/lyfilter.com\/tr\/wp-json\/wp\/v2\/product_tag?post=4559"}],"curies":[{"name":"wp","href":"https:\/\/api.w.org\/{rel}","templated":true}]}}