{"id":4552,"date":"2026-04-05T03:27:37","date_gmt":"2026-04-05T03:27:37","guid":{"rendered":"https:\/\/lyfilter.com\/"},"modified":"2026-04-05T03:27:37","modified_gmt":"2026-04-05T03:27:37","slug":"lvyuan-filter-stainless-steel-filter-elements-series-for-purify","status":"publish","type":"product","link":"https:\/\/lyfilter.com\/tr\/lvyuan-filter-stainless-steel-filter-elements-series-for-purify\/","title":{"rendered":"Lvyuan Filtre Paslanmaz \u00c7elik Filtre Elemanlar\u0131 Serisi Ar\u0131nd\u0131rmak \u0130\u00e7in"},"content":{"rendered":"<p><b>\u015eirket Avantajlar\u0131<\/b><br \/>\n<b>1.<\/b>\u00a0\u00dcretim\u00a0<a href=\"https:\/\/lyfilter.com\/tr\/\">Lvyuan Filtre<\/a>\u00a0birka\u00e7 \u00f6nemli a\u015fama i\u00e7erir. Bunlar temel olarak mekanik \u00e7izim tasar\u0131m\u0131, metal malzeme haz\u0131rlama, par\u00e7a imalat\u0131 ve kayna\u011f\u0131, montaj ve devreye alma i\u015flemlerini i\u00e7erir. Filtre ortam\u0131n\u0131n derinli\u011fi boyunca farkl\u0131 g\u00f6zeneklilik vard\u0131r<br \/>\n<b>2.<\/b>\u00a0\u00dcr\u00fcn d\u00fc\u015f\u00fck \u0131s\u0131 iletkenli\u011fine sahiptir ve iyi bir yal\u0131tkand\u0131r. \u0130nsanlar bunu bir tabakta servis etmek i\u00e7in kullanabilir veya dokunulamayacak kadar s\u0131cak endi\u015fesi olmadan s\u0131cak su tutmak i\u00e7in kullanabilir. Filtre ortam\u0131, tutarl\u0131 ak\u0131\u015f h\u0131zlar\u0131 sa\u011flarken elyaf sal\u0131n\u0131m\u0131n\u0131 \u00f6nlemek i\u00e7in termal olarak ba\u011flanm\u0131\u015ft\u0131r<br \/>\n<b>3.<\/b>\u00a0\u00dcr\u00fcn korozyona kar\u015f\u0131 hassas de\u011fildir. Y\u00fczeyi, koruyucu bir i\u015flevi olan mekanik bir boya tabakas\u0131 ile i\u015flenmi\u015ftir. Filtrasyon hassasiyetini etkili bir \u015fekilde kontrol edebilir<br \/>\n<b>4.<\/b>\u00a0\u00dcr\u00fcn sa\u011flam bir yap\u0131ya sahiptir. Maruz kald\u0131\u011f\u0131 \u00e7al\u0131\u015fma ko\u015fullar\u0131na ve ortamlara dayanabilecek mekanik olarak sa\u011flam bir tasar\u0131ma sahiptir. 1'den 100 \u03bcm'ye kadar \u00e7ok \u00e7e\u015fitli mikron de\u011ferlerinde mevcuttur<br \/>\n<b>5.<\/b>\u00a0\u00dcr\u00fcn iyi \u0131s\u0131 da\u011f\u0131l\u0131m\u0131 \u00f6zelli\u011fine sahiptir. Havaland\u0131rma delikleri \u00f6nden arkaya hava ak\u0131\u015f\u0131n\u0131 destekler ve serin kalmas\u0131n\u0131 sa\u011flayarak sorunsuz \u00e7al\u0131\u015fmas\u0131na katk\u0131da bulunur. Geli\u015fmi\u015f verimlilik i\u00e7in t\u00fcm kesit boyunca kirleticileri yakalamaya yard\u0131mc\u0131 olmak \u00fczere kademeli g\u00f6zeneklerle tasarlanm\u0131\u015ft\u0131r<\/p>\n<div class=\"pro_aliData\">\n<div class=\"detail-box\">\n<div class=\"scc-wrapper detail-module module-cspu\" data-module=\"cspu\"><\/div>\n<div class=\"scc-wrapper detail-module module-productPackagingAndQuickDetail\" data-spm=\"prilinga1e\">\n<div class=\"widget-detail-overview\">\n<div class=\"do-title\">Genel Bak\u0131\u015f<\/div>\n<div id=\"car-parts-model\"><\/div>\n<div class=\"do-content\">\n<div class=\"do-overview\">\n<div class=\"do-entry do-entry-separate\">\n<div class=\"do-entry-title\">H\u0131zl\u0131 Ayr\u0131nt\u0131lar<\/div>\n<\/div>\n<\/div>\n<\/div>\n<\/div>\n<\/div>\n<\/div>\n<\/div>","protected":false},"excerpt":{"rendered":"<table>\n<thead>\n<tr>\n<th>Saha<\/th>\n<th>De\u011fer<\/th>\n<th>Saha<\/th>\n<th>De\u011fer<\/th>\n<\/tr>\n<\/thead>\n<tbody>\n<tr>\n<td>Garanti Sonras\u0131 Hizmet<\/td>\n<td>\u00c7evrimi\u00e7i destek<\/td>\n<td>Yerel Hizmet Konumu<\/td>\n<td>Hi\u00e7biri<\/td>\n<\/tr>\n<tr>\n<td>Showroom Konumu<\/td>\n<td>Hi\u00e7biri<\/td>\n<td>Video giden-denetim<\/td>\n<td>Sa\u011fland\u0131<\/td>\n<\/tr>\n<tr>\n<td>Makine Test Raporu<\/td>\n<td>Sa\u011fland\u0131<\/td>\n<td>Pazarlama T\u00fcr\u00fc<\/td>\n<td>S\u0131radan \u00dcr\u00fcn<\/td>\n<\/tr>\n<tr>\n<td>\u00c7ekirdek bile\u015fenlerin garantisi<\/td>\n<td>1 Y\u0131l<\/td>\n<td>\u00c7ekirdek Bile\u015fenler<\/td>\n<td>Bas\u0131n\u00e7l\u0131 kap<\/td>\n<\/tr>\n<tr>\n<td>Men\u015fe Yeri<\/td>\n<td>Guangdong, \u00c7in<\/td>\n<td>Marka Ad\u0131<\/td>\n<td>Lvyuan\/OEM<\/td>\n<\/tr>\n<tr>\n<td>Garanti<\/td>\n<td>1 Y\u0131l<\/td>\n<td>Sa\u011flanan Sat\u0131\u015f Sonras\u0131 Hizmet<\/td>\n<td>\u00c7evrimi\u00e7i destek<\/td>\n<\/tr>\n<tr>\n<td>\u00dcr\u00fcn ad\u0131<\/td>\n<td>SS pileli filtre kartu\u015fu<\/td>\n<td>Mikron Oran\u0131<\/td>\n<td>0,1 ila 300 mikron<\/td>\n<\/tr>\n<tr>\n<td>OEM boyut<\/td>\n<td>Mevcut<\/td>\n<td>Uzunluk<\/td>\n<td>5\u2033, 10\u2033, 20\u2033, 30\u2033, 40\u2033, 50\u201d, 60\u201d in\u00e7<\/td>\n<\/tr>\n<tr>\n<td>Paslanmaz \u00e7elik Malzeme<\/td>\n<td>304, 316, 316L<\/td>\n<td>Aray\u00fcz formu<\/td>\n<td>222,226,215, M36, M24, M22, M20 di\u015fli aray\u00fcz\u00fc<\/td>\n<\/tr>\n<tr>\n<td>Katman<\/td>\n<td>pileli\/mesh kartu\u015f filtre<\/td>\n<td>Kullan\u0131m<\/td>\n<td>gaz, s\u0131v\u0131 filtrasyonu<\/td>\n<\/tr>\n<tr>\n<td>Is\u0131 direnci<\/td>\n<td>- 200 - 500 derece<\/td>\n<td>\u00c7al\u0131\u015fma bas\u0131nc\u0131<\/td>\n<td>0,1 ila 30Mpa<\/td>\n<\/tr>\n<tr>\n<td>Tedarik Yetene\u011fi<\/td>\n<td>G\u00fcnde 5000 Adet \/ Adet<\/td>\n<td>\u00dcr\u00fcn<\/td>\n<td>kod 7 fi\u0307ltre kartu\u015fu<\/td>\n<\/tr>\n<\/tbody>\n<\/table>","protected":false},"featured_media":4554,"comment_status":"open","ping_status":"closed","template":"","meta":{"_gspb_post_css":""},"product_brand":[],"product_cat":[18],"product_tag":[1697,1534,1242,1696,1695,340],"class_list":{"0":"post-4552","1":"product","2":"type-product","3":"status-publish","4":"has-post-thumbnail","6":"product_cat-sintered-metal-filters","7":"product_tag-industrial-filtration-element","8":"product_tag-inversafilterpurification","9":"product_tag-lvyuan-filter","10":"product_tag-purification-filter-series","11":"product_tag-stainless-steel-filter-elements","12":"product_tag-water-treatment-filter","14":"first","15":"instock","16":"shipping-taxable","17":"product-type-simple"},"_links":{"self":[{"href":"https:\/\/lyfilter.com\/tr\/wp-json\/wp\/v2\/product\/4552","targetHints":{"allow":["GET"]}}],"collection":[{"href":"https:\/\/lyfilter.com\/tr\/wp-json\/wp\/v2\/product"}],"about":[{"href":"https:\/\/lyfilter.com\/tr\/wp-json\/wp\/v2\/types\/product"}],"replies":[{"embeddable":true,"href":"https:\/\/lyfilter.com\/tr\/wp-json\/wp\/v2\/comments?post=4552"}],"wp:featuredmedia":[{"embeddable":true,"href":"https:\/\/lyfilter.com\/tr\/wp-json\/wp\/v2\/media\/4554"}],"wp:attachment":[{"href":"https:\/\/lyfilter.com\/tr\/wp-json\/wp\/v2\/media?parent=4552"}],"wp:term":[{"taxonomy":"product_brand","embeddable":true,"href":"https:\/\/lyfilter.com\/tr\/wp-json\/wp\/v2\/product_brand?post=4552"},{"taxonomy":"product_cat","embeddable":true,"href":"https:\/\/lyfilter.com\/tr\/wp-json\/wp\/v2\/product_cat?post=4552"},{"taxonomy":"product_tag","embeddable":true,"href":"https:\/\/lyfilter.com\/tr\/wp-json\/wp\/v2\/product_tag?post=4552"}],"curies":[{"name":"wp","href":"https:\/\/api.w.org\/{rel}","templated":true}]}}