{"id":4534,"date":"2026-04-05T03:08:08","date_gmt":"2026-04-05T03:08:08","guid":{"rendered":"https:\/\/lyfilter.com\/"},"modified":"2026-04-05T03:08:08","modified_gmt":"2026-04-05T03:08:08","slug":"lvyuan-filter-creative-pp-water-filter-with-good-price-for-water-purifier","status":"publish","type":"product","link":"https:\/\/lyfilter.com\/tr\/lvyuan-filter-creative-pp-water-filter-with-good-price-for-water-purifier\/","title":{"rendered":"Lvyuan Filtre Su Ar\u0131tma Cihaz\u0131 \u0130\u00e7in \u0130yi Fiyatl\u0131 Yarat\u0131c\u0131 PP Su Filtresi"},"content":{"rendered":"<p>Lvyuan yarat\u0131c\u0131 PP su filtresi, su ar\u0131tma sistemlerinin ev kullan\u0131m\u0131 i\u00e7in temiz ak\u0131\u015f sa\u011flamas\u0131na yard\u0131mc\u0131 olur. Partik\u00fcl azaltmay\u0131, istikrarl\u0131 performans\u0131 ve pratik ev filtreleme ihtiya\u00e7lar\u0131 i\u00e7in iyi \u00e7al\u0131\u015fan b\u00fct\u00e7e dostu bir hissi destekler.<\/p>","protected":false},"excerpt":{"rendered":"<table>\n<thead>\n<tr>\n<th>Saha<\/th>\n<th>De\u011fer<\/th>\n<th>Saha<\/th>\n<th>De\u011fer<\/th>\n<\/tr>\n<\/thead>\n<tbody>\n<tr>\n<td>Men\u015fe Yeri<\/td>\n<td>Guangdong, \u00c7in<\/td>\n<td>Marka Ad\u0131<\/td>\n<td>Lvyuan \/ OEM<\/td>\n<\/tr>\n<tr>\n<td>Malzeme<\/td>\n<td>karton<\/td>\n<td>A\u011f\u0131rl\u0131k<\/td>\n<td>ba\u011fl\u0131d\u0131r<\/td>\n<\/tr>\n<tr>\n<td>Boyut<\/td>\n<td>ba\u011fl\u0131d\u0131r<\/td>\n<td>G\u00fc\u00e7<\/td>\n<td>0<\/td>\n<\/tr>\n<tr>\n<td>Garanti<\/td>\n<td>Kullan\u0131lam\u0131yor<\/td>\n<td>\u00dcr\u00fcn ad\u0131<\/td>\n<td>20 in\u00e7 su filtresi<\/td>\n<\/tr>\n<tr>\n<td>Mikron Oran\u0131<\/td>\n<td>1, 3, 5, 10 mikron filtre kartu\u015fu<\/td>\n<td>Sertifikasyon<\/td>\n<td>CE SGS<\/td>\n<\/tr>\n<tr>\n<td>uygulama<\/td>\n<td>su filtresi par\u00e7alar\u0131, Ters Osmoz<\/td>\n<td>Uzunluk<\/td>\n<td>5\u2033, 10\u2033, 20\u2033, 30\u2033, 40\u2033, 50\u201d in\u00e7<\/td>\n<\/tr>\n<tr>\n<td>Filtre Ortam\u0131<\/td>\n<td>Polipropilen PP membran<\/td>\n<td>U\u00e7 Kapa\u011f\u0131<\/td>\n<td>DOE,222+Fin,222+Flat,226+Fin,226+Flat<\/td>\n<\/tr>\n<tr>\n<td>Conta\/O halka malzemesi<\/td>\n<td>Silikon\/EPDM\/Viton<\/td>\n<td>Kullan\u0131m<\/td>\n<td>S\u0131v\u0131 Kartu\u015f filtre<\/td>\n<\/tr>\n<tr>\n<td>\u0130\u00e7 \u00e7ekirdek<\/td>\n<td>PP veya Yok<\/td>\n<td>Sa\u011flanan Sat\u0131\u015f Sonras\u0131 Hizmet<\/td>\n<td>\u00c7evrimi\u00e7i destek<\/td>\n<\/tr>\n<tr>\n<td>Tedarik Yetene\u011fi<\/td>\n<td>G\u00fcnde 5000 Adet \/ Adet<\/td>\n<td>\u00dcr\u00fcn<\/td>\n<td>20 in\u00e7 su filtresi<\/td>\n<\/tr>\n<\/tbody>\n<\/table>","protected":false},"featured_media":4535,"comment_status":"open","ping_status":"closed","template":"","meta":{"_gspb_post_css":""},"product_brand":[],"product_cat":[23],"product_tag":[1690,1689,1534,1242,648,1165],"class_list":{"0":"post-4534","1":"product","2":"type-product","3":"status-publish","4":"has-post-thumbnail","6":"product_cat-pp-filter-cartridge","7":"product_tag-budget-water-filter","8":"product_tag-creative-pp-water-filter","9":"product_tag-inversafilterpurification","10":"product_tag-lvyuan-filter","11":"product_tag-pp-filter-cartridge","12":"product_tag-water-purifier-filter","14":"first","15":"instock","16":"shipping-taxable","17":"product-type-simple"},"_links":{"self":[{"href":"https:\/\/lyfilter.com\/tr\/wp-json\/wp\/v2\/product\/4534","targetHints":{"allow":["GET"]}}],"collection":[{"href":"https:\/\/lyfilter.com\/tr\/wp-json\/wp\/v2\/product"}],"about":[{"href":"https:\/\/lyfilter.com\/tr\/wp-json\/wp\/v2\/types\/product"}],"replies":[{"embeddable":true,"href":"https:\/\/lyfilter.com\/tr\/wp-json\/wp\/v2\/comments?post=4534"}],"wp:featuredmedia":[{"embeddable":true,"href":"https:\/\/lyfilter.com\/tr\/wp-json\/wp\/v2\/media\/4535"}],"wp:attachment":[{"href":"https:\/\/lyfilter.com\/tr\/wp-json\/wp\/v2\/media?parent=4534"}],"wp:term":[{"taxonomy":"product_brand","embeddable":true,"href":"https:\/\/lyfilter.com\/tr\/wp-json\/wp\/v2\/product_brand?post=4534"},{"taxonomy":"product_cat","embeddable":true,"href":"https:\/\/lyfilter.com\/tr\/wp-json\/wp\/v2\/product_cat?post=4534"},{"taxonomy":"product_tag","embeddable":true,"href":"https:\/\/lyfilter.com\/tr\/wp-json\/wp\/v2\/product_tag?post=4534"}],"curies":[{"name":"wp","href":"https:\/\/api.w.org\/{rel}","templated":true}]}}