{"id":4521,"date":"2026-04-05T02:56:37","date_gmt":"2026-04-05T02:56:37","guid":{"rendered":"https:\/\/lyfilter.com\/"},"modified":"2026-04-21T02:51:15","modified_gmt":"2026-04-21T02:51:15","slug":"ss-304-316-stainless-steel-filter-housing-sterile-air-filter-for-compressed-air-filtration-system","status":"publish","type":"product","link":"https:\/\/lyfilter.com\/tr\/ss-304-316-stainless-steel-filter-housing-sterile-air-filter-for-compressed-air-filtration-system\/","title":{"rendered":"SS 304 316 Paslanmaz \u00c7elik Filtre Muhafazas\u0131 Bas\u0131n\u00e7l\u0131 Hava Filtrasyon Sistemi \u0130\u00e7in Steril Hava Filtresi"},"content":{"rendered":"<p>Bu SS 304 ve 316 paslanmaz \u00e7elik filtre muhafazas\u0131, steril hava ve bas\u0131n\u00e7l\u0131 hava sistemleri i\u00e7in \u00fcretilmi\u015ftir. Temiz ak\u0131\u015f\u0131 destekler, ekipman\u0131n korunmas\u0131na yard\u0131mc\u0131 olur ve istikrarl\u0131 g\u00fcnl\u00fck kullan\u0131m i\u00e7in g\u00fc\u00e7l\u00fc bir yap\u0131 ile g\u00fcvenilir filtreleme sa\u011flar.<\/p>","protected":false},"excerpt":{"rendered":"<table>\n<thead>\n<tr>\n<th>Saha<\/th>\n<th>De\u011fer<\/th>\n<th>Saha<\/th>\n<th>De\u011fer<\/th>\n<\/tr>\n<\/thead>\n<tbody>\n<tr>\n<td>Men\u015fe Yeri<\/td>\n<td>Guangdong, \u00c7in<\/td>\n<td>Marka Ad\u0131<\/td>\n<td>Lvyuan \/ OEM<\/td>\n<\/tr>\n<tr>\n<td>Malzeme<\/td>\n<td>paslanmaz \u00e7elik<\/td>\n<td>A\u011f\u0131rl\u0131k<\/td>\n<td>ba\u011fl\u0131d\u0131r<\/td>\n<\/tr>\n<tr>\n<td>Boyut<\/td>\n<td>standart, \u00f6zelle\u015fti\u0307rme<\/td>\n<td>G\u00fc\u00e7<\/td>\n<td>0<\/td>\n<\/tr>\n<tr>\n<td>Garanti<\/td>\n<td>1 Y\u0131l<\/td>\n<td>Sa\u011flanan Sat\u0131\u015f Sonras\u0131 Hizmet<\/td>\n<td>\u00c7evrimi\u00e7i destek<\/td>\n<\/tr>\n<tr>\n<td>\u00dcr\u00fcn ad\u0131<\/td>\n<td>Paslanmaz \u00c7elik Hava Filtresi Muhafazas\u0131<\/td>\n<td>muhafaza malzemesi<\/td>\n<td>sus304, 316, 316L<\/td>\n<\/tr>\n<tr>\n<td>Kartu\u015f filtre miktar\u0131<\/td>\n<td>1 - 160 eleman\/yuvarlak<\/td>\n<td>Filtre kartu\u015fu uzunlu\u011fu<\/td>\n<td>5, 10, 20, 30, 40, 60 in\u00e7, OEM<\/td>\n<\/tr>\n<tr>\n<td>Y\u00fczey i\u015fleme<\/td>\n<td>Cilal\u0131 &amp; Kumlama<\/td>\n<td>\u00dcst kapak tak\u0131l\u0131 tip<\/td>\n<td>C\u0131vatalar\/Flan\u015f\/Kelep\u00e7e tipi<\/td>\n<\/tr>\n<tr>\n<td>Kullan\u0131m<\/td>\n<td>su\/s\u0131v\u0131 ar\u0131tma tesisi<\/td>\n<td>Duvar kal\u0131nl\u0131\u011f\u0131<\/td>\n<td>1-5mm<\/td>\n<\/tr>\n<tr>\n<td>Konekt\u00f6r tipi<\/td>\n<td>kod 0 3 6 7 8 9<\/td>\n<td>Sertifikasyon<\/td>\n<td>CE ISO SGS<\/td>\n<\/tr>\n<tr>\n<td>Tedarik Yetene\u011fi<\/td>\n<td>Ay ba\u015f\u0131na 2000 Adet \/ Adet<\/td>\n<td>\u00dcr\u00fcn<\/td>\n<td>Steril Hava Filtresi<\/td>\n<\/tr>\n<\/tbody>\n<\/table>","protected":false},"featured_media":4525,"comment_status":"open","ping_status":"closed","template":"","meta":{"_gspb_post_css":""},"product_brand":[],"product_cat":[15],"product_tag":[1680,1534,1448,1678,34,1679],"class_list":{"0":"post-4521","1":"product","2":"type-product","3":"status-publish","4":"has-post-thumbnail","6":"product_cat-stainless-steel-filter-housing","7":"product_tag-compressed-air-filtration","8":"product_tag-inversafilterpurification","9":"product_tag-ss-304-filter-housing","10":"product_tag-ss-316-filter-housing","11":"product_tag-stainless-steel-filter-housing","12":"product_tag-sterile-air-filter","14":"first","15":"instock","16":"shipping-taxable","17":"product-type-simple"},"_links":{"self":[{"href":"https:\/\/lyfilter.com\/tr\/wp-json\/wp\/v2\/product\/4521","targetHints":{"allow":["GET"]}}],"collection":[{"href":"https:\/\/lyfilter.com\/tr\/wp-json\/wp\/v2\/product"}],"about":[{"href":"https:\/\/lyfilter.com\/tr\/wp-json\/wp\/v2\/types\/product"}],"replies":[{"embeddable":true,"href":"https:\/\/lyfilter.com\/tr\/wp-json\/wp\/v2\/comments?post=4521"}],"wp:featuredmedia":[{"embeddable":true,"href":"https:\/\/lyfilter.com\/tr\/wp-json\/wp\/v2\/media\/4525"}],"wp:attachment":[{"href":"https:\/\/lyfilter.com\/tr\/wp-json\/wp\/v2\/media?parent=4521"}],"wp:term":[{"taxonomy":"product_brand","embeddable":true,"href":"https:\/\/lyfilter.com\/tr\/wp-json\/wp\/v2\/product_brand?post=4521"},{"taxonomy":"product_cat","embeddable":true,"href":"https:\/\/lyfilter.com\/tr\/wp-json\/wp\/v2\/product_cat?post=4521"},{"taxonomy":"product_tag","embeddable":true,"href":"https:\/\/lyfilter.com\/tr\/wp-json\/wp\/v2\/product_tag?post=4521"}],"curies":[{"name":"wp","href":"https:\/\/api.w.org\/{rel}","templated":true}]}}