{"id":4514,"date":"2026-04-05T02:51:59","date_gmt":"2026-04-05T02:51:59","guid":{"rendered":"https:\/\/lyfilter.com\/"},"modified":"2026-04-05T02:51:59","modified_gmt":"2026-04-05T02:51:59","slug":"10-20-30-40-inch-pleated-filter-cartridge-0-2-0-45-1-3-5-10-micron-pleated-filter-for-beverage-filtration","status":"publish","type":"product","link":"https:\/\/lyfilter.com\/tr\/10-20-30-40-inch-pleated-filter-cartridge-0-2-0-45-1-3-5-10-micron-pleated-filter-for-beverage-filtration\/","title":{"rendered":"10 20 30 40 \u0130n\u00e7 Pileli Filtre Kartu\u015fu 0.2 0.45 1 3 5 \u0130\u00e7ecek Filtrasyonu \u0130\u00e7in 10 Mikron Pileli Filtre"},"content":{"rendered":"<p>Bu pileli filtre kartu\u015fu, 10, 20, 30 ve 40 in\u00e7 boyutlar\u0131 ve 0,2 ila 10 mikron se\u00e7enekleri ile i\u00e7ecek filtrasyonunu destekler. \u00dcretim hatlar\u0131nda daha temiz ak\u0131\u015f, istikrarl\u0131 \u00e7\u0131kt\u0131 ve g\u00fcvenilir filtreleme sa\u011flamaya yard\u0131mc\u0131 olur.<\/p>","protected":false},"excerpt":{"rendered":"<table>\n<thead>\n<tr>\n<th>Saha<\/th>\n<th>De\u011fer<\/th>\n<th>Saha<\/th>\n<th>De\u011fer<\/th>\n<\/tr>\n<\/thead>\n<tbody>\n<tr>\n<td>Uygulanabilir Sekt\u00f6rler<\/td>\n<td>\u00dcretim Tesisi, Yiyecek ve \u0130\u00e7ecek Fabrikas\u0131, su ar\u0131tma<\/td>\n<td>Garanti Sonras\u0131 Hizmet<\/td>\n<td>\u00c7evrimi\u00e7i destek<\/td>\n<\/tr>\n<tr>\n<td>Yerel Hizmet Konumu<\/td>\n<td>Hi\u00e7biri<\/td>\n<td>Showroom Konumu<\/td>\n<td>Hi\u00e7biri<\/td>\n<\/tr>\n<tr>\n<td>Men\u015fe Yeri<\/td>\n<td>Guangdong, \u00c7in<\/td>\n<td>Marka Ad\u0131<\/td>\n<td>Lvyuan, OEM, ODM<\/td>\n<\/tr>\n<tr>\n<td>Malzeme<\/td>\n<td>pp\/ptfe\/pes\/naylon\/pvdf<\/td>\n<td>A\u011f\u0131rl\u0131k<\/td>\n<td>\u00f6zelle\u015ftirilmi\u015f<\/td>\n<\/tr>\n<tr>\n<td>Boyut<\/td>\n<td>\u00f6zelle\u015ftirilmi\u015f, ince, jumbo<\/td>\n<td>G\u00fc\u00e7<\/td>\n<td>0<\/td>\n<\/tr>\n<tr>\n<td>Garanti<\/td>\n<td>Kullan\u0131lam\u0131yor<\/td>\n<td>\u00d6zellik<\/td>\n<td>filtrasyon alan\u0131n\u0131 art\u0131rd\u0131<\/td>\n<\/tr>\n<tr>\n<td>Sertifikasyon<\/td>\n<td>SGS<\/td>\n<td>\u015eekil<\/td>\n<td>Silindir<\/td>\n<\/tr>\n<tr>\n<td>Uzunluk<\/td>\n<td>10\/20\/30\/40 in\u00e7<\/td>\n<td>Uygulama<\/td>\n<td>end\u00fcstri<\/td>\n<\/tr>\n<tr>\n<td>Renk<\/td>\n<td>beyaz<\/td>\n<td>Paketleme<\/td>\n<td>KA\u011eIT KUTU<\/td>\n<\/tr>\n<tr>\n<td>Di\u011fer ad\u0131<\/td>\n<td>membran fi\u0307ltre kartu\u015fu<\/td>\n<td>Filtre Ortam\u0131<\/td>\n<td>pp\/ptfe\/pes\/naylon\/pvdf<\/td>\n<\/tr>\n<tr>\n<td>Tedarik Yetene\u011fi<\/td>\n<td>500 Adet\/Hafta ba\u015f\u0131na<\/td>\n<td><\/td>\n<td><\/td>\n<\/tr>\n<\/tbody>\n<\/table>","protected":false},"featured_media":4518,"comment_status":"open","ping_status":"closed","template":"","meta":{"_gspb_post_css":""},"product_brand":[],"product_cat":[21],"product_tag":[951,1223,1677,38,1534,1236],"class_list":{"0":"post-4514","1":"product","2":"type-product","3":"status-publish","4":"has-post-thumbnail","6":"product_cat-pleated-filter-cartridge","7":"product_tag-0-2-micron-filter","8":"product_tag-10-micron-filter","9":"product_tag-beverage-filtration-filter","10":"product_tag-industrial-water-filtration","11":"product_tag-inversafilterpurification","12":"product_tag-pleated-filter-cartridge","14":"first","15":"instock","16":"shipping-taxable","17":"product-type-simple"},"_links":{"self":[{"href":"https:\/\/lyfilter.com\/tr\/wp-json\/wp\/v2\/product\/4514","targetHints":{"allow":["GET"]}}],"collection":[{"href":"https:\/\/lyfilter.com\/tr\/wp-json\/wp\/v2\/product"}],"about":[{"href":"https:\/\/lyfilter.com\/tr\/wp-json\/wp\/v2\/types\/product"}],"replies":[{"embeddable":true,"href":"https:\/\/lyfilter.com\/tr\/wp-json\/wp\/v2\/comments?post=4514"}],"wp:featuredmedia":[{"embeddable":true,"href":"https:\/\/lyfilter.com\/tr\/wp-json\/wp\/v2\/media\/4518"}],"wp:attachment":[{"href":"https:\/\/lyfilter.com\/tr\/wp-json\/wp\/v2\/media?parent=4514"}],"wp:term":[{"taxonomy":"product_brand","embeddable":true,"href":"https:\/\/lyfilter.com\/tr\/wp-json\/wp\/v2\/product_brand?post=4514"},{"taxonomy":"product_cat","embeddable":true,"href":"https:\/\/lyfilter.com\/tr\/wp-json\/wp\/v2\/product_cat?post=4514"},{"taxonomy":"product_tag","embeddable":true,"href":"https:\/\/lyfilter.com\/tr\/wp-json\/wp\/v2\/product_tag?post=4514"}],"curies":[{"name":"wp","href":"https:\/\/api.w.org\/{rel}","templated":true}]}}