{"id":4496,"date":"2026-04-05T02:40:02","date_gmt":"2026-04-05T02:40:02","guid":{"rendered":"https:\/\/lyfilter.com\/"},"modified":"2026-04-05T02:40:02","modified_gmt":"2026-04-05T02:40:02","slug":"lvyuan-filter-stainless-steel-sintered-filter-cartridge-with-custom-services-for-water-purification","status":"publish","type":"product","link":"https:\/\/lyfilter.com\/tr\/lvyuan-filter-stainless-steel-sintered-filter-cartridge-with-custom-services-for-water-purification\/","title":{"rendered":"Su Ar\u0131tma i\u00e7in \u00d6zel Hizmetler ile Lvyuan Filtre Paslanmaz \u00c7elik Sinterlenmi\u015f Filtre Kartu\u015fu"},"content":{"rendered":"<p>Lvyuan paslanmaz \u00e7elik sinterlenmi\u015f filtre kartu\u015fu, sa\u011flam bir yap\u0131, filtreleme ve \u00f6zel servis se\u00e7enekleriyle temiz su ak\u0131\u015f\u0131n\u0131 destekler. Evler ve end\u00fcstriyel ihtiya\u00e7lar i\u00e7in dayan\u0131kl\u0131 performans sunarken kirleri azaltmaya yard\u0131mc\u0131 olur.<\/p>","protected":false},"excerpt":{"rendered":"<table>\n<thead>\n<tr>\n<th>Saha<\/th>\n<th>De\u011fer<\/th>\n<th>Saha<\/th>\n<th>De\u011fer<\/th>\n<\/tr>\n<\/thead>\n<tbody>\n<tr>\n<td>Uygulanabilir Sekt\u00f6rler<\/td>\n<td>\u00dcretim Tesisi, Yiyecek ve \u0130\u00e7ecek Fabrikas\u0131, su ar\u0131tma<\/td>\n<td>Men\u015fe Yeri<\/td>\n<td>Guangdong, \u00c7in<\/td>\n<\/tr>\n<tr>\n<td>Marka Ad\u0131<\/td>\n<td>Lvyuan, OEM, ODM<\/td>\n<td>Malzeme<\/td>\n<td>titanyum tozu, titanyum tozu<\/td>\n<\/tr>\n<tr>\n<td>A\u011f\u0131rl\u0131k<\/td>\n<td>\u00f6zelle\u015ftirilmi\u015f<\/td>\n<td>Boyut<\/td>\n<td>\u00f6zelle\u015ftirilmi\u015f<\/td>\n<\/tr>\n<tr>\n<td>G\u00fc\u00e7<\/td>\n<td>0<\/td>\n<td>Garanti<\/td>\n<td>Kullan\u0131lam\u0131yor<\/td>\n<\/tr>\n<tr>\n<td>\u00d6zellik<\/td>\n<td>iyi ge\u00e7irgenlik<\/td>\n<td>Uzunluk<\/td>\n<td>10\/20\/30\/40 \u0130n\u00e7<\/td>\n<\/tr>\n<tr>\n<td>\u015eekil<\/td>\n<td>Silindir<\/td>\n<td>Kullan\u0131m<\/td>\n<td>su ar\u0131tma<\/td>\n<\/tr>\n<tr>\n<td>Uygulama<\/td>\n<td>end\u00fcstri<\/td>\n<td>Renk<\/td>\n<td>gri<\/td>\n<\/tr>\n<tr>\n<td>Paketleme<\/td>\n<td>KA\u011eIT KUTU<\/td>\n<td>kald\u0131rma oran\u0131<\/td>\n<td>0,2 ila 100 mikron<\/td>\n<\/tr>\n<tr>\n<td>Avantaj<\/td>\n<td>kolay temizlenir<\/td>\n<td>Sa\u011flanan Sat\u0131\u015f Sonras\u0131 Hizmet<\/td>\n<td>\u00c7evrimi\u00e7i destek, Sat\u0131\u015f sonras\u0131 hizmet yok<\/td>\n<\/tr>\n<tr>\n<td>Tedarik Yetene\u011fi<\/td>\n<td>Ay ba\u015f\u0131na 500 Adet \/ Adet<\/td>\n<td><\/td>\n<td><\/td>\n<\/tr>\n<\/tbody>\n<\/table>","protected":false},"featured_media":4497,"comment_status":"open","ping_status":"closed","template":"","meta":{"_gspb_post_css":""},"product_brand":[],"product_cat":[15],"product_tag":[1673,38,1242,1237,1167,1182],"class_list":{"0":"post-4496","1":"product","2":"type-product","3":"status-publish","4":"has-post-thumbnail","6":"product_cat-stainless-steel-filter-housing","7":"product_tag-custom-filter-services","8":"product_tag-industrial-water-filtration","9":"product_tag-lvyuan-filter","10":"product_tag-sintered-filter-cartridge","11":"product_tag-stainless-steel-filter-cartridge","12":"product_tag-water-purification-filter","14":"first","15":"instock","16":"shipping-taxable","17":"product-type-simple"},"_links":{"self":[{"href":"https:\/\/lyfilter.com\/tr\/wp-json\/wp\/v2\/product\/4496","targetHints":{"allow":["GET"]}}],"collection":[{"href":"https:\/\/lyfilter.com\/tr\/wp-json\/wp\/v2\/product"}],"about":[{"href":"https:\/\/lyfilter.com\/tr\/wp-json\/wp\/v2\/types\/product"}],"replies":[{"embeddable":true,"href":"https:\/\/lyfilter.com\/tr\/wp-json\/wp\/v2\/comments?post=4496"}],"wp:featuredmedia":[{"embeddable":true,"href":"https:\/\/lyfilter.com\/tr\/wp-json\/wp\/v2\/media\/4497"}],"wp:attachment":[{"href":"https:\/\/lyfilter.com\/tr\/wp-json\/wp\/v2\/media?parent=4496"}],"wp:term":[{"taxonomy":"product_brand","embeddable":true,"href":"https:\/\/lyfilter.com\/tr\/wp-json\/wp\/v2\/product_brand?post=4496"},{"taxonomy":"product_cat","embeddable":true,"href":"https:\/\/lyfilter.com\/tr\/wp-json\/wp\/v2\/product_cat?post=4496"},{"taxonomy":"product_tag","embeddable":true,"href":"https:\/\/lyfilter.com\/tr\/wp-json\/wp\/v2\/product_tag?post=4496"}],"curies":[{"name":"wp","href":"https:\/\/api.w.org\/{rel}","templated":true}]}}