{"id":4483,"date":"2026-04-04T10:34:10","date_gmt":"2026-04-04T10:34:10","guid":{"rendered":"https:\/\/lyfilter.com\/"},"modified":"2026-04-04T10:34:10","modified_gmt":"2026-04-04T10:34:10","slug":"stainless-filter-housing-iso-9001-by-lvyuan-filter","status":"publish","type":"product","link":"https:\/\/lyfilter.com\/tr\/stainless-filter-housing-iso-9001-by-lvyuan-filter\/","title":{"rendered":"Lvyuan Filter taraf\u0131ndan Paslanmaz Filtre Muhafazas\u0131 ISO 9001"},"content":{"rendered":"<p><b>Paslanmaz filtre muhafazas\u0131n\u0131n \u00fcr\u00fcn detaylar\u0131<\/b><\/p>\n<p>&nbsp;<\/p>\n<p><b>\u00dcr\u00fcn \u00d6zellikleri<\/b><\/p>\n<p>Kullan\u0131labilirlik: OEM<\/p>\n<p>Malzeme Paslanmaz \u00c7elik<\/p>\n<p>&nbsp;<\/p>\n<p><b>H\u0131zl\u0131 Genel Bak\u0131\u015f<\/b><\/p>\n<p>Lvyuan Su Ar\u0131tma Ekipmanlar\u0131'n\u0131n mekanik ekipman\u0131 makul tasar\u0131ma, kompakt yap\u0131ya ve istikrarl\u0131 performansa sahiptir. Ayr\u0131ca, \u00fcr\u00fcn\u00fcm\u00fcz\u00fcn \u00e7al\u0131\u015ft\u0131r\u0131lmas\u0131 ve kurulmas\u0131 kolay ve rahatt\u0131r. Daha fazla m\u00fc\u015fteri taraf\u0131ndan yayg\u0131n olarak tan\u0131nan, etkili oldu\u011fu ortaya \u00e7\u0131k\u0131yor\u00a0<a href=\"https:\/\/lyfilter.com\/tr\/\">Lvyuan Filtre<\/a>\u00a0paslanmaz filtre muhafazas\u0131n\u0131n tasar\u0131m\u0131na da dikkat etmesi gerekir. \u00dcretim b\u00f6lgesi ve at\u00f6lyenin iyi ortam\u0131, kalitesini art\u0131rman\u0131n ko\u015fullar\u0131ndan biridir. \u00dcr\u00fcn kalitesine odaklan\u0131rken, Guangzhou Lvyuan Su Ar\u0131tma Equipment Co, Ltd \u00fclke \u00e7ap\u0131nda baz\u0131 b\u00fcy\u00fck \u015fehirlerde eksiksiz bir sat\u0131\u015f a\u011f\u0131 kurmu\u015ftur.<\/p>\n<p>&nbsp;<\/p>\n<p><b>\u00dcr\u00fcn A\u00e7\u0131klamas\u0131<\/b><\/p>\n<p>Lvyuan Su Ar\u0131tma Ekipman\u0131n\u0131n paslanmaz filtre muhafazas\u0131 a\u015fa\u011f\u0131daki y\u00f6nlerden b\u00fcy\u00fck \u00f6l\u00e7\u00fcde geli\u015ftirilmi\u015ftir.<\/p>\n<p><strong>Paslanmaz \u00c7elik Tek \u00c7ekirdekli B\u00fcy\u00fck Mavi Filtre Muhafazas\u0131<\/strong><\/p>","protected":false},"excerpt":{"rendered":"<table>\n<thead>\n<tr>\n<th>Saha<\/th>\n<th>De\u011fer<\/th>\n<th>Saha<\/th>\n<th>De\u011fer<\/th>\n<\/tr>\n<\/thead>\n<tbody>\n<tr>\n<td>Ba\u015flang\u0131\u00e7 Liman\u0131<\/td>\n<td>Guangzhou<\/td>\n<td>\u00dcretim Kapasitesi<\/td>\n<td>10000 adet\/Ay<\/td>\n<\/tr>\n<tr>\n<td>Sertifikasyon<\/td>\n<td>ISO 9001<\/td>\n<td><\/td>\n<td><\/td>\n<\/tr>\n<\/tbody>\n<\/table>","protected":false},"featured_media":4487,"comment_status":"open","ping_status":"closed","template":"","meta":{"_gspb_post_css":""},"product_brand":[],"product_cat":[15],"product_tag":[1534,1303,1186,1541,1136,1443],"class_list":{"0":"post-4483","1":"product","2":"type-product","3":"status-publish","4":"has-post-thumbnail","6":"product_cat-stainless-steel-filter-housing","7":"product_tag-inversafilterpurification","8":"product_tag-iso-9001-filter-housing","9":"product_tag-lvyuan-filter-housing","10":"product_tag-stainless-filter-housing","11":"product_tag-water-filter-locks","12":"product_tag-water-filtration-housing","14":"first","15":"instock","16":"shipping-taxable","17":"product-type-simple"},"_links":{"self":[{"href":"https:\/\/lyfilter.com\/tr\/wp-json\/wp\/v2\/product\/4483","targetHints":{"allow":["GET"]}}],"collection":[{"href":"https:\/\/lyfilter.com\/tr\/wp-json\/wp\/v2\/product"}],"about":[{"href":"https:\/\/lyfilter.com\/tr\/wp-json\/wp\/v2\/types\/product"}],"replies":[{"embeddable":true,"href":"https:\/\/lyfilter.com\/tr\/wp-json\/wp\/v2\/comments?post=4483"}],"wp:featuredmedia":[{"embeddable":true,"href":"https:\/\/lyfilter.com\/tr\/wp-json\/wp\/v2\/media\/4487"}],"wp:attachment":[{"href":"https:\/\/lyfilter.com\/tr\/wp-json\/wp\/v2\/media?parent=4483"}],"wp:term":[{"taxonomy":"product_brand","embeddable":true,"href":"https:\/\/lyfilter.com\/tr\/wp-json\/wp\/v2\/product_brand?post=4483"},{"taxonomy":"product_cat","embeddable":true,"href":"https:\/\/lyfilter.com\/tr\/wp-json\/wp\/v2\/product_cat?post=4483"},{"taxonomy":"product_tag","embeddable":true,"href":"https:\/\/lyfilter.com\/tr\/wp-json\/wp\/v2\/product_tag?post=4483"}],"curies":[{"name":"wp","href":"https:\/\/api.w.org\/{rel}","templated":true}]}}