{"id":4476,"date":"2026-04-04T10:28:17","date_gmt":"2026-04-04T10:28:17","guid":{"rendered":"https:\/\/lyfilter.com\/"},"modified":"2026-04-04T10:28:17","modified_gmt":"2026-04-04T10:28:17","slug":"safe-sintered-metal-filter-cartridge-with-custom-services-for-industry","status":"publish","type":"product","link":"https:\/\/lyfilter.com\/tr\/safe-sintered-metal-filter-cartridge-with-custom-services-for-industry\/","title":{"rendered":"End\u00fcstri \u0130\u00e7in \u00d6zel Hizmetlerle G\u00fcvenli Sinterlenmi\u015f Metal Filtre Kartu\u015fu"},"content":{"rendered":"<p>End\u00fcstriyel filtreleme i\u00e7in \u00fcretilen bu g\u00fcvenli sinterlenmi\u015f metal filtre kartu\u015fu, istikrarl\u0131 ak\u0131\u015f, dayan\u0131kl\u0131 g\u00fc\u00e7 ve g\u00fcvenilir partik\u00fcl kontrol\u00fc sunar. InversaFilterPurification, g\u00fcnl\u00fck \u00fcretim kullan\u0131m\u0131 i\u00e7in \u00f6zel hizmetler, pratik destek ve g\u00fcvenilir kalite sa\u011flar.<\/p>","protected":false},"excerpt":{"rendered":"<table>\n<thead>\n<tr>\n<th>Saha<\/th>\n<th>De\u011fer<\/th>\n<th>Saha<\/th>\n<th>De\u011fer<\/th>\n<\/tr>\n<\/thead>\n<tbody>\n<tr>\n<td>Garanti Sonras\u0131 Hizmet<\/td>\n<td>\u00c7evrimi\u00e7i destek<\/td>\n<td>Yerel Hizmet Konumu<\/td>\n<td>Hi\u00e7biri<\/td>\n<\/tr>\n<tr>\n<td>Showroom Konumu<\/td>\n<td>Hi\u00e7biri<\/td>\n<td>Video giden-denetim<\/td>\n<td>Sa\u011fland\u0131<\/td>\n<\/tr>\n<tr>\n<td>Makine Test Raporu<\/td>\n<td>Sa\u011fland\u0131<\/td>\n<td>Pazarlama T\u00fcr\u00fc<\/td>\n<td>S\u0131radan \u00dcr\u00fcn<\/td>\n<\/tr>\n<tr>\n<td>\u00c7ekirdek bile\u015fenlerin garantisi<\/td>\n<td>1 Y\u0131l<\/td>\n<td>\u00c7ekirdek Bile\u015fenler<\/td>\n<td>Bas\u0131n\u00e7l\u0131 kap<\/td>\n<\/tr>\n<tr>\n<td>Men\u015fe Yeri<\/td>\n<td>Guangdong, \u00c7in<\/td>\n<td>Marka Ad\u0131<\/td>\n<td>Lvyuan\/OEM<\/td>\n<\/tr>\n<tr>\n<td>Garanti<\/td>\n<td>1 Y\u0131l<\/td>\n<td>Sa\u011flanan Sat\u0131\u015f Sonras\u0131 Hizmet<\/td>\n<td>\u00c7evrimi\u00e7i destek<\/td>\n<\/tr>\n<tr>\n<td>\u00dcr\u00fcn ad\u0131<\/td>\n<td>buhar fi\u0307ltresi\u0307<\/td>\n<td>Mikron Oran\u0131<\/td>\n<td>0,1 ila 400 mikron<\/td>\n<\/tr>\n<tr>\n<td>OEM boyut<\/td>\n<td>Mevcut<\/td>\n<td>Uzunluk<\/td>\n<td>5\u2033, 10\u2033, 20\u2033, 30\u2033, 40\u2033, 50\u201d, 60\u201d in\u00e7<\/td>\n<\/tr>\n<tr>\n<td>Paslanmaz \u00e7elik Malzeme<\/td>\n<td>304, 316, 316L<\/td>\n<td>Aray\u00fcz formu<\/td>\n<td>222, 226, 215, M36, M24, M22, M20 di\u015fli aray\u00fcz\u00fc<\/td>\n<\/tr>\n<tr>\n<td>Katman<\/td>\n<td>pileli\/mesh kartu\u015f filtre<\/td>\n<td>Kullan\u0131m<\/td>\n<td>gaz, s\u0131v\u0131 filtrasyonu<\/td>\n<\/tr>\n<tr>\n<td>Is\u0131 direnci<\/td>\n<td>-200 - 500 derece<\/td>\n<td>\u00c7al\u0131\u015fma bas\u0131nc\u0131<\/td>\n<td>0,1 ila 30Mpa<\/td>\n<\/tr>\n<\/tbody>\n<\/table>","protected":false},"featured_media":4477,"comment_status":"open","ping_status":"closed","template":"","meta":{"_gspb_post_css":""},"product_brand":[],"product_cat":[1202],"product_tag":[1664,1346,1534,1663,1665,1136],"class_list":{"0":"post-4476","1":"product","2":"type-product","3":"status-publish","4":"has-post-thumbnail","6":"product_cat-filter-cartridge","7":"product_tag-custom-metal-filter-service","8":"product_tag-industrial-sintered-filter","9":"product_tag-inversafilterpurification","10":"product_tag-safe-sintered-metal-filter-cartridge","11":"product_tag-sintered-cartridge-for-industry","12":"product_tag-water-filter-locks","14":"first","15":"instock","16":"shipping-taxable","17":"product-type-simple"},"_links":{"self":[{"href":"https:\/\/lyfilter.com\/tr\/wp-json\/wp\/v2\/product\/4476","targetHints":{"allow":["GET"]}}],"collection":[{"href":"https:\/\/lyfilter.com\/tr\/wp-json\/wp\/v2\/product"}],"about":[{"href":"https:\/\/lyfilter.com\/tr\/wp-json\/wp\/v2\/types\/product"}],"replies":[{"embeddable":true,"href":"https:\/\/lyfilter.com\/tr\/wp-json\/wp\/v2\/comments?post=4476"}],"wp:featuredmedia":[{"embeddable":true,"href":"https:\/\/lyfilter.com\/tr\/wp-json\/wp\/v2\/media\/4477"}],"wp:attachment":[{"href":"https:\/\/lyfilter.com\/tr\/wp-json\/wp\/v2\/media?parent=4476"}],"wp:term":[{"taxonomy":"product_brand","embeddable":true,"href":"https:\/\/lyfilter.com\/tr\/wp-json\/wp\/v2\/product_brand?post=4476"},{"taxonomy":"product_cat","embeddable":true,"href":"https:\/\/lyfilter.com\/tr\/wp-json\/wp\/v2\/product_cat?post=4476"},{"taxonomy":"product_tag","embeddable":true,"href":"https:\/\/lyfilter.com\/tr\/wp-json\/wp\/v2\/product_tag?post=4476"}],"curies":[{"name":"wp","href":"https:\/\/api.w.org\/{rel}","templated":true}]}}