{"id":4473,"date":"2026-04-04T10:23:43","date_gmt":"2026-04-04T10:23:43","guid":{"rendered":"https:\/\/lyfilter.com\/"},"modified":"2026-04-04T10:23:43","modified_gmt":"2026-04-04T10:23:43","slug":"safe-stainless-steel-cartridge-filter-housing-factory-price-for-water-purification","status":"publish","type":"product","link":"https:\/\/lyfilter.com\/tr\/safe-stainless-steel-cartridge-filter-housing-factory-price-for-water-purification\/","title":{"rendered":"Su Ar\u0131tma \u0130\u00e7in G\u00fcvenli Paslanmaz \u00c7elik Kartu\u015f Filtre Muhafazas\u0131 Fabrika Fiyat\u0131"},"content":{"rendered":"<p><b>\u015eirket Avantajlar\u0131<\/b><br \/>\n<b>1.<\/b>\u00a0Paslanmaz \u00e7elik kartu\u015f filtre muhafazas\u0131nda m\u00fckemmel bir \u015fekilde g\u00f6sterilen en kaliteli detaylar. 1'den 100 \u03bcm'ye kadar \u00e7ok \u00e7e\u015fitli mikron de\u011ferlerinde mevcuttur<br \/>\n<b>2.<\/b>\u00a0\u00dcr\u00fcn ekonomiktir ve hayat\u0131n her alan\u0131nda yayg\u0131n olarak kullan\u0131lmaktad\u0131r. Filtre medyas\u0131, tutarl\u0131 ak\u0131\u015f h\u0131zlar\u0131 sa\u011flarken elyaf sal\u0131n\u0131m\u0131n\u0131 \u00f6nlemek i\u00e7in termal olarak ba\u011flanm\u0131\u015ft\u0131r<br \/>\n<b>3.<\/b>\u00a0\u00dcr\u00fcn sa\u011flam bir yap\u0131ya sahiptir. A\u011f\u0131r hizmet tipi metallerden yap\u0131lm\u0131\u015ft\u0131r, \u015foklar ve titre\u015fim gibi \u00e7e\u015fitli unsurlara dayanabilir. \u00c7al\u0131\u015fma s\u0131ras\u0131nda \u00e7\u00f6z\u00fcnebilir malzeme salg\u0131lamaz<br \/>\n<b>4.<\/b>\u00a0\u00dcr\u00fcn \u015f\u0131k bir metal y\u00fczeye sahiptir. Y\u00fcksek hassasiyetli honlama ve ta\u015flama i\u015flemleri \u00fcr\u00fcn\u00fcn y\u00fczey p\u00fcr\u00fczl\u00fcl\u00fc\u011f\u00fcn\u00fc en aza indirmi\u015ftir. Daha fazla kir tutma kapasitesine ve daha uzun \u00f6mre sahiptir.<br \/>\n<b>5.<\/b>\u00a0\u00dcr\u00fcn kullan\u0131m kolayl\u0131\u011f\u0131 sunar. Ekran, d\u00f6ng\u00fc s\u00fcresi, bo\u015fta kalma s\u00fcresi, verimlilik ve par\u00e7a \u00f6mr\u00fc durumu dahil olmak \u00fczere mevcut makine durumunun tam olarak g\u00f6r\u00fcnt\u00fclenmesini sa\u011flar. Y\u00fcksek ak\u0131\u015f h\u0131z\u0131na ve istikrarl\u0131 filtreleme do\u011frulu\u011funa sahiptir<\/p>\n<p>&nbsp;<\/p>\n<h3 class=\"do-entry-title\">Paketleme ve Teslimat<\/h3>\n<div class=\"do-entry-list\">\n<dl class=\"do-entry-item\">\n<dt class=\"do-entry-item-key\">Sat\u0131\u015f Birimleri:<\/dt>\n<dd class=\"do-entry-item-val\">Tek \u00fcr\u00fcn<\/dd>\n<\/dl>\n<dl class=\"do-entry-item\">\n<dt class=\"do-entry-item-key\" title=\"Tek paket boyutu:\">Tek paket boyutu:<\/dt>\n<dd class=\"do-entry-item-val\">35X18X25 cm<\/dd>\n<\/dl>\n<dl class=\"do-entry-item\">\n<dt class=\"do-entry-item-key\" title=\"Tek br\u00fct a\u011f\u0131rl\u0131k:\">Tek br\u00fct a\u011f\u0131rl\u0131k:<\/dt>\n<dd class=\"do-entry-item-val\">3.000 kg<\/dd>\n<\/dl>\n<dl class=\"do-entry-item\">\n<dt class=\"do-entry-item-key\">Paket Tipi:<\/dt>\n<dd class=\"do-entry-item-val pkg-method\">Tekli 50 mikron filtre kartu\u015fu kodlu end\u00fcstriyel 10 in\u00e7 paslanmaz \u00e7elik s\u0131v\u0131 filtresi, SS muhafazal\u0131 1\/4 \u2033 tahliye vanas\u0131: Paketleme: \u0130hracat standart kutu \/ Gerekti\u011fi gibi<\/dd>\n<\/dl>\n<dl class=\"do-entry-item\">\n<dt class=\"do-entry-item-key\" title=\"Teslim S\u00fcresi\">Teslim S\u00fcresi\u00a0<i class=\"next-icon next-icon-help next-icon-xs js-leadtimes-tips\"><\/i>:<\/dt>\n<dd class=\"do-entry-item-val\" title=\"Teslim S\u00fcresi\">\n<div class=\"table-responsive\">\n<table class=\"supply-ability-table ui2-table ui2-table-normal ui2-table-zebra ui2-table-hover\">\n<tbody>\n<tr>\n<td>Miktar (Adet)<\/td>\n<td>1 - 10<\/td>\n<td>11 - 100<\/td>\n<td>&gt;100<\/td>\n<\/tr>\n<tr>\n<td>Tahmini Zaman (g\u00fcn)<\/td>\n<td>5<\/td>\n<td>10<\/td>\n<td>M\u00fczakere edilecek<\/td>\n<\/tr>\n<\/tbody>\n<\/table>\n<\/div>\n<\/dd>\n<\/dl>\n<\/div>","protected":false},"excerpt":{"rendered":"<table>\n<thead>\n<tr>\n<th>Saha<\/th>\n<th>De\u011fer<\/th>\n<th>Saha<\/th>\n<th>De\u011fer<\/th>\n<\/tr>\n<\/thead>\n<tbody>\n<tr>\n<td>Men\u015fe Yeri<\/td>\n<td>Guangdong, \u00c7in<\/td>\n<td>Marka Ad\u0131<\/td>\n<td>LVYUAN\/OEM<\/td>\n<\/tr>\n<tr>\n<td>Garanti<\/td>\n<td>1 Y\u0131l<\/td>\n<td>Sa\u011flanan Sat\u0131\u015f Sonras\u0131 Hizmet<\/td>\n<td>\u00c7evrimi\u00e7i destek<\/td>\n<\/tr>\n<tr>\n<td>\u00dcr\u00fcn Ad\u0131<\/td>\n<td>Tek filtre kartu\u015fu end\u00fcstriyel paslanmaz \u00e7elik s\u0131v\u0131 filtresi<\/td>\n<td>Muhafaza Malzemesi<\/td>\n<td>SS304\/SS316L<\/td>\n<\/tr>\n<tr>\n<td>Filtre kartu\u015fu uzunlu\u011fu<\/td>\n<td>10\u2033 20\u2033 30\u2033 40\u2033<\/td>\n<td>Kartu\u015f filtre miktar\u0131<\/td>\n<td>Tek \u00e7ekirdek<\/td>\n<\/tr>\n<tr>\n<td>Y\u00fczey i\u015fleme<\/td>\n<td>Cilal\u0131 &amp; Kumlama<\/td>\n<td>Conta o-ringi<\/td>\n<td>Silastik\/NBR\/EPDM\/Viton<\/td>\n<\/tr>\n<tr>\n<td>\u00dcst kapak tak\u0131l\u0131 tip<\/td>\n<td>Kelep\u00e7e tipi<\/td>\n<td>Konekt\u00f6r tipi<\/td>\n<td>222\/226\/DOE<\/td>\n<\/tr>\n<tr>\n<td>Giri\u015f ve \u00c7\u0131k\u0131\u015f tipi<\/td>\n<td>\u0130\u00e7 di\u015fli<\/td>\n<td>Paketleme y\u00f6ntemi<\/td>\n<td>\u0130hracat standart kutusu<\/td>\n<\/tr>\n<\/tbody>\n<\/table>","protected":false},"featured_media":4475,"comment_status":"open","ping_status":"closed","template":"","meta":{"_gspb_post_css":""},"product_brand":[],"product_cat":[15],"product_tag":[1661,1534,1662,1660,1136,1451],"class_list":{"0":"post-4473","1":"product","2":"type-product","3":"status-publish","4":"has-post-thumbnail","6":"product_cat-stainless-steel-filter-housing","7":"product_tag-factory-price-filter-housing","8":"product_tag-inversafilterpurification","9":"product_tag-safe-water-filter-housing","10":"product_tag-stainless-steel-cartridge-filter-housing","11":"product_tag-water-filter-locks","12":"product_tag-water-purification-filter-housing","14":"first","15":"instock","16":"shipping-taxable","17":"product-type-simple"},"_links":{"self":[{"href":"https:\/\/lyfilter.com\/tr\/wp-json\/wp\/v2\/product\/4473","targetHints":{"allow":["GET"]}}],"collection":[{"href":"https:\/\/lyfilter.com\/tr\/wp-json\/wp\/v2\/product"}],"about":[{"href":"https:\/\/lyfilter.com\/tr\/wp-json\/wp\/v2\/types\/product"}],"replies":[{"embeddable":true,"href":"https:\/\/lyfilter.com\/tr\/wp-json\/wp\/v2\/comments?post=4473"}],"wp:featuredmedia":[{"embeddable":true,"href":"https:\/\/lyfilter.com\/tr\/wp-json\/wp\/v2\/media\/4475"}],"wp:attachment":[{"href":"https:\/\/lyfilter.com\/tr\/wp-json\/wp\/v2\/media?parent=4473"}],"wp:term":[{"taxonomy":"product_brand","embeddable":true,"href":"https:\/\/lyfilter.com\/tr\/wp-json\/wp\/v2\/product_brand?post=4473"},{"taxonomy":"product_cat","embeddable":true,"href":"https:\/\/lyfilter.com\/tr\/wp-json\/wp\/v2\/product_cat?post=4473"},{"taxonomy":"product_tag","embeddable":true,"href":"https:\/\/lyfilter.com\/tr\/wp-json\/wp\/v2\/product_tag?post=4473"}],"curies":[{"name":"wp","href":"https:\/\/api.w.org\/{rel}","templated":true}]}}