{"id":4448,"date":"2026-04-04T10:02:01","date_gmt":"2026-04-04T10:02:01","guid":{"rendered":"https:\/\/lyfilter.com\/"},"modified":"2026-04-04T10:02:01","modified_gmt":"2026-04-04T10:02:01","slug":"lvyuan-pleated-sediment-filter-suppliers-for-sea-water","status":"publish","type":"product","link":"https:\/\/lyfilter.com\/tr\/lvyuan-pleated-sediment-filter-suppliers-for-sea-water\/","title":{"rendered":"Deniz Suyu \u0130\u00e7in Lvyuan Pileli Sediment Filtre Tedarik\u00e7ileri"},"content":{"rendered":"<p><b>\u015eirket Avantajlar\u0131<\/b><br \/>\n<b>1.<\/b>\u00a0<a href=\"https:\/\/lyfilter.com\/tr\/pleated-filter-cartridge.html\/\">pileli filtre eleman\u0131<\/a>\u00a0\u00c7in pazar\u0131nda \u00e7ok pop\u00fcler olan Lvyuan Su Ar\u0131tma Ekipmanlar\u0131 taraf\u0131ndan yap\u0131lan klasik modeldir. Ayr\u0131ca partik\u00fclleri, mikrobiyal organizmalar\u0131, ferrik oksidi ve di\u011fer safs\u0131zl\u0131klar\u0131 filtreleyebilir.<br \/>\n<b>2.<\/b>\u00a0Guangzhou Lvyuan Water Purification Equipment Co, Ltd. kalite ve m\u00fc\u015fteri hizmetleri gibi \u00e7e\u015fitlili\u011fin de rekabet avantaj\u0131 oldu\u011funu ortaya koymaktad\u0131r. Filtre medyas\u0131, tutarl\u0131 ak\u0131\u015f h\u0131zlar\u0131 sa\u011flarken elyaf sal\u0131n\u0131m\u0131n\u0131 \u00f6nlemek i\u00e7in termal olarak ba\u011flanm\u0131\u015ft\u0131r<br \/>\n<b>3.<\/b>\u00a0\u00dcr\u00fcn ince bir erime noktas\u0131na sahiptir. Erimi\u015f malzemelerle reaksiyona girmesini \u00f6nleyebilen optimize edilmi\u015f bir refrakter malzemedir. \u00c7\u00fcr\u00fcmeye, asit ve alkalilere, organik veya inorganik \u00e7\u00f6z\u00fcc\u00fclere kar\u015f\u0131 dayan\u0131kl\u0131d\u0131r.<br \/>\n<b>4.<\/b>\u00a0Bu \u00fcr\u00fcn d\u00fczlem sertli\u011fi ve e\u011filme direnci sunar. Mallar istiflenirken, limit y\u00fcklemeye ula\u015f\u0131lmad\u0131\u011f\u0131 s\u00fcrece sabit kal\u0131r. Kademeli e\u011fim tasar\u0131m\u0131, h\u0131zl\u0131 t\u0131kanmay\u0131 \u00f6nlemeye yard\u0131mc\u0131 olur<br \/>\n<b>5.<\/b>\u00a0\u00dcr\u00fcn \u00e7ok sessiz \u00e7al\u0131\u015f\u0131yor. \u0130nan\u0131lmaz derecede g\u00fcr\u00fclt\u00fcl\u00fc olan r\u00fczgar t\u00fcrbinleri ve hidroelektrik cihazlar\u0131na k\u0131yasla hi\u00e7 ses \u00e7\u0131karmaz. \u00c7al\u0131\u015fma s\u0131ras\u0131nda \u00e7\u00f6z\u00fcnebilir madde salg\u0131lamaz.<\/p>\n<div class=\"pro_aliData\">\n<div class=\"detail-box\">\n<div class=\"scc-wrapper detail-module module-cspu\" data-module=\"cspu\"><\/div>\n<div class=\"scc-wrapper detail-module module-productPackagingAndQuickDetail\" data-spm=\"prilinga1e\">\n<div class=\"widget-detail-overview\">\n<div class=\"do-title\">Genel Bak\u0131\u015f<\/div>\n<div id=\"car-parts-model\"><\/div>\n<div class=\"do-content\">\n<div class=\"do-overview\">\n<div class=\"do-entry do-entry-separate\">\n<div class=\"do-entry-title\">H\u0131zl\u0131 Ayr\u0131nt\u0131lar<\/div>\n<\/div>\n<\/div>\n<\/div>\n<\/div>\n<\/div>\n<\/div>\n<\/div>","protected":false},"excerpt":{"rendered":"<table>\n<thead>\n<tr>\n<th>Saha<\/th>\n<th>De\u011fer<\/th>\n<th>Saha<\/th>\n<th>De\u011fer<\/th>\n<\/tr>\n<\/thead>\n<tbody>\n<tr>\n<td>Garanti Sonras\u0131 Hizmet<\/td>\n<td>\u00c7evrimi\u00e7i destek<\/td>\n<td>Yerel Hizmet Konumu<\/td>\n<td>Hi\u00e7biri<\/td>\n<\/tr>\n<tr>\n<td>Showroom Konumu<\/td>\n<td>Hi\u00e7biri<\/td>\n<td>Video giden-denetim<\/td>\n<td>Sa\u011fland\u0131<\/td>\n<\/tr>\n<tr>\n<td>Makine Test Raporu<\/td>\n<td>Mevcut de\u011fil<\/td>\n<td>Pazarlama T\u00fcr\u00fc<\/td>\n<td>S\u0131radan \u00dcr\u00fcn<\/td>\n<\/tr>\n<tr>\n<td>\u00c7ekirdek bile\u015fenlerin garantisi<\/td>\n<td>Mevcut de\u011fil<\/td>\n<td>Men\u015fe Yeri<\/td>\n<td>Guangdong, \u00c7in<\/td>\n<\/tr>\n<tr>\n<td>Marka Ad\u0131<\/td>\n<td>Lvyuan \/ OEM<\/td>\n<td>Malzeme<\/td>\n<td>Pileli Filtre Eleman\u0131<\/td>\n<\/tr>\n<tr>\n<td>A\u011f\u0131rl\u0131k<\/td>\n<td>ba\u011fl\u0131d\u0131r<\/td>\n<td>Boyut<\/td>\n<td>standart, \u00f6zelle\u015fti\u0307rme<\/td>\n<\/tr>\n<tr>\n<td>G\u00fc\u00e7<\/td>\n<td>0<\/td>\n<td>Garanti<\/td>\n<td>Kullan\u0131lam\u0131yor<\/td>\n<\/tr>\n<tr>\n<td>\u00dcr\u00fcn ad\u0131<\/td>\n<td>pes membran filtre<\/td>\n<td>Mikron Oran\u0131<\/td>\n<td>0.1, 0.5, 1, 5, 10 ~60um<\/td>\n<\/tr>\n<tr>\n<td>Pileli kartu\u015f Malzemesi<\/td>\n<td>PP\/PTFE\/PES \/Naylon 6 \/PVDF<\/td>\n<td>Uzunluk<\/td>\n<td>5\u2033, 10\u2033, 20\u2033, 30\u2033, 40\u2033, OEM<\/td>\n<\/tr>\n<tr>\n<td>Filtre Ortam\u0131<\/td>\n<td>Y\u00fcksek asimetrik polieters\u00fclfore membran<\/td>\n<td>U\u00e7 Kapa\u011f\u0131<\/td>\n<td>DOE, 222+Fin, 222+Flat, 226+Fin, 226+Flat<\/td>\n<\/tr>\n<tr>\n<td>Conta\/O halka malzemesi<\/td>\n<td>Silikon\/EPDM\/NBR\/Viton\/Te-lfon<\/td>\n<td>Kullan\u0131m<\/td>\n<td>s\u0131v\u0131 filtre elemanlar\u0131, su filtresi par\u00e7alar\u0131<\/td>\n<\/tr>\n<tr>\n<td>\u0130\u00e7 \u00e7ekirdek<\/td>\n<td>PP \/ paslanmaz \u00e7elik<\/td>\n<td>Sertifikasyon<\/td>\n<td>SGS\/ISO9001<\/td>\n<\/tr>\n<tr>\n<td>\u00c7ekirdek Bile\u015fenler<\/td>\n<td>kartu\u015f filtre eleman\u0131<\/td>\n<td>Tedarik Yetene\u011fi<\/td>\n<td>Ayda 50000 Adet \/ Adet su Filtresi Eleman\u0131<\/td>\n<\/tr>\n<\/tbody>\n<\/table>","protected":false},"featured_media":4449,"comment_status":"open","ping_status":"closed","template":"","meta":{"_gspb_post_css":""},"product_brand":[],"product_cat":[21],"product_tag":[1534,1643,1645,1644,1544,1136],"class_list":{"0":"post-4448","1":"product","2":"type-product","3":"status-publish","4":"has-post-thumbnail","6":"product_cat-pleated-filter-cartridge","7":"product_tag-inversafilterpurification","8":"product_tag-lvyuan-pleated-sediment-filter","9":"product_tag-marine-water-treatment-filter","10":"product_tag-pleated-water-filter-supplier","11":"product_tag-sea-water-sediment-filter","12":"product_tag-water-filter-locks","14":"first","15":"instock","16":"shipping-taxable","17":"product-type-simple"},"_links":{"self":[{"href":"https:\/\/lyfilter.com\/tr\/wp-json\/wp\/v2\/product\/4448","targetHints":{"allow":["GET"]}}],"collection":[{"href":"https:\/\/lyfilter.com\/tr\/wp-json\/wp\/v2\/product"}],"about":[{"href":"https:\/\/lyfilter.com\/tr\/wp-json\/wp\/v2\/types\/product"}],"replies":[{"embeddable":true,"href":"https:\/\/lyfilter.com\/tr\/wp-json\/wp\/v2\/comments?post=4448"}],"wp:featuredmedia":[{"embeddable":true,"href":"https:\/\/lyfilter.com\/tr\/wp-json\/wp\/v2\/media\/4449"}],"wp:attachment":[{"href":"https:\/\/lyfilter.com\/tr\/wp-json\/wp\/v2\/media?parent=4448"}],"wp:term":[{"taxonomy":"product_brand","embeddable":true,"href":"https:\/\/lyfilter.com\/tr\/wp-json\/wp\/v2\/product_brand?post=4448"},{"taxonomy":"product_cat","embeddable":true,"href":"https:\/\/lyfilter.com\/tr\/wp-json\/wp\/v2\/product_cat?post=4448"},{"taxonomy":"product_tag","embeddable":true,"href":"https:\/\/lyfilter.com\/tr\/wp-json\/wp\/v2\/product_tag?post=4448"}],"curies":[{"name":"wp","href":"https:\/\/api.w.org\/{rel}","templated":true}]}}