{"id":4429,"date":"2026-04-04T09:53:46","date_gmt":"2026-04-04T09:53:46","guid":{"rendered":"https:\/\/lyfilter.com\/"},"modified":"2026-04-04T09:53:47","modified_gmt":"2026-04-04T09:53:47","slug":"20-inch-water-filter-housing-oem-lvyuan-by-lvyuan-filter","status":"publish","type":"product","link":"https:\/\/lyfilter.com\/tr\/20-inch-water-filter-housing-oem-lvyuan-by-lvyuan-filter\/","title":{"rendered":"Lvyuan Filtre taraf\u0131ndan 20 \u0130n\u00e7 Su Filtresi Muhafazas\u0131 OEM \/ Lvyuan"},"content":{"rendered":"<p><b>\u015eirket Avantajlar\u0131<\/b><\/p>\n<p>- 20 in\u00e7\u00a0<a href=\"https:\/\/lyfilter.com\/tr\/stainless-steel-filter-housing.html\/\">su fi\u0307ltresi\u0307 muhafazasi<\/a>\u00a0ilgi \u00e7ekici \u00f6zellikleri ve ay\u0131rt edici stilleri ile kullan\u0131c\u0131lar\u0131 etkileyecek.<\/p>\n<p>- \u00dcr\u00fcn\u00fcn her y\u00f6n\u00fc uluslararas\u0131 kalite standartlar\u0131n\u0131 kar\u015f\u0131lamak \u00fczere s\u0131k\u0131 bir \u015fekilde test edilmektedir.<\/p>\n<p>- Guangzhou Lvyuan Su Ar\u0131tma Equipment Co, Ltd. \u00f6nemli \u00f6l\u00e7\u00fcde b\u00fcy\u00fcm\u00fc\u015f ve kendi alan\u0131nda liderlik, kalite ve d\u00fcr\u00fcstl\u00fck konusunda itibar kazanm\u0131\u015ft\u0131r.<\/p>\n<p>&nbsp;<\/p>\n<p><strong>Paslanmaz \u00c7elik Mobil Filtrasyon Sistemi<\/strong><\/p>\n<p>Guangzhou Lvyuan taraf\u0131ndan \u00fcretilen mobil torba filtre sistemi ekipman\u0131, standart bir torba filtre (40AM, 80AM, 40AST, 840AST), Wei Li veya Wilden PW25 \/ 50 pn\u00f6matik \u00e7ift odac\u0131kl\u0131 diyaframl\u0131 pompa, kontrol anahtar\u0131 kutusu, \u00c7\u0131k\u0131\u015f DN25, DN50 pikap d\u0131\u015f borusu ba\u011flan\u0131r ve giri\u015f DN25, DN50 pikap d\u0131\u015f boru flan\u015f\u0131 veya d\u0131\u015f tel ba\u011flant\u0131 cihaz\u0131 araba kurulum platformuna monte edilir. Filtrasyon i\u00e7in tek ad\u0131mda sabit kurulum ile herhangi bir \u00e7al\u0131\u015fma \u00fcretim hatt\u0131na serbest\u00e7e hareket ettirilebilir.<\/p>","protected":false},"excerpt":{"rendered":"<table>\n<thead>\n<tr>\n<th>Saha<\/th>\n<th>De\u011fer<\/th>\n<\/tr>\n<\/thead>\n<tbody>\n<tr>\n<td>Ba\u015flang\u0131\u00e7 Liman\u0131<\/td>\n<td>Guangzhou<\/td>\n<\/tr>\n<tr>\n<td>\u00dcretim Kapasitesi<\/td>\n<td>10000 adet\/Ay<\/td>\n<\/tr>\n<tr>\n<td>\u00d6deme<\/td>\n<td>T \/ T, Alibaba Ticaret G\u00fcvencesi<\/td>\n<\/tr>\n<tr>\n<td>Marka<\/td>\n<td>OEM\/Lvyuan<\/td>\n<\/tr>\n<\/tbody>\n<\/table>","protected":false},"featured_media":4435,"comment_status":"open","ping_status":"closed","template":"","meta":{"_gspb_post_css":""},"product_brand":[],"product_cat":[15],"product_tag":[1634,1636,1534,1186,1635,1136],"class_list":{"0":"post-4429","1":"product","2":"type-product","3":"status-publish","4":"has-post-thumbnail","6":"product_cat-stainless-steel-filter-housing","7":"product_tag-20-inch-water-filter-housing","8":"product_tag-filter-housing-for-water-system","9":"product_tag-inversafilterpurification","10":"product_tag-lvyuan-filter-housing","11":"product_tag-water-filter-housing-oem","12":"product_tag-water-filter-locks","14":"first","15":"instock","16":"shipping-taxable","17":"product-type-simple"},"_links":{"self":[{"href":"https:\/\/lyfilter.com\/tr\/wp-json\/wp\/v2\/product\/4429","targetHints":{"allow":["GET"]}}],"collection":[{"href":"https:\/\/lyfilter.com\/tr\/wp-json\/wp\/v2\/product"}],"about":[{"href":"https:\/\/lyfilter.com\/tr\/wp-json\/wp\/v2\/types\/product"}],"replies":[{"embeddable":true,"href":"https:\/\/lyfilter.com\/tr\/wp-json\/wp\/v2\/comments?post=4429"}],"wp:featuredmedia":[{"embeddable":true,"href":"https:\/\/lyfilter.com\/tr\/wp-json\/wp\/v2\/media\/4435"}],"wp:attachment":[{"href":"https:\/\/lyfilter.com\/tr\/wp-json\/wp\/v2\/media?parent=4429"}],"wp:term":[{"taxonomy":"product_brand","embeddable":true,"href":"https:\/\/lyfilter.com\/tr\/wp-json\/wp\/v2\/product_brand?post=4429"},{"taxonomy":"product_cat","embeddable":true,"href":"https:\/\/lyfilter.com\/tr\/wp-json\/wp\/v2\/product_cat?post=4429"},{"taxonomy":"product_tag","embeddable":true,"href":"https:\/\/lyfilter.com\/tr\/wp-json\/wp\/v2\/product_tag?post=4429"}],"curies":[{"name":"wp","href":"https:\/\/api.w.org\/{rel}","templated":true}]}}