{"id":4427,"date":"2026-04-04T09:47:11","date_gmt":"2026-04-04T09:47:11","guid":{"rendered":"https:\/\/lyfilter.com\/"},"modified":"2026-04-04T09:47:11","modified_gmt":"2026-04-04T09:47:11","slug":"low-cost-seawater-desalination-plant-for-boat-on-sailing","status":"publish","type":"product","link":"https:\/\/lyfilter.com\/tr\/low-cost-seawater-desalination-plant-for-boat-on-sailing\/","title":{"rendered":"Yelkenli Tekne \u0130\u00e7in D\u00fc\u015f\u00fck Maliyetli Deniz Suyu Tuzdan Ar\u0131nd\u0131rma Tesisi"},"content":{"rendered":"<p>Kapasite: 5000LPD ila 100000LPD<br \/>\nTDS: 800ppm<br \/>\nKonut veya deniz gemisi i\u00e7in uygun i\u00e7me suyu<\/p>\n<div id=\"J-rich-text-description\">\n<p>- Nesil tan\u0131t\u0131m\u0131<\/p>\n<p>LY-FSHB serisi k\u00fc\u00e7\u00fck ve orta kapasiteli deniz suyu tuzdan ar\u0131nd\u0131rma ekipmanlar\u0131 ada, deniz gemisi, istasyon ve k\u0131y\u0131 \u015fehirleri i\u00e7in uygundur. Organik olmayan tuz, mineraller, organik vir\u00fcs ve bakterileri etkili bir \u015fekilde giderir, geli\u015fmi\u015f ters ozmoz teknolojisi uygulayarak deniz suyunu ya\u015fam i\u00e7me suyuna d\u00f6n\u00fc\u015ft\u00fcr\u00fcr. \u00dcr\u00fcn i\u00e7me suyu insan t\u00fcketimi veya sulama i\u00e7in uygundur.<\/p>\n<p>&nbsp;<\/p>\n<p>- K\u0131sa s\u00fcre\u00e7<\/p>\n<p>Deniz suyu \u2192 su tank\u0131 \u2192 hidrofor pompas\u0131 \u2192 Mekanik filtre \u2192 G\u00fcvenlik filtresi \u2192 Y\u00fcksek bas\u0131n\u00e7 pompas\u0131 \u2192 Deniz suyu tuzdan ar\u0131nd\u0131rma RO membran mod\u00fclleri \u2192 i\u00e7me suyu tank\u0131<\/p>\n<p>&nbsp;<\/p>\n<p>- Avantaj<\/p>\n<p>&nbsp;<\/p>\n<p>Bu su ekipman\u0131, y\u00fcksek desalinizasyon oran\u0131na ve istikrarl\u0131 ve g\u00fcvenli performansa sahip Amerika DOW deniz suyu tuzdan ar\u0131nd\u0131rma ters osmoz membran\u0131n\u0131 uyarlar. Makinenin y\u00fcksek ve d\u00fc\u015f\u00fck bas\u0131n\u00e7 korumas\u0131na sahip RO y\u00fcksek bas\u0131n\u00e7 pompas\u0131 markad\u0131r ve \u00f6zellikle deniz suyu tuzdan ar\u0131nd\u0131rma i\u00e7in kullan\u0131l\u0131r. Bu cihaz t\u00fcm makinenin g\u00fcvenli\u011fini sa\u011flayabilir. Bu makine taraf\u0131ndan \u00fcretilen i\u00e7me suyu berrakt\u0131r ve hi\u00e7bir kimyasal madde i\u00e7ermez ve do\u011frudan i\u00e7ebiliriz.<\/p>\n<p>Bu makine k\u00fc\u00e7\u00fck boyutlu olarak tasarlanm\u0131\u015ft\u0131r, bu nedenle hafiftir, kurulum ve adaptasyon i\u00e7in uygundur. Kullan\u0131m\u0131 ve bak\u0131m\u0131 kolayd\u0131r.<\/p>\n<p>&nbsp;<\/p>\n<\/div>","protected":false},"excerpt":{"rendered":"<table>\n<thead>\n<tr>\n<th>Saha<\/th>\n<th>De\u011fer<\/th>\n<\/tr>\n<\/thead>\n<tbody>\n<tr>\n<td>Uygulanabilir Sekt\u00f6rler<\/td>\n<td>Yiyecek &amp; \u0130\u00e7ecek Fabrikas\u0131, \u0130n\u015faat i\u015fleri, Yiyecek &amp; \u0130\u00e7ecek Ma\u011fazalar\u0131<\/td>\n<\/tr>\n<tr>\n<td>Garanti Sonras\u0131 Hizmet<\/td>\n<td>\u00c7evrimi\u00e7i destek<\/td>\n<\/tr>\n<tr>\n<td>Yerel Hizmet Konumu<\/td>\n<td>Hi\u00e7biri<\/td>\n<\/tr>\n<tr>\n<td>Showroom Konumu<\/td>\n<td>Hi\u00e7biri<\/td>\n<\/tr>\n<tr>\n<td>Video giden-denetim<\/td>\n<td>Sa\u011fland\u0131<\/td>\n<\/tr>\n<tr>\n<td>Makine Test Raporu<\/td>\n<td>Sa\u011fland\u0131<\/td>\n<\/tr>\n<tr>\n<td>Pazarlama T\u00fcr\u00fc<\/td>\n<td>S\u0131radan \u00dcr\u00fcn<\/td>\n<\/tr>\n<tr>\n<td>\u00c7ekirdek bile\u015fenlerin garantisi<\/td>\n<td>1 Y\u0131l<\/td>\n<\/tr>\n<tr>\n<td>\u00c7ekirdek Bile\u015fenler<\/td>\n<td>Bas\u0131n\u00e7l\u0131 kap, Motor<\/td>\n<\/tr>\n<tr>\n<td>Men\u015fe Yeri<\/td>\n<td>Guangdong, \u00c7in<\/td>\n<\/tr>\n<tr>\n<td>Marka Ad\u0131<\/td>\n<td>Lvyuan\/OEM<\/td>\n<\/tr>\n<tr>\n<td>Garanti<\/td>\n<td>1 Y\u0131l<\/td>\n<\/tr>\n<tr>\n<td>Sa\u011flanan Sat\u0131\u015f Sonras\u0131 Hizmet<\/td>\n<td>\u00c7evrimi\u00e7i destek<\/td>\n<\/tr>\n<tr>\n<td>tip1<\/td>\n<td>deniz suyu tuzdan ar\u0131nd\u0131rma<\/td>\n<\/tr>\n<tr>\n<td>tip2<\/td>\n<td>ac\u0131 su tuzdan ar\u0131nd\u0131rma<\/td>\n<\/tr>\n<tr>\n<td>tip3<\/td>\n<td>ro su aritma si\u0307stemi\u0307<\/td>\n<\/tr>\n<tr>\n<td>SU ORANI<\/td>\n<td>5000LPD-100000LPD<\/td>\n<\/tr>\n<tr>\n<td>tuzdan ar\u0131nd\u0131rma oran\u0131<\/td>\n<td>98%<\/td>\n<\/tr>\n<tr>\n<td>\u00e7al\u0131\u015fma bas\u0131nc\u0131<\/td>\n<td>3.5-6.5MPa<\/td>\n<\/tr>\n<tr>\n<td>kullan\u0131m<\/td>\n<td>yelkenli gemi i\u00e7in saf su yapmak<\/td>\n<\/tr>\n<tr>\n<td>\u00e7ekirdek s\u00fcre\u00e7<\/td>\n<td>ters osmoz membran\u0131<\/td>\n<\/tr>\n<tr>\n<td>steri\u0307li\u0307zasyon<\/td>\n<td>UV sterilizat\u00f6r<\/td>\n<\/tr>\n<tr>\n<td>kullan\u0131m2<\/td>\n<td>tekne i\u00e7in deniz suyu tuzdan ar\u0131nd\u0131rma<\/td>\n<\/tr>\n<tr>\n<td>Tedarik Yetene\u011fi<\/td>\n<td>Haftada 5 Set<\/td>\n<\/tr>\n<\/tbody>\n<\/table>","protected":false},"featured_media":4428,"comment_status":"open","ping_status":"closed","template":"","meta":{"_gspb_post_css":""},"product_brand":[],"product_cat":[1628],"product_tag":[1630,1534,1629,1632,1631,1633],"class_list":{"0":"post-4427","1":"product","2":"type-product","3":"status-publish","4":"has-post-thumbnail","6":"product_cat-seawater-desalination-plant","7":"product_tag-boat-desalination-system","8":"product_tag-inversafilterpurification","9":"product_tag-low-cost-seawater-desalination-plant","10":"product_tag-marine-water-purification","11":"product_tag-sailing-water-maker","12":"product_tag-seawater-treatment-system","14":"first","15":"instock","16":"shipping-taxable","17":"product-type-simple"},"_links":{"self":[{"href":"https:\/\/lyfilter.com\/tr\/wp-json\/wp\/v2\/product\/4427","targetHints":{"allow":["GET"]}}],"collection":[{"href":"https:\/\/lyfilter.com\/tr\/wp-json\/wp\/v2\/product"}],"about":[{"href":"https:\/\/lyfilter.com\/tr\/wp-json\/wp\/v2\/types\/product"}],"replies":[{"embeddable":true,"href":"https:\/\/lyfilter.com\/tr\/wp-json\/wp\/v2\/comments?post=4427"}],"wp:featuredmedia":[{"embeddable":true,"href":"https:\/\/lyfilter.com\/tr\/wp-json\/wp\/v2\/media\/4428"}],"wp:attachment":[{"href":"https:\/\/lyfilter.com\/tr\/wp-json\/wp\/v2\/media?parent=4427"}],"wp:term":[{"taxonomy":"product_brand","embeddable":true,"href":"https:\/\/lyfilter.com\/tr\/wp-json\/wp\/v2\/product_brand?post=4427"},{"taxonomy":"product_cat","embeddable":true,"href":"https:\/\/lyfilter.com\/tr\/wp-json\/wp\/v2\/product_cat?post=4427"},{"taxonomy":"product_tag","embeddable":true,"href":"https:\/\/lyfilter.com\/tr\/wp-json\/wp\/v2\/product_tag?post=4427"}],"curies":[{"name":"wp","href":"https:\/\/api.w.org\/{rel}","templated":true}]}}