{"id":4421,"date":"2026-04-04T09:44:14","date_gmt":"2026-04-04T09:44:14","guid":{"rendered":"https:\/\/lyfilter.com\/"},"modified":"2026-04-04T09:44:14","modified_gmt":"2026-04-04T09:44:14","slug":"lvyuan-filter-professional-sintered-stainless-steel-filter-elements-supply-for-water","status":"publish","type":"product","link":"https:\/\/lyfilter.com\/tr\/lvyuan-filter-professional-sintered-stainless-steel-filter-elements-supply-for-water\/","title":{"rendered":"Lvyuan Filtre Profesyonel Sinterlenmi\u015f Paslanmaz \u00c7elik Filtre Elemanlar\u0131 Su \u0130\u00e7in Tedarik"},"content":{"rendered":"<p>Su filtrasyonu i\u00e7in tasarlanan bu sinterlenmi\u015f paslanmaz \u00e7elik filtre eleman\u0131, istikrarl\u0131 ak\u0131\u015f, dayan\u0131kl\u0131 g\u00fc\u00e7 ve uzun hizmet \u00f6mr\u00fc sunar. Lvyuan ve InversaFilterPurification, end\u00fcstriyel kullan\u0131m i\u00e7in g\u00fcvenilir tedarik ve destek sa\u011flar.<\/p>","protected":false},"excerpt":{"rendered":"<table>\n<thead>\n<tr>\n<th>Saha<\/th>\n<th>De\u011fer<\/th>\n<\/tr>\n<\/thead>\n<tbody>\n<tr>\n<td>Garanti Sonras\u0131 Hizmet<\/td>\n<td>\u00c7evrimi\u00e7i destek<\/td>\n<\/tr>\n<tr>\n<td>Yerel Hizmet Konumu<\/td>\n<td>Hi\u00e7biri<\/td>\n<\/tr>\n<tr>\n<td>Showroom Konumu<\/td>\n<td>Hi\u00e7biri<\/td>\n<\/tr>\n<tr>\n<td>Video giden-denetim<\/td>\n<td>Sa\u011fland\u0131<\/td>\n<\/tr>\n<tr>\n<td>Makine Test Raporu<\/td>\n<td>Sa\u011fland\u0131<\/td>\n<\/tr>\n<tr>\n<td>Pazarlama T\u00fcr\u00fc<\/td>\n<td>S\u0131radan \u00dcr\u00fcn<\/td>\n<\/tr>\n<tr>\n<td>\u00c7ekirdek bile\u015fenlerin garantisi<\/td>\n<td>1 Y\u0131l<\/td>\n<\/tr>\n<tr>\n<td>\u00c7ekirdek Bile\u015fenler<\/td>\n<td>Bas\u0131n\u00e7l\u0131 kap<\/td>\n<\/tr>\n<tr>\n<td>Men\u015fe Yeri<\/td>\n<td>Guangdong, \u00c7in<\/td>\n<\/tr>\n<tr>\n<td>Marka Ad\u0131<\/td>\n<td>Lvyuan\/OEM<\/td>\n<\/tr>\n<tr>\n<td>Garanti<\/td>\n<td>1 Y\u0131l<\/td>\n<\/tr>\n<tr>\n<td>Sa\u011flanan Sat\u0131\u015f Sonras\u0131 Hizmet<\/td>\n<td>\u00c7evrimi\u00e7i destek<\/td>\n<\/tr>\n<tr>\n<td>\u00dcr\u00fcn ad\u0131<\/td>\n<td>paslanmaz \u00e7eli\u0307k buhar fi\u0307ltresi\u0307<\/td>\n<\/tr>\n<tr>\n<td>Mikron Oran\u0131<\/td>\n<td>0,1 ila 400 mikron<\/td>\n<\/tr>\n<tr>\n<td>OEM boyut<\/td>\n<td>Mevcut<\/td>\n<\/tr>\n<tr>\n<td>Uzunluk<\/td>\n<td>5\u2033, 10\u2033, 20\u2033, 30\u2033, 40\u2033, 50\u201d, 60\u201d in\u00e7<\/td>\n<\/tr>\n<tr>\n<td>Paslanmaz \u00e7elik Malzeme<\/td>\n<td>304, 316, 316L<\/td>\n<\/tr>\n<tr>\n<td>Aray\u00fcz formu<\/td>\n<td>222,226,215, M36, M24, M22, M20 di\u015fli aray\u00fcz\u00fc<\/td>\n<\/tr>\n<tr>\n<td>Katman<\/td>\n<td>pileli\/mesh kartu\u015f filtre<\/td>\n<\/tr>\n<tr>\n<td>Kullan\u0131m<\/td>\n<td>gaz, s\u0131v\u0131 filtrasyonu<\/td>\n<\/tr>\n<tr>\n<td>Is\u0131 direnci<\/td>\n<td>- 200 - 500 derece<\/td>\n<\/tr>\n<tr>\n<td>\u00c7al\u0131\u015fma bas\u0131nc\u0131<\/td>\n<td>0,1 ila 30Mpa<\/td>\n<\/tr>\n<\/tbody>\n<\/table>","protected":false},"featured_media":4425,"comment_status":"open","ping_status":"closed","template":"","meta":{"_gspb_post_css":""},"product_brand":[],"product_cat":[18],"product_tag":[334,1534,1399,1626,1136,1627],"class_list":{"0":"post-4421","1":"product","2":"type-product","3":"status-publish","4":"has-post-thumbnail","6":"product_cat-sintered-metal-filters","7":"product_tag-industrial-water-filter","8":"product_tag-inversafilterpurification","9":"product_tag-lvyuan-sintered-stainless-steel-filter","10":"product_tag-stainless-steel-filter-element","11":"product_tag-water-filter-locks","12":"product_tag-water-filtration-filter-element","14":"first","15":"instock","16":"shipping-taxable","17":"product-type-simple"},"_links":{"self":[{"href":"https:\/\/lyfilter.com\/tr\/wp-json\/wp\/v2\/product\/4421","targetHints":{"allow":["GET"]}}],"collection":[{"href":"https:\/\/lyfilter.com\/tr\/wp-json\/wp\/v2\/product"}],"about":[{"href":"https:\/\/lyfilter.com\/tr\/wp-json\/wp\/v2\/types\/product"}],"replies":[{"embeddable":true,"href":"https:\/\/lyfilter.com\/tr\/wp-json\/wp\/v2\/comments?post=4421"}],"wp:featuredmedia":[{"embeddable":true,"href":"https:\/\/lyfilter.com\/tr\/wp-json\/wp\/v2\/media\/4425"}],"wp:attachment":[{"href":"https:\/\/lyfilter.com\/tr\/wp-json\/wp\/v2\/media?parent=4421"}],"wp:term":[{"taxonomy":"product_brand","embeddable":true,"href":"https:\/\/lyfilter.com\/tr\/wp-json\/wp\/v2\/product_brand?post=4421"},{"taxonomy":"product_cat","embeddable":true,"href":"https:\/\/lyfilter.com\/tr\/wp-json\/wp\/v2\/product_cat?post=4421"},{"taxonomy":"product_tag","embeddable":true,"href":"https:\/\/lyfilter.com\/tr\/wp-json\/wp\/v2\/product_tag?post=4421"}],"curies":[{"name":"wp","href":"https:\/\/api.w.org\/{rel}","templated":true}]}}