{"id":4414,"date":"2026-04-04T09:24:35","date_gmt":"2026-04-04T09:24:35","guid":{"rendered":"https:\/\/lyfilter.com\/"},"modified":"2026-05-08T01:28:26","modified_gmt":"2026-05-08T01:28:26","slug":"water-filter-housing-blue-ro-filter-housing-10-20-for-water-system","status":"publish","type":"product","link":"https:\/\/lyfilter.com\/tr\/water-filter-housing-blue-ro-filter-housing-10-20-for-water-system\/","title":{"rendered":"Su Sistemi \u0130\u00e7in Su Filtresi Muhafazas\u0131 Mavi \/ RO Filtre Muhafazas\u0131 10 \u201d20\u201d"},"content":{"rendered":"<p>Bu mavi su filtresi muhafazas\u0131, su sisteminize g\u00fcvenli bir uyum ve istikrarl\u0131 bir ak\u0131\u015f sa\u011flayarak g\u00fcvenilir filtreleme i\u00e7in \u00fcretilmi\u015ftir. InversaFilterPurification, farkl\u0131 kurulumlarla e\u015fle\u015ftirilmesi kolay 10 in\u00e7 ve 20 in\u00e7 se\u00e7enekleri sunar.<\/p>","protected":false},"excerpt":{"rendered":"<table>\n<thead>\n<tr>\n<th>Saha<\/th>\n<th>De\u011fer<\/th>\n<\/tr>\n<\/thead>\n<tbody>\n<tr>\n<td>Uygulanabilir Sekt\u00f6rler<\/td>\n<td>Oteller, Yiyecek ve \u0130\u00e7ecek Fabrikas\u0131, Ev Kullan\u0131m\u0131, su ar\u0131tma<\/td>\n<\/tr>\n<tr>\n<td>Men\u015fe Yeri<\/td>\n<td>Guangdong, \u00c7in<\/td>\n<\/tr>\n<tr>\n<td>Marka Ad\u0131<\/td>\n<td>Lvyuan, OEM, ODM<\/td>\n<\/tr>\n<tr>\n<td>Malzeme<\/td>\n<td>pp<\/td>\n<\/tr>\n<tr>\n<td>A\u011f\u0131rl\u0131k<\/td>\n<td>\u00f6zelle\u015ftirilmi\u015f<\/td>\n<\/tr>\n<tr>\n<td>Boyut<\/td>\n<td>\u00f6zelle\u015ftirilmi\u015f<\/td>\n<\/tr>\n<tr>\n<td>G\u00fc\u00e7<\/td>\n<td>\u00f6zelle\u015ftirilmi\u015f<\/td>\n<\/tr>\n<tr>\n<td>Garanti<\/td>\n<td>Kullan\u0131lam\u0131yor<\/td>\n<\/tr>\n<tr>\n<td>\u00d6zellik<\/td>\n<td>s\u0131v\u0131 ar\u0131tma<\/td>\n<\/tr>\n<tr>\n<td>Uzunluk<\/td>\n<td>10 in\u00e7<\/td>\n<\/tr>\n<tr>\n<td>Sertifikasyon<\/td>\n<td>SGS<\/td>\n<\/tr>\n<tr>\n<td>\u015eekil<\/td>\n<td>Silindir<\/td>\n<\/tr>\n<tr>\n<td>Kullan\u0131m<\/td>\n<td>su ar\u0131tma<\/td>\n<\/tr>\n<tr>\n<td>Uygulama<\/td>\n<td>end\u00fcstri, ev<\/td>\n<\/tr>\n<tr>\n<td>Hammadde<\/td>\n<td>pp<\/td>\n<\/tr>\n<tr>\n<td>stil<\/td>\n<td>ucuz<\/td>\n<\/tr>\n<tr>\n<td>renk<\/td>\n<td>Mavi ve \u015feffaf<\/td>\n<\/tr>\n<tr>\n<td>OD<\/td>\n<td>185 mm<\/td>\n<\/tr>\n<tr>\n<td>Sa\u011flanan Sat\u0131\u015f Sonras\u0131 Hizmet<\/td>\n<td>\u00c7evrimi\u00e7i destek<\/td>\n<\/tr>\n<tr>\n<td>Tedarik Yetene\u011fi<\/td>\n<td>G\u00fcnde 500 Adet \/ Adet<\/td>\n<\/tr>\n<\/tbody>\n<\/table>","protected":false},"featured_media":4415,"comment_status":"open","ping_status":"closed","template":"","meta":{"_gspb_post_css":""},"product_brand":[],"product_cat":[1304],"product_tag":[1625,1594,1623,1534,1624,1136],"class_list":{"0":"post-4414","1":"product","2":"type-product","3":"status-publish","4":"has-post-thumbnail","6":"product_cat-10-inch-filter-housing","7":"product_tag-10-inch-water-filter-housing","8":"product_tag-20-inch-filter-housing","9":"product_tag-blue-water-filter-housing","10":"product_tag-inversafilterpurification","11":"product_tag-ro-filter-housing","12":"product_tag-water-filter-locks","14":"first","15":"instock","16":"shipping-taxable","17":"product-type-simple"},"_links":{"self":[{"href":"https:\/\/lyfilter.com\/tr\/wp-json\/wp\/v2\/product\/4414","targetHints":{"allow":["GET"]}}],"collection":[{"href":"https:\/\/lyfilter.com\/tr\/wp-json\/wp\/v2\/product"}],"about":[{"href":"https:\/\/lyfilter.com\/tr\/wp-json\/wp\/v2\/types\/product"}],"replies":[{"embeddable":true,"href":"https:\/\/lyfilter.com\/tr\/wp-json\/wp\/v2\/comments?post=4414"}],"wp:featuredmedia":[{"embeddable":true,"href":"https:\/\/lyfilter.com\/tr\/wp-json\/wp\/v2\/media\/4415"}],"wp:attachment":[{"href":"https:\/\/lyfilter.com\/tr\/wp-json\/wp\/v2\/media?parent=4414"}],"wp:term":[{"taxonomy":"product_brand","embeddable":true,"href":"https:\/\/lyfilter.com\/tr\/wp-json\/wp\/v2\/product_brand?post=4414"},{"taxonomy":"product_cat","embeddable":true,"href":"https:\/\/lyfilter.com\/tr\/wp-json\/wp\/v2\/product_cat?post=4414"},{"taxonomy":"product_tag","embeddable":true,"href":"https:\/\/lyfilter.com\/tr\/wp-json\/wp\/v2\/product_tag?post=4414"}],"curies":[{"name":"wp","href":"https:\/\/api.w.org\/{rel}","templated":true}]}}