{"id":4405,"date":"2026-04-04T09:09:51","date_gmt":"2026-04-04T09:09:51","guid":{"rendered":"https:\/\/lyfilter.com\/"},"modified":"2026-04-04T09:09:51","modified_gmt":"2026-04-04T09:09:51","slug":"sintered-porous-stainless-steel-filters-for-manufacturing-factory-direct-supply","status":"publish","type":"product","link":"https:\/\/lyfilter.com\/tr\/sintered-porous-stainless-steel-filters-for-manufacturing-factory-direct-supply\/","title":{"rendered":"Fabrika Do\u011frudan Tedarik \u0130malat\u0131 i\u00e7in Sinterlenmi\u015f G\u00f6zenekli Paslanmaz \u00c7elik Filtreler"},"content":{"rendered":"<p><b>Sinterlenmi\u015f g\u00f6zenekli paslanmaz \u00e7elik filtrelerin \u00fcr\u00fcn detaylar\u0131<\/b><\/p>\n<p>&nbsp;<\/p>\n<p><b>H\u0131zl\u0131 Genel Bak\u0131\u015f<\/b><\/p>\n<p>Lvyuan Su Ar\u0131tma Ekipmanlar\u0131\u00a0<a href=\"https:\/\/lyfilter.com\/tr\/products.html\/\">su fi\u0307ltre kartu\u015flari<\/a>,kartu\u015f filtre \u00fcreticisi, kartu\u015f muhafazas\u0131 \u00fcretimi makul \u015fekilde tasarlanm\u0131\u015ft\u0131r. Performanslar\u0131 istikrarl\u0131 ve kullan\u0131mlar\u0131 kolayd\u0131r. Kalite a\u00e7\u0131s\u0131ndan g\u00fcvenilir ve kullan\u0131ma dayan\u0131kl\u0131d\u0131rlar.\u00a0<a href=\"https:\/\/lyfilter.com\/tr\/\">Lvyuan Filtre<\/a>\u00a0sinterlenmi\u015f g\u00f6zenekli paslanmaz \u00e7elik filtreler, en iyi tasar\u0131mc\u0131lar ve ba\u011f\u0131ms\u0131z Ar-Ge ekipleri taraf\u0131ndan tasarlanm\u0131\u015ft\u0131r. \u00dcr\u00fcn\u00fcn kendisi, Lvyuan Filtre'deki kalitenin m\u00fckemmel bir d\u00fczenlemesidir. Bu \u00fcr\u00fcn her alan i\u00e7in uygundur, geni\u015f pazar beklentisine sahiptir.<\/p>\n<p>&nbsp;<\/p>\n<p><b>\u00dcr\u00fcn Tan\u0131t\u0131m\u0131<\/b><\/p>\n<p>Benzer \u00fcr\u00fcnlerle kar\u015f\u0131la\u015ft\u0131r\u0131ld\u0131\u011f\u0131nda, Lvyuan Su Ar\u0131tma Ekipmanlar\u0131'n\u0131n sinterlenmi\u015f g\u00f6zenekli paslanmaz \u00e7elik filtreleri a\u015fa\u011f\u0131daki avantajlara sahiptir.<\/p>\n<div class=\"pro_aliData\">\n<div class=\"detail-box\">\n<div class=\"scc-wrapper detail-module module-cspu\" data-module=\"cspu\"><\/div>\n<div class=\"scc-wrapper detail-module module-productPackagingAndQuickDetail\" data-spm=\"prilinga1e\">\n<div class=\"widget-detail-overview\">\n<div class=\"do-title\">Genel Bak\u0131\u015f<\/div>\n<div id=\"car-parts-model\"><\/div>\n<div class=\"do-content\">\n<div class=\"do-overview\">\n<div class=\"do-entry do-entry-separate\">\n<div class=\"do-entry-title\">H\u0131zl\u0131 Ayr\u0131nt\u0131lar<\/div>\n<div class=\"do-entry-list\">\n<dl id=\"100005642\" class=\"do-entry-item\">\n<dt class=\"do-entry-item\"><span class=\"attr-name J-attr-name\" title=\"Durum\">Durum:<\/span><\/dt>\n<dd class=\"do-entry-item-val\">\n<div class=\"ellipsis\" title=\"Yeni\">Yeni<\/div>\n<\/dd>\n<\/dl>\n<dl id=\"224439040\" class=\"do-entry-item\">\n<dt class=\"do-entry-item\"><span class=\"attr-name J-attr-name\" title=\"Uygulanabilir Sekt\u00f6rler\">Uygulanabilir End\u00fcstriler:<\/span><\/dt>\n<dd class=\"do-entry-item-val\">\n<div class=\"ellipsis\" title=\"Oteller, Konfeksiyon Ma\u011fazalar\u0131, \u0130n\u015faat Malzemesi Ma\u011fazalar\u0131, \u00dcretim Tesisi, Makine Tamir At\u00f6lyeleri, Yiyecek ve \u0130\u00e7ecek Fabrikas\u0131, \u00c7iftlikler, Restoran, Ev Kullan\u0131m\u0131, Perakende, Yiyecek Ma\u011fazas\u0131, Matbaalar, \u0130n\u015faat i\u015fleri, Enerji ve Madencilik, Yiyecek ve \u0130\u00e7ecek Ma\u011fazalar\u0131\">Oteller, Konfeksiyon Ma\u011fazalar\u0131, \u0130n\u015faat Malzemesi Ma\u011fazalar\u0131, \u00dcretim Tesisi, Makine Tamir At\u00f6lyeleri, Yiyecek ve \u0130\u00e7ecek Fabrikas\u0131, \u00c7iftlikler, Restoran, Ev Kullan\u0131m\u0131, Perakende, Yiyecek Ma\u011fazas\u0131, Matbaalar, \u0130n\u015faat i\u015fleri, Enerji ve Madencilik, Yiyecek ve \u0130\u00e7ecek Ma\u011fazalar\u0131<\/div>\n<\/dd>\n<\/dl>\n<\/div>\n<\/div>\n<\/div>\n<\/div>\n<\/div>\n<\/div>\n<\/div>\n<\/div>","protected":false},"excerpt":{"rendered":"<table>\n<thead>\n<tr>\n<th>Saha<\/th>\n<th>De\u011fer<\/th>\n<\/tr>\n<\/thead>\n<tbody>\n<tr>\n<td>Garanti Sonras\u0131 Hizmet<\/td>\n<td>\u00c7evrimi\u00e7i destek<\/td>\n<\/tr>\n<tr>\n<td>Yerel Hizmet Konumu<\/td>\n<td>Hi\u00e7biri<\/td>\n<\/tr>\n<tr>\n<td>Showroom Konumu<\/td>\n<td>Hi\u00e7biri<\/td>\n<\/tr>\n<tr>\n<td>Video giden-denetim<\/td>\n<td>Sa\u011fland\u0131<\/td>\n<\/tr>\n<tr>\n<td>Makine Test Raporu<\/td>\n<td>Sa\u011fland\u0131<\/td>\n<\/tr>\n<tr>\n<td>Pazarlama T\u00fcr\u00fc<\/td>\n<td>S\u0131radan \u00dcr\u00fcn<\/td>\n<\/tr>\n<tr>\n<td>\u00c7ekirdek bile\u015fenlerin garantisi<\/td>\n<td>1 Y\u0131l<\/td>\n<\/tr>\n<tr>\n<td>\u00c7ekirdek Bile\u015fenler<\/td>\n<td>Bas\u0131n\u00e7l\u0131 kap<\/td>\n<\/tr>\n<tr>\n<td>Men\u015fe Yeri<\/td>\n<td>Guangdong, \u00c7in<\/td>\n<\/tr>\n<tr>\n<td>Marka Ad\u0131<\/td>\n<td>Lvyuan\/OEM<\/td>\n<\/tr>\n<tr>\n<td>Garanti<\/td>\n<td>1 Y\u0131l<\/td>\n<\/tr>\n<tr>\n<td>Sa\u011flanan Sat\u0131\u015f Sonras\u0131 Hizmet<\/td>\n<td>\u00c7evrimi\u00e7i destek<\/td>\n<\/tr>\n<tr>\n<td>Anahtar Kelimeler<\/td>\n<td>paslanmaz \u00e7elik tel \u00f6rg\u00fc filtre kartu\u015fu<\/td>\n<\/tr>\n<tr>\n<td>\u00c7ap<\/td>\n<td>M\u00fc\u015fteri talebi<\/td>\n<\/tr>\n<tr>\n<td>Malzeme<\/td>\n<td>paslanmaz \u00e7elik<\/td>\n<\/tr>\n<tr>\n<td>\u015eekil<\/td>\n<td>Silindir<\/td>\n<\/tr>\n<tr>\n<td>Kullan\u0131m<\/td>\n<td>su ar\u0131tma<\/td>\n<\/tr>\n<tr>\n<td>Uygulama<\/td>\n<td>end\u00fcstri<\/td>\n<\/tr>\n<tr>\n<td>Renk<\/td>\n<td>\u015eerit<\/td>\n<\/tr>\n<tr>\n<td>Paketleme<\/td>\n<td>KA\u011eIT KUTU<\/td>\n<\/tr>\n<tr>\n<td>uzunluk<\/td>\n<td>10\/20\/30\/40 in\u00e7<\/td>\n<\/tr>\n<tr>\n<td>Avantaj<\/td>\n<td>yeniden kullan\u0131m<\/td>\n<\/tr>\n<tr>\n<td>Tedarik Yetene\u011fi<\/td>\n<td>Ay ba\u015f\u0131na 10000 Adet \/ Adet<\/td>\n<\/tr>\n<\/tbody>\n<\/table>","protected":false},"featured_media":4407,"comment_status":"open","ping_status":"closed","template":"","meta":{"_gspb_post_css":""},"product_brand":[],"product_cat":[18],"product_tag":[1617,1616,1534,1614,1615,1136],"class_list":{"0":"post-4405","1":"product","2":"type-product","3":"status-publish","4":"has-post-thumbnail","6":"product_cat-sintered-metal-filters","7":"product_tag-factory-direct-supply-filter","8":"product_tag-industrial-porous-metal-filter","9":"product_tag-inversafilterpurification","10":"product_tag-sintered-porous-stainless-steel-filter","11":"product_tag-stainless-steel-manufacturing-filter","12":"product_tag-water-filter-locks","14":"first","15":"instock","16":"shipping-taxable","17":"product-type-simple"},"_links":{"self":[{"href":"https:\/\/lyfilter.com\/tr\/wp-json\/wp\/v2\/product\/4405","targetHints":{"allow":["GET"]}}],"collection":[{"href":"https:\/\/lyfilter.com\/tr\/wp-json\/wp\/v2\/product"}],"about":[{"href":"https:\/\/lyfilter.com\/tr\/wp-json\/wp\/v2\/types\/product"}],"replies":[{"embeddable":true,"href":"https:\/\/lyfilter.com\/tr\/wp-json\/wp\/v2\/comments?post=4405"}],"wp:featuredmedia":[{"embeddable":true,"href":"https:\/\/lyfilter.com\/tr\/wp-json\/wp\/v2\/media\/4407"}],"wp:attachment":[{"href":"https:\/\/lyfilter.com\/tr\/wp-json\/wp\/v2\/media?parent=4405"}],"wp:term":[{"taxonomy":"product_brand","embeddable":true,"href":"https:\/\/lyfilter.com\/tr\/wp-json\/wp\/v2\/product_brand?post=4405"},{"taxonomy":"product_cat","embeddable":true,"href":"https:\/\/lyfilter.com\/tr\/wp-json\/wp\/v2\/product_cat?post=4405"},{"taxonomy":"product_tag","embeddable":true,"href":"https:\/\/lyfilter.com\/tr\/wp-json\/wp\/v2\/product_tag?post=4405"}],"curies":[{"name":"wp","href":"https:\/\/api.w.org\/{rel}","templated":true}]}}