{"id":4397,"date":"2026-04-04T09:06:52","date_gmt":"2026-04-04T09:06:52","guid":{"rendered":"https:\/\/lyfilter.com\/"},"modified":"2026-04-04T09:06:52","modified_gmt":"2026-04-04T09:06:52","slug":"best-price-pp-melt-blown-filter-cartridge-with-custom-services-for-water-purifier","status":"publish","type":"product","link":"https:\/\/lyfilter.com\/tr\/best-price-pp-melt-blown-filter-cartridge-with-custom-services-for-water-purifier\/","title":{"rendered":"Su Ar\u0131tma Cihaz\u0131 \u0130\u00e7in \u00d6zel Hizmetler ile En \u0130yi Fiyat PP Eriyik \u00dcflemeli Filtre Kartu\u015fu"},"content":{"rendered":"<p><b>\u015eirket Avantajlar\u0131<\/b><br \/>\n<b>1.<\/b>\u00a0Tasar\u0131m\u00a0<a href=\"https:\/\/lyfilter.com\/tr\/\">Lvyuan Filtre<\/a>\u00a0s\u0131k\u0131 bir \u015fekilde y\u00fcr\u00fct\u00fclmektedir. Par\u00e7a ve bile\u015fen g\u00fcvenli\u011fini, t\u00fcm makine g\u00fcvenli\u011fini, \u00e7al\u0131\u015fma g\u00fcvenli\u011fini ve \u00e7evre g\u00fcvenli\u011fini y\u00fcksek d\u00fczeyde d\u00fc\u015f\u00fcnen tasar\u0131mc\u0131lar\u0131m\u0131z taraf\u0131ndan ger\u00e7ekle\u015ftirilir. Daha fazla kir tutma kapasitesine ve daha uzun \u00f6mre sahiptir<br \/>\n<b>2.<\/b>\u00a0Guangzhou Lvyuan Su Ar\u0131tma Equipment Co, Ltd kurulu\u015fundan bu yana bir\u00e7ok kullan\u0131c\u0131dan \u00f6vg\u00fc ald\u0131. Y\u0131ld\u0131z \u015feklindeki halka conta\u00a0<a href=\"https:\/\/lyfilter.com\/tr\/products.html\/\">filtre eleman\u0131<\/a>\u00a0s\u00f6k\u00fclmesi ve bak\u0131m\u0131 kolay<br \/>\n<b>3.<\/b>\u00a0\u00dcr\u00fcn m\u00fckemmel s\u0131zd\u0131rmazl\u0131\u011fa sahiptir. Hassas bile\u015fenleri ve par\u00e7alar\u0131, kazara darbe ve toz birikimini \u00f6nlemek i\u00e7in koruyucu bir muhafaza ile korunmaktad\u0131r. Standart ve tam ak\u0131\u015fl\u0131 muhafazalar i\u00e7in geni\u015f bir uzunluk yelpazesi ile birlikte gelir<\/p>","protected":false},"excerpt":{"rendered":"<table>\n<thead>\n<tr>\n<th>Saha<\/th>\n<th>De\u011fer<\/th>\n<\/tr>\n<\/thead>\n<tbody>\n<tr>\n<td>Uygulanabilir Sekt\u00f6rler<\/td>\n<td>\u00dcretim Tesisi, Yiyecek ve \u0130\u00e7ecek Fabrikas\u0131, Ev Kullan\u0131m\u0131, su ar\u0131tma<\/td>\n<\/tr>\n<tr>\n<td>Men\u015fe Yeri<\/td>\n<td>Guangdong, \u00c7in<\/td>\n<\/tr>\n<tr>\n<td>Marka Ad\u0131<\/td>\n<td>Lvyuan, OEM, ODM<\/td>\n<\/tr>\n<tr>\n<td>Malzeme<\/td>\n<td>pp<\/td>\n<\/tr>\n<tr>\n<td>A\u011f\u0131rl\u0131k<\/td>\n<td>\u00f6zelle\u015ftirilmi\u015f<\/td>\n<\/tr>\n<tr>\n<td>Boyut<\/td>\n<td>\u00f6zelle\u015ftirilmi\u015f, ince, jumbo<\/td>\n<\/tr>\n<tr>\n<td>G\u00fc\u00e7<\/td>\n<td>0<\/td>\n<\/tr>\n<tr>\n<td>Garanti<\/td>\n<td>Kullan\u0131lam\u0131yor<\/td>\n<\/tr>\n<tr>\n<td>\u00d6zellik<\/td>\n<td>\u00f6zelle\u015ftirilmi\u015f boyut ve logo \u00e7elik \u00e7alma<\/td>\n<\/tr>\n<tr>\n<td>Sertifikasyon<\/td>\n<td>SGS<\/td>\n<\/tr>\n<tr>\n<td>\u015eekil<\/td>\n<td>Silindir<\/td>\n<\/tr>\n<tr>\n<td>Kullan\u0131m<\/td>\n<td>su ar\u0131tma<\/td>\n<\/tr>\n<tr>\n<td>Uygulama<\/td>\n<td>end\u00fcstri<\/td>\n<\/tr>\n<tr>\n<td>Renk<\/td>\n<td>beyaz<\/td>\n<\/tr>\n<tr>\n<td>Paketleme<\/td>\n<td>KA\u011eIT KUTU<\/td>\n<\/tr>\n<tr>\n<td>Hammadde<\/td>\n<td>pp elyaf<\/td>\n<\/tr>\n<tr>\n<td>G\u00f6r\u00fcn\u00fc\u015f<\/td>\n<td>kabartmal\u0131, parlak, vb.<\/td>\n<\/tr>\n<tr>\n<td>Sa\u011flanan Sat\u0131\u015f Sonras\u0131 Hizmet<\/td>\n<td>\u00c7evrimi\u00e7i destek<\/td>\n<\/tr>\n<tr>\n<td>Tedarik Yetene\u011fi<\/td>\n<td>5000 Adet\/Hafta ba\u015f\u0131na<\/td>\n<\/tr>\n<\/tbody>\n<\/table>","protected":false},"featured_media":4404,"comment_status":"open","ping_status":"closed","template":"","meta":{"_gspb_post_css":""},"product_brand":[],"product_cat":[23],"product_tag":[665,1534,768,325,1613,1165],"class_list":{"0":"post-4397","1":"product","2":"type-product","3":"status-publish","4":"has-post-thumbnail","6":"product_cat-pp-filter-cartridge","7":"product_tag-custom-water-filter-cartridge","8":"product_tag-inversafilterpurification","9":"product_tag-pp-melt-blown-filter-cartridge","10":"product_tag-sediment-filter-cartridge","11":"product_tag-water-filtration-solution","12":"product_tag-water-purifier-filter","14":"first","15":"instock","16":"shipping-taxable","17":"product-type-simple"},"_links":{"self":[{"href":"https:\/\/lyfilter.com\/tr\/wp-json\/wp\/v2\/product\/4397","targetHints":{"allow":["GET"]}}],"collection":[{"href":"https:\/\/lyfilter.com\/tr\/wp-json\/wp\/v2\/product"}],"about":[{"href":"https:\/\/lyfilter.com\/tr\/wp-json\/wp\/v2\/types\/product"}],"replies":[{"embeddable":true,"href":"https:\/\/lyfilter.com\/tr\/wp-json\/wp\/v2\/comments?post=4397"}],"wp:featuredmedia":[{"embeddable":true,"href":"https:\/\/lyfilter.com\/tr\/wp-json\/wp\/v2\/media\/4404"}],"wp:attachment":[{"href":"https:\/\/lyfilter.com\/tr\/wp-json\/wp\/v2\/media?parent=4397"}],"wp:term":[{"taxonomy":"product_brand","embeddable":true,"href":"https:\/\/lyfilter.com\/tr\/wp-json\/wp\/v2\/product_brand?post=4397"},{"taxonomy":"product_cat","embeddable":true,"href":"https:\/\/lyfilter.com\/tr\/wp-json\/wp\/v2\/product_cat?post=4397"},{"taxonomy":"product_tag","embeddable":true,"href":"https:\/\/lyfilter.com\/tr\/wp-json\/wp\/v2\/product_tag?post=4397"}],"curies":[{"name":"wp","href":"https:\/\/api.w.org\/{rel}","templated":true}]}}