{"id":4384,"date":"2026-04-04T08:58:10","date_gmt":"2026-04-04T08:58:10","guid":{"rendered":"https:\/\/lyfilter.com\/"},"modified":"2026-04-04T08:58:10","modified_gmt":"2026-04-04T08:58:10","slug":"lvyuan-filter-pp-sediment-filter-with-good-price-for-water","status":"publish","type":"product","link":"https:\/\/lyfilter.com\/tr\/lvyuan-filter-pp-sediment-filter-with-good-price-for-water\/","title":{"rendered":"Su \u0130\u00e7in \u0130yi Fiyatl\u0131 Lvyuan Filtre PP Sediment Filtresi"},"content":{"rendered":"<p><b>\u015eirket Avantajlar\u0131<\/b><br \/>\n<b>1.<\/b>\u00a0<a href=\"https:\/\/lyfilter.com\/tr\/\">Lvyuan Filtre<\/a>\u00a0sofistike \u00fcretim s\u00fcreci alt\u0131nda in\u015fa edilir. D\u00f6v\u00fclmeli, preslenmeli, kaynaklanmal\u0131, mekanik olarak i\u015flenmeli, temizlenmeli, kaplanmal\u0131 vb. Termal olarak kaynakland\u0131\u011f\u0131ndan, kapaklar\u0131 \u00e7atlamaya veya d\u00fc\u015fmeye e\u011filimli de\u011fildir<br \/>\n<b>2.<\/b>\u00a0\u00dcr\u00fcn, uygun oldu\u011fu geni\u015f bir uygulama yelpazesine sahiptir. 100% Polipropilen yap\u0131dan \u00fcretilmi\u015ftir<br \/>\n<b>3.<\/b>\u00a0Bu \u00fcr\u00fcn d\u00fc\u015f\u00fck enerji t\u00fcketimine sahiptir. \u00c7al\u0131\u015fmad\u0131\u011f\u0131 zamanlarda, g\u00fc\u00e7 t\u00fcketimini en aza indirmeye yard\u0131mc\u0131 olmak i\u00e7in otomatik olarak bekleme moduna ge\u00e7ebilir. Hassas iyon kromatografi uygulamalar\u0131 i\u00e7in do\u011fru analiz ve sonu\u00e7lar sa\u011flayabilir<br \/>\n<b>4.<\/b>\u00a0Bu \u00fcr\u00fcn istikrarl\u0131 ve g\u00fcvenilir \u00e7al\u0131\u015fma \u00f6zelliklerine sahiptir. Kesintisiz olarak en y\u00fcksek seviyeyi korur. M\u00fckemmel filtreleme ve iyi termal stabilite sunar.<br \/>\n<b>5.<\/b>\u00a0\u00dcr\u00fcn yap\u0131s\u0131 sa\u011flamd\u0131r. Mekanik bile\u015fenleri, hareketli par\u00e7alar\u0131 desteklemek i\u00e7in sert ve sa\u011flam olacak \u015fekilde tasarlanm\u0131\u015ft\u0131r. Ayr\u0131ca partik\u00fclleri, mikrobiyal organizmalar\u0131, ferrik oksidi ve di\u011fer safs\u0131zl\u0131klar\u0131 filtreleyebilir<\/p>\n<p>&nbsp;<\/p>\n<h3 class=\"do-entry-title\">Paketleme ve Teslimat<\/h3>\n<div class=\"do-entry-list\">\n<dl class=\"do-entry-item\">\n<dt class=\"do-entry-item-key\">Sat\u0131\u015f Birimleri:<\/dt>\n<dd class=\"do-entry-item-val\">Tek \u00fcr\u00fcn<\/dd>\n<\/dl>\n<dl class=\"do-entry-item\">\n<dt class=\"do-entry-item-key\" title=\"Tek paket boyutu:\">Tek paket boyutu:<\/dt>\n<dd class=\"do-entry-item-val\">20X20X10 cm<\/dd>\n<\/dl>\n<dl class=\"do-entry-item\">\n<dt class=\"do-entry-item-key\" title=\"Tek br\u00fct a\u011f\u0131rl\u0131k:\">Tek br\u00fct a\u011f\u0131rl\u0131k:<\/dt>\n<dd class=\"do-entry-item-val\">1.000 kg<\/dd>\n<\/dl>\n<dl class=\"do-entry-item\">\n<dt class=\"do-entry-item-key\">Paket Tipi:<\/dt>\n<dd class=\"do-entry-item-val pkg-method\">SS304 316 paslanmaz \u00e7elik 40 mikron toz filtre \/ gaz filtrasyon sistemi i\u00e7in sinterlenmi\u015f metal mum filtre: Tekli ambalaj (i\u00e7 kutu)<\/dd>\n<\/dl>\n<dl class=\"do-entry-item\">\n<dt class=\"do-entry-item-key\" title=\"Teslim S\u00fcresi\">Teslim S\u00fcresi\u00a0<i class=\"next-icon next-icon-help next-icon-xs js-leadtimes-tips\"><\/i>:<\/dt>\n<dd class=\"do-entry-item-val\" title=\"Teslim S\u00fcresi\">\n<div class=\"table-responsive\">\n<table class=\"supply-ability-table ui2-table ui2-table-normal ui2-table-zebra ui2-table-hover\">\n<tbody>\n<tr>\n<td>Miktar (Adet)<\/td>\n<td>1 - 100<\/td>\n<td>&gt;100<\/td>\n<\/tr>\n<tr>\n<td>Tahmini Zaman (g\u00fcn)<\/td>\n<td>10<\/td>\n<td>M\u00fczakere edilecek<\/td>\n<\/tr>\n<\/tbody>\n<\/table>\n<\/div>\n<\/dd>\n<\/dl>\n<\/div>","protected":false},"excerpt":{"rendered":"<table>\n<thead>\n<tr>\n<th>Saha<\/th>\n<th>De\u011fer<\/th>\n<\/tr>\n<\/thead>\n<tbody>\n<tr>\n<td>Uygulanabilir Sekt\u00f6rler<\/td>\n<td>Yiyecek &amp; \u0130\u00e7ecek Ma\u011fazalar\u0131<\/td>\n<\/tr>\n<tr>\n<td>Garanti Sonras\u0131 Hizmet<\/td>\n<td>\u00c7evrimi\u00e7i destek<\/td>\n<\/tr>\n<tr>\n<td>Yerel Hizmet Konumu<\/td>\n<td>Hi\u00e7biri<\/td>\n<\/tr>\n<tr>\n<td>Showroom Konumu<\/td>\n<td>Hi\u00e7biri<\/td>\n<\/tr>\n<tr>\n<td>Video giden-denetim<\/td>\n<td>Sa\u011fland\u0131<\/td>\n<\/tr>\n<tr>\n<td>Makine Test Raporu<\/td>\n<td>Sa\u011fland\u0131<\/td>\n<\/tr>\n<tr>\n<td>Pazarlama T\u00fcr\u00fc<\/td>\n<td>S\u0131radan \u00dcr\u00fcn<\/td>\n<\/tr>\n<tr>\n<td>\u00c7ekirdek bile\u015fenlerin garantisi<\/td>\n<td>1 Y\u0131l<\/td>\n<\/tr>\n<tr>\n<td>\u00c7ekirdek Bile\u015fenler<\/td>\n<td>Bas\u0131n\u00e7l\u0131 kap<\/td>\n<\/tr>\n<tr>\n<td>Men\u015fe Yeri<\/td>\n<td>\u00c7in<\/td>\n<\/tr>\n<tr>\n<td>Garanti<\/td>\n<td>1 Y\u0131l<\/td>\n<\/tr>\n<tr>\n<td>Sa\u011flanan Sat\u0131\u015f Sonras\u0131 Hizmet<\/td>\n<td>\u00c7evrimi\u00e7i destek<\/td>\n<\/tr>\n<tr>\n<td>\u0130sim<\/td>\n<td>sinterlenmi\u015f metal mum filtre<\/td>\n<\/tr>\n<tr>\n<td>Malzeme<\/td>\n<td>SS304\/316L<\/td>\n<\/tr>\n<tr>\n<td>Uzunluk<\/td>\n<td>10\/20\/30\/40\/60 in\u00e7<\/td>\n<\/tr>\n<tr>\n<td>Micron<\/td>\n<td>1 - 300um<\/td>\n<\/tr>\n<tr>\n<td>Katmanlar<\/td>\n<td>5 katman<\/td>\n<\/tr>\n<tr>\n<td>Aray\u00fcz formu<\/td>\n<td>222,226,215, M36, M24, M22, M20 di\u015fli aray\u00fcz\u00fc<\/td>\n<\/tr>\n<tr>\n<td>Is\u0131 direnci<\/td>\n<td>- 200 - 500 derece<\/td>\n<\/tr>\n<tr>\n<td>\u00c7al\u0131\u015fma bas\u0131nc\u0131<\/td>\n<td>0,1 - 30Mpa<\/td>\n<\/tr>\n<tr>\n<td>Boyut<\/td>\n<td>\u00d6zelle\u015ftirilmi\u015f<\/td>\n<\/tr>\n<\/tbody>\n<\/table>","protected":false},"featured_media":4386,"comment_status":"open","ping_status":"closed","template":"","meta":{"_gspb_post_css":""},"product_brand":[],"product_cat":[23],"product_tag":[1607,1534,1605,729,1606,1136],"class_list":{"0":"post-4384","1":"product","2":"type-product","3":"status-publish","4":"has-post-thumbnail","6":"product_cat-pp-filter-cartridge","7":"product_tag-affordable-water-sediment-filter","8":"product_tag-inversafilterpurification","9":"product_tag-lvyuan-pp-sediment-filter","10":"product_tag-polypropylene-filter-cartridge","11":"product_tag-pp-sediment-filter-for-water","12":"product_tag-water-filter-locks","14":"first","15":"instock","16":"shipping-taxable","17":"product-type-simple"},"_links":{"self":[{"href":"https:\/\/lyfilter.com\/tr\/wp-json\/wp\/v2\/product\/4384","targetHints":{"allow":["GET"]}}],"collection":[{"href":"https:\/\/lyfilter.com\/tr\/wp-json\/wp\/v2\/product"}],"about":[{"href":"https:\/\/lyfilter.com\/tr\/wp-json\/wp\/v2\/types\/product"}],"replies":[{"embeddable":true,"href":"https:\/\/lyfilter.com\/tr\/wp-json\/wp\/v2\/comments?post=4384"}],"wp:featuredmedia":[{"embeddable":true,"href":"https:\/\/lyfilter.com\/tr\/wp-json\/wp\/v2\/media\/4386"}],"wp:attachment":[{"href":"https:\/\/lyfilter.com\/tr\/wp-json\/wp\/v2\/media?parent=4384"}],"wp:term":[{"taxonomy":"product_brand","embeddable":true,"href":"https:\/\/lyfilter.com\/tr\/wp-json\/wp\/v2\/product_brand?post=4384"},{"taxonomy":"product_cat","embeddable":true,"href":"https:\/\/lyfilter.com\/tr\/wp-json\/wp\/v2\/product_cat?post=4384"},{"taxonomy":"product_tag","embeddable":true,"href":"https:\/\/lyfilter.com\/tr\/wp-json\/wp\/v2\/product_tag?post=4384"}],"curies":[{"name":"wp","href":"https:\/\/api.w.org\/{rel}","templated":true}]}}