{"id":4372,"date":"2026-04-04T08:49:40","date_gmt":"2026-04-04T08:49:40","guid":{"rendered":"https:\/\/lyfilter.com\/"},"modified":"2026-04-04T08:49:40","modified_gmt":"2026-04-04T08:49:40","slug":"lvyuan-affordable-titanium-filter-suppliers-for-factory","status":"publish","type":"product","link":"https:\/\/lyfilter.com\/tr\/lvyuan-affordable-titanium-filter-suppliers-for-factory\/","title":{"rendered":"Fabrika \u0130\u00e7in Lvyuan Uygun Fiyatl\u0131 Titanyum Filtre Tedarik\u00e7ileri"},"content":{"rendered":"<p><b>\u015eirket Avantajlar\u0131<\/b><br \/>\n<b>1.<\/b>\u00a0Bu t\u00fcr paslanmaz \u00e7elik tasar\u0131m\u0131\u00a0<a href=\"https:\/\/lyfilter.com\/tr\/sintered-filter-cartridge.html\/\">sinterlenmi\u015f filtre kartu\u015fu<\/a>\u00a0titanyum filtre end\u00fcstrisinde potansiyel olarak devrim yaratabilir. Termal kaynakl\u0131 oldu\u011fundan, kapaklar\u0131 \u00e7atlama veya d\u00fc\u015fme e\u011filimi g\u00f6stermez<br \/>\n<b>2.<\/b>\u00a0A\u011f\u0131zdan a\u011f\u0131za yay\u0131lan bu \u00fcr\u00fcn, gelecekte daha b\u00fcy\u00fck bir pazar pay\u0131 elde etme potansiyeline sahiptir. Filtrasyon hassasiyetini etkili bir \u015fekilde kontrol edebilir<br \/>\n<b>3.<\/b>\u00a0Titanyum filtrenin g\u00fc\u00e7l\u00fc geli\u015fimi, paslanmaz \u00e7elik sinterlenmi\u015f filtre kartu\u015fu \u00f6zelliklerinden kaynaklanmaktad\u0131r. D\u0131\u015f katmanlarda daha b\u00fcy\u00fck partik\u00fclleri hapsedecek ve derin katmanda daha k\u00fc\u00e7\u00fck partik\u00fclleri yakalayacakt\u0131r.<br \/>\n<b>4.<\/b>\u00a0Genel paslanmaz \u00e7elik sinterlenmi\u015f filtre kartu\u015fu ile kar\u015f\u0131la\u015ft\u0131r\u0131ld\u0131\u011f\u0131nda, titanyum filtre g\u00f6zenekli metal filtrelerin \u00f6zelliklerine sahiptir. Geni\u015f bir etkili filtre alan\u0131na sahiptir<\/p>\n<p>&nbsp;<\/p>\n<div class=\"scc-wrapper detail-module module-productPackagingAndQuickDetail\" data-spm=\"prilinga1e\">\n<div class=\"widget-detail-overview\">\n<div class=\"do-content\">\n<div class=\"do-overview\">\n<div class=\"do-entry do-entry-full\">\n<h3 class=\"do-entry-title\">Paketleme ve Teslimat<\/h3>\n<div class=\"do-entry-list\">\n<dl class=\"do-entry-item\">\n<dt class=\"do-entry-item-key\">Sat\u0131\u015f Birimleri:<\/dt>\n<dd class=\"do-entry-item-val\">Tek \u00fcr\u00fcn<\/dd>\n<\/dl>\n<dl class=\"do-entry-item\">\n<dt class=\"do-entry-item-key\" title=\"Tek paket boyutu:\">Tek paket boyutu:<\/dt>\n<dd class=\"do-entry-item-val\">20X20X20 cm<\/dd>\n<\/dl>\n<dl class=\"do-entry-item\">\n<dt class=\"do-entry-item-key\" title=\"Tek br\u00fct a\u011f\u0131rl\u0131k:\">Tek br\u00fct a\u011f\u0131rl\u0131k:<\/dt>\n<dd class=\"do-entry-item-val\">1.000 kg<\/dd>\n<\/dl>\n<dl class=\"do-entry-item\">\n<dt class=\"do-entry-item-key\">Paket Tipi:<\/dt>\n<dd class=\"do-entry-item-val pkg-method\">Y\u00fcksek kaliteli 10 20 40 in\u00e7 titanyum tozu mikron filtre \/ 5 mikron titanyum filtre Ambalaj boyutu: Tek Ambalaj 1 adet \/ Kutu 112 * 41 * 41cm \/ CTN<\/dd>\n<\/dl>\n<dl class=\"do-entry-item\">\n<dt class=\"do-entry-item-key\" title=\"Teslim S\u00fcresi\">Teslim S\u00fcresi\u00a0<i class=\"next-icon next-icon-help next-icon-xs js-leadtimes-tips\"><\/i>:<\/dt>\n<dd class=\"do-entry-item-val\" title=\"Teslim S\u00fcresi\">\n<div class=\"table-responsive\">\n<table class=\"supply-ability-table ui2-table ui2-table-normal ui2-table-zebra ui2-table-hover\">\n<tbody>\n<tr>\n<td>Miktar (Adet)<\/td>\n<td>1 - 500<\/td>\n<td>&gt;500<\/td>\n<\/tr>\n<tr>\n<td>Tahmini Zaman (g\u00fcn)<\/td>\n<td>10<\/td>\n<td>M\u00fczakere edilecek<\/td>\n<\/tr>\n<\/tbody>\n<\/table>\n<\/div>\n<\/dd>\n<\/dl>\n<\/div>\n<\/div>\n<\/div>\n<\/div>\n<\/div>\n<\/div>","protected":false},"excerpt":{"rendered":"<table>\n<thead>\n<tr>\n<th>Saha<\/th>\n<th>De\u011fer<\/th>\n<\/tr>\n<\/thead>\n<tbody>\n<tr>\n<td>Uygulanabilir Sekt\u00f6rler<\/td>\n<td>Ev Kullan\u0131m\u0131<\/td>\n<\/tr>\n<tr>\n<td>Garanti Sonras\u0131 Hizmet<\/td>\n<td>\u00c7evrimi\u00e7i destek<\/td>\n<\/tr>\n<tr>\n<td>Yerel Hizmet Konumu<\/td>\n<td>Hi\u00e7biri<\/td>\n<\/tr>\n<tr>\n<td>Showroom Konumu<\/td>\n<td>Hi\u00e7biri<\/td>\n<\/tr>\n<tr>\n<td>Video giden-denetim<\/td>\n<td>Sa\u011fland\u0131<\/td>\n<\/tr>\n<tr>\n<td>Makine Test Raporu<\/td>\n<td>Sa\u011fland\u0131<\/td>\n<\/tr>\n<tr>\n<td>Pazarlama T\u00fcr\u00fc<\/td>\n<td>S\u0131radan \u00dcr\u00fcn<\/td>\n<\/tr>\n<tr>\n<td>\u00c7ekirdek bile\u015fenlerin garantisi<\/td>\n<td>1 Y\u0131l<\/td>\n<\/tr>\n<tr>\n<td>\u00c7ekirdek Bile\u015fenler<\/td>\n<td>Bas\u0131n\u00e7l\u0131 kap<\/td>\n<\/tr>\n<tr>\n<td>Men\u015fe Yeri<\/td>\n<td>\u00c7in<\/td>\n<\/tr>\n<tr>\n<td>Garanti<\/td>\n<td>1 Y\u0131l<\/td>\n<\/tr>\n<tr>\n<td>Sa\u011flanan Sat\u0131\u015f Sonras\u0131 Hizmet<\/td>\n<td>\u00c7evrimi\u00e7i destek<\/td>\n<\/tr>\n<tr>\n<td>\u00dcr\u00fcn Ad\u0131<\/td>\n<td>titanyum tozu mikron filtre<\/td>\n<\/tr>\n<tr>\n<td>Malzeme<\/td>\n<td>Saf titanyum 99.6%<\/td>\n<\/tr>\n<tr>\n<td>Uzunluk<\/td>\n<td>10\u201d, 20\u201d, 30\u201d, 40\u201d<\/td>\n<\/tr>\n<tr>\n<td>Aray\u00fcz<\/td>\n<td>222,226,227,Flat,M20,M30,M42<\/td>\n<\/tr>\n<tr>\n<td>D\u0131\u015f \u00c7ap<\/td>\n<td>60mm<\/td>\n<\/tr>\n<tr>\n<td>G\u00f6zeneklilik<\/td>\n<td>28~50%<\/td>\n<\/tr>\n<tr>\n<td>S\u0131cakl\u0131k Tolerans\u0131<\/td>\n<td>\u2264300 \u2103 (Islak)<\/td>\n<\/tr>\n<tr>\n<td>Kullan\u0131m<\/td>\n<td>maden suyu, \u015farap vb. filtreleyin<\/td>\n<\/tr>\n<tr>\n<td>Y\u0131kama yolu<\/td>\n<td>Kuyu y\u0131kama &amp; Geri y\u0131kama<\/td>\n<\/tr>\n<\/tbody>\n<\/table>","protected":false},"featured_media":4373,"comment_status":"open","ping_status":"closed","template":"","meta":{"_gspb_post_css":""},"product_brand":[],"product_cat":[1141],"product_tag":[1597,1598,1599,1534,1596,1136],"class_list":{"0":"post-4372","1":"product","2":"type-product","3":"status-publish","4":"has-post-thumbnail","6":"product_cat-titanium-filter-cartridge","7":"product_tag-affordable-titanium-filter","8":"product_tag-factory-titanium-filter-supplier","9":"product_tag-industrial-titanium-filter","10":"product_tag-inversafilterpurification","11":"product_tag-lvyuan-titanium-filter","12":"product_tag-water-filter-locks","14":"first","15":"instock","16":"shipping-taxable","17":"product-type-simple"},"_links":{"self":[{"href":"https:\/\/lyfilter.com\/tr\/wp-json\/wp\/v2\/product\/4372","targetHints":{"allow":["GET"]}}],"collection":[{"href":"https:\/\/lyfilter.com\/tr\/wp-json\/wp\/v2\/product"}],"about":[{"href":"https:\/\/lyfilter.com\/tr\/wp-json\/wp\/v2\/types\/product"}],"replies":[{"embeddable":true,"href":"https:\/\/lyfilter.com\/tr\/wp-json\/wp\/v2\/comments?post=4372"}],"wp:featuredmedia":[{"embeddable":true,"href":"https:\/\/lyfilter.com\/tr\/wp-json\/wp\/v2\/media\/4373"}],"wp:attachment":[{"href":"https:\/\/lyfilter.com\/tr\/wp-json\/wp\/v2\/media?parent=4372"}],"wp:term":[{"taxonomy":"product_brand","embeddable":true,"href":"https:\/\/lyfilter.com\/tr\/wp-json\/wp\/v2\/product_brand?post=4372"},{"taxonomy":"product_cat","embeddable":true,"href":"https:\/\/lyfilter.com\/tr\/wp-json\/wp\/v2\/product_cat?post=4372"},{"taxonomy":"product_tag","embeddable":true,"href":"https:\/\/lyfilter.com\/tr\/wp-json\/wp\/v2\/product_tag?post=4372"}],"curies":[{"name":"wp","href":"https:\/\/api.w.org\/{rel}","templated":true}]}}