{"id":4364,"date":"2026-04-04T08:43:05","date_gmt":"2026-04-04T08:43:05","guid":{"rendered":"https:\/\/lyfilter.com\/"},"modified":"2026-04-04T08:43:05","modified_gmt":"2026-04-04T08:43:05","slug":"pvdf-membrane-pleated-filter-industrial-water-filter-cartridge-for-mineral-water-filtration","status":"publish","type":"product","link":"https:\/\/lyfilter.com\/tr\/pvdf-membrane-pleated-filter-industrial-water-filter-cartridge-for-mineral-water-filtration\/","title":{"rendered":"PVDF Membran Pileli Filtre \/ Maden Suyu Filtrasyonu \u0130\u00e7in End\u00fcstriyel Su Filtresi Kartu\u015fu"},"content":{"rendered":"<p>Maden suyu filtrasyonu i\u00e7in tasarlanan bu PVDF membranl\u0131 pileli filtre kartu\u015fu, temiz ak\u0131\u015f\u0131, g\u00fcvenilir partik\u00fcl tutmay\u0131 ve istikrarl\u0131 g\u00fcnl\u00fck performans\u0131 destekler. InversaFilterPurification, dayan\u0131kl\u0131 ve profesyonel bir his ile pratik kaliteyi bir araya getirir.<\/p>","protected":false},"excerpt":{"rendered":"<table>\n<thead>\n<tr>\n<th>Saha<\/th>\n<th>De\u011fer<\/th>\n<\/tr>\n<\/thead>\n<tbody>\n<tr>\n<td>Uygulanabilir Sekt\u00f6rler<\/td>\n<td>Yiyecek ve \u0130\u00e7ecek Fabrikas\u0131, su ar\u0131tma<\/td>\n<\/tr>\n<tr>\n<td>Men\u015fe Yeri<\/td>\n<td>Guangdong, \u00c7in<\/td>\n<\/tr>\n<tr>\n<td>Marka Ad\u0131<\/td>\n<td>Lvyuan, OEM, ODM<\/td>\n<\/tr>\n<tr>\n<td>Malzeme<\/td>\n<td>PVDF<\/td>\n<\/tr>\n<tr>\n<td>A\u011f\u0131rl\u0131k<\/td>\n<td>\u00f6zelle\u015ftirilmi\u015f<\/td>\n<\/tr>\n<tr>\n<td>Boyut<\/td>\n<td>\u00f6zelle\u015ftirilmi\u015f<\/td>\n<\/tr>\n<tr>\n<td>G\u00fc\u00e7<\/td>\n<td>0<\/td>\n<\/tr>\n<tr>\n<td>Garanti<\/td>\n<td>Kullan\u0131lam\u0131yor<\/td>\n<\/tr>\n<tr>\n<td>\u00d6zellik<\/td>\n<td>filtrasyon alan\u0131n\u0131 art\u0131rd\u0131<\/td>\n<\/tr>\n<tr>\n<td>uzunluk<\/td>\n<td>10\/20\/30\/40 \u0130n\u00e7<\/td>\n<\/tr>\n<tr>\n<td>Sertifikasyon<\/td>\n<td>SGS\/ISO<\/td>\n<\/tr>\n<tr>\n<td>\u015eekil<\/td>\n<td>Silindir<\/td>\n<\/tr>\n<tr>\n<td>Kullan\u0131m<\/td>\n<td>end\u00fcstri\u0307yel su fi\u0307ltreleme<\/td>\n<\/tr>\n<tr>\n<td>Renk<\/td>\n<td>beyaz<\/td>\n<\/tr>\n<tr>\n<td>Paketleme<\/td>\n<td>KA\u011eIT KUTU<\/td>\n<\/tr>\n<tr>\n<td>Di\u011fer ad\u0131<\/td>\n<td>pileli filtre kartu\u015fu<\/td>\n<\/tr>\n<tr>\n<td>mikron oran\u0131<\/td>\n<td>0.1, 0.2, 0.45, 1, 3, 5 mikon<\/td>\n<\/tr>\n<tr>\n<td>conta malzemesi<\/td>\n<td>silikon, EPDM, NBR, Viton<\/td>\n<\/tr>\n<tr>\n<td>Sa\u011flanan Sat\u0131\u015f Sonras\u0131 Hizmet<\/td>\n<td>\u00c7evrimi\u00e7i destek<\/td>\n<\/tr>\n<tr>\n<td>Tedarik Yetene\u011fi<\/td>\n<td>5000 Adet\/Hafta ba\u015f\u0131na<\/td>\n<\/tr>\n<\/tbody>\n<\/table>","protected":false},"featured_media":4368,"comment_status":"open","ping_status":"closed","template":"","meta":{"_gspb_post_css":""},"product_brand":[],"product_cat":[21],"product_tag":[743,1534,1591,814,1590,1136],"class_list":{"0":"post-4364","1":"product","2":"type-product","3":"status-publish","4":"has-post-thumbnail","6":"product_cat-pleated-filter-cartridge","7":"product_tag-industrial-water-filter-cartridge","8":"product_tag-inversafilterpurification","9":"product_tag-mineral-water-filtration-filter","10":"product_tag-pleated-water-filter-cartridge","11":"product_tag-pvdf-membrane-pleated-filter","12":"product_tag-water-filter-locks","14":"first","15":"instock","16":"shipping-taxable","17":"product-type-simple"},"_links":{"self":[{"href":"https:\/\/lyfilter.com\/tr\/wp-json\/wp\/v2\/product\/4364","targetHints":{"allow":["GET"]}}],"collection":[{"href":"https:\/\/lyfilter.com\/tr\/wp-json\/wp\/v2\/product"}],"about":[{"href":"https:\/\/lyfilter.com\/tr\/wp-json\/wp\/v2\/types\/product"}],"replies":[{"embeddable":true,"href":"https:\/\/lyfilter.com\/tr\/wp-json\/wp\/v2\/comments?post=4364"}],"wp:featuredmedia":[{"embeddable":true,"href":"https:\/\/lyfilter.com\/tr\/wp-json\/wp\/v2\/media\/4368"}],"wp:attachment":[{"href":"https:\/\/lyfilter.com\/tr\/wp-json\/wp\/v2\/media?parent=4364"}],"wp:term":[{"taxonomy":"product_brand","embeddable":true,"href":"https:\/\/lyfilter.com\/tr\/wp-json\/wp\/v2\/product_brand?post=4364"},{"taxonomy":"product_cat","embeddable":true,"href":"https:\/\/lyfilter.com\/tr\/wp-json\/wp\/v2\/product_cat?post=4364"},{"taxonomy":"product_tag","embeddable":true,"href":"https:\/\/lyfilter.com\/tr\/wp-json\/wp\/v2\/product_tag?post=4364"}],"curies":[{"name":"wp","href":"https:\/\/api.w.org\/{rel}","templated":true}]}}