{"id":4362,"date":"2026-04-04T08:37:15","date_gmt":"2026-04-04T08:37:15","guid":{"rendered":"https:\/\/lyfilter.com\/"},"modified":"2026-04-04T08:37:15","modified_gmt":"2026-04-04T08:37:15","slug":"compressed-sintered-cto-water-filter-25-microns-activated-carbon-filter-element-for-household-water-purifier-filter","status":"publish","type":"product","link":"https:\/\/lyfilter.com\/tr\/compressed-sintered-cto-water-filter-25-microns-activated-carbon-filter-element-for-household-water-purifier-filter\/","title":{"rendered":"Ev Tipi Su Ar\u0131tma Filtresi \u0130\u00e7in S\u0131k\u0131\u015ft\u0131r\u0131lm\u0131\u015f \/ Sinterlenmi\u015f CTO Su Filtresi 25 Mikron Aktif Karbon Filtre Eleman\u0131"},"content":{"rendered":"<h3 class=\"do-entry-title\">Paketleme ve Teslimat<\/h3>\n<div class=\"do-entry-list\">\n<dl class=\"do-entry-item\">\n<dt class=\"do-entry-item-key\">Sat\u0131\u015f Birimleri:<\/dt>\n<dd class=\"do-entry-item-val\">Tek \u00fcr\u00fcn<\/dd>\n<\/dl>\n<dl class=\"do-entry-item\">\n<dt class=\"do-entry-item-key\" title=\"Tek paket boyutu:\">Tek paket boyutu:<\/dt>\n<dd class=\"do-entry-item-val\">6.5X2.8X25 cm<\/dd>\n<\/dl>\n<dl class=\"do-entry-item\">\n<dt class=\"do-entry-item-key\" title=\"Tek br\u00fct a\u011f\u0131rl\u0131k:\">Tek br\u00fct a\u011f\u0131rl\u0131k:<\/dt>\n<dd class=\"do-entry-item-val\">0.200 kg<\/dd>\n<\/dl>\n<dl class=\"do-entry-item\">\n<dt class=\"do-entry-item-key\">Paket Tipi:<\/dt>\n<dd class=\"do-entry-item-val pkg-method\">S\u0131k\u0131\u015ft\u0131r\u0131lm\u0131\u015f\/Sinterlenmi\u015f CTO su filtresi Ev tipi su ar\u0131tma filtresi i\u00e7in 25 mikron aktif karbon filtre eleman\u0131: 53x33x33cm, 64x33x33cm<\/dd>\n<\/dl>\n<dl class=\"do-entry-item\">\n<dt class=\"do-entry-item-key\" title=\"Teslim S\u00fcresi\">Teslim S\u00fcresi\u00a0<i class=\"next-icon next-icon-help next-icon-xs js-leadtimes-tips\"><\/i>:<\/dt>\n<dd class=\"do-entry-item-val\" title=\"Teslim S\u00fcresi\">\n<div class=\"table-responsive\">\n<table class=\"supply-ability-table ui2-table ui2-table-normal ui2-table-zebra ui2-table-hover\">\n<tbody>\n<tr>\n<td>Miktar (Adet)<\/td>\n<td>1 - 100<\/td>\n<td>101 - 500<\/td>\n<td>501 - 1000<\/td>\n<td>&gt;1000<\/td>\n<\/tr>\n<tr>\n<td>Tahmini Zaman (g\u00fcn)<\/td>\n<td>3<\/td>\n<td>5<\/td>\n<td>7<\/td>\n<td>M\u00fczakere edilecek<\/td>\n<\/tr>\n<\/tbody>\n<\/table>\n<\/div>\n<\/dd>\n<\/dl>\n<\/div>","protected":false},"excerpt":{"rendered":"<table>\n<thead>\n<tr>\n<th>Saha<\/th>\n<th>De\u011fer<\/th>\n<\/tr>\n<\/thead>\n<tbody>\n<tr>\n<td>Men\u015fe Yeri<\/td>\n<td>\u00c7in<\/td>\n<\/tr>\n<tr>\n<td>G\u00fc\u00e7 (W)<\/td>\n<td>0<\/td>\n<\/tr>\n<tr>\n<td>Gerilim (V)<\/td>\n<td>0<\/td>\n<\/tr>\n<tr>\n<td>Sa\u011flanan Sat\u0131\u015f Sonras\u0131 Hizmet<\/td>\n<td>Yerinde Kurulum, \u00c7evrimi\u00e7i destek<\/td>\n<\/tr>\n<tr>\n<td>Garanti<\/td>\n<td>1 Y\u0131l<\/td>\n<\/tr>\n<tr>\n<td>Tip<\/td>\n<td>Aktif Karbon<\/td>\n<\/tr>\n<tr>\n<td>Sertifikasyon<\/td>\n<td>ce, CSA, ISO<\/td>\n<\/tr>\n<tr>\n<td>Kullan\u0131m<\/td>\n<td>Ev Tipi \u00d6n Filtreleme<\/td>\n<\/tr>\n<tr>\n<td>Uygulama<\/td>\n<td>Hane halk\u0131<\/td>\n<\/tr>\n<tr>\n<td>G\u00fc\u00e7 Kayna\u011f\u0131<\/td>\n<td>El Kitab\u0131<\/td>\n<\/tr>\n<tr>\n<td>\u00dcr\u00fcn ad\u0131<\/td>\n<td>aktif karbon filtre eleman\u0131<\/td>\n<\/tr>\n<tr>\n<td>Malzeme<\/td>\n<td>Sinterlenmi\u015f aktif hindistan cevizi karbonu<\/td>\n<\/tr>\n<tr>\n<td>Uzunluk<\/td>\n<td>10-1050mm<\/td>\n<\/tr>\n<tr>\n<td>OD<\/td>\n<td>14-121mm<\/td>\n<\/tr>\n<tr>\n<td>KIMLIK<\/td>\n<td>6-50mm<\/td>\n<\/tr>\n<tr>\n<td>Mikron oran\u0131<\/td>\n<td>0,5-20um<\/td>\n<\/tr>\n<tr>\n<td>\u0130yot de\u011feri<\/td>\n<td>1000'e kadar<\/td>\n<\/tr>\n<tr>\n<td>Ak\u0131\u015f h\u0131z\u0131<\/td>\n<td>\u2264300L\/saat<\/td>\n<\/tr>\n<\/tbody>\n<\/table>","protected":false},"featured_media":4363,"comment_status":"open","ping_status":"closed","template":"","meta":{"_gspb_post_css":""},"product_brand":[],"product_cat":[1339],"product_tag":[1587,1586,1588,1534,1589,1136],"class_list":{"0":"post-4362","1":"product","2":"type-product","3":"status-publish","4":"has-post-thumbnail","6":"product_cat-carbon-filter","7":"product_tag-25-micron-activated-carbon-filter","8":"product_tag-compressed-cto-water-filter","9":"product_tag-household-water-purifier-filter","10":"product_tag-inversafilterpurification","11":"product_tag-sintered-carbon-filter-element","12":"product_tag-water-filter-locks","14":"first","15":"instock","16":"shipping-taxable","17":"product-type-simple"},"_links":{"self":[{"href":"https:\/\/lyfilter.com\/tr\/wp-json\/wp\/v2\/product\/4362","targetHints":{"allow":["GET"]}}],"collection":[{"href":"https:\/\/lyfilter.com\/tr\/wp-json\/wp\/v2\/product"}],"about":[{"href":"https:\/\/lyfilter.com\/tr\/wp-json\/wp\/v2\/types\/product"}],"replies":[{"embeddable":true,"href":"https:\/\/lyfilter.com\/tr\/wp-json\/wp\/v2\/comments?post=4362"}],"wp:featuredmedia":[{"embeddable":true,"href":"https:\/\/lyfilter.com\/tr\/wp-json\/wp\/v2\/media\/4363"}],"wp:attachment":[{"href":"https:\/\/lyfilter.com\/tr\/wp-json\/wp\/v2\/media?parent=4362"}],"wp:term":[{"taxonomy":"product_brand","embeddable":true,"href":"https:\/\/lyfilter.com\/tr\/wp-json\/wp\/v2\/product_brand?post=4362"},{"taxonomy":"product_cat","embeddable":true,"href":"https:\/\/lyfilter.com\/tr\/wp-json\/wp\/v2\/product_cat?post=4362"},{"taxonomy":"product_tag","embeddable":true,"href":"https:\/\/lyfilter.com\/tr\/wp-json\/wp\/v2\/product_tag?post=4362"}],"curies":[{"name":"wp","href":"https:\/\/api.w.org\/{rel}","templated":true}]}}