{"id":4359,"date":"2026-04-04T08:32:27","date_gmt":"2026-04-04T08:32:27","guid":{"rendered":"https:\/\/lyfilter.com\/"},"modified":"2026-04-04T08:32:27","modified_gmt":"2026-04-04T08:32:27","slug":"lvyuan-stainless-steel-bag-filter-wholesale-for-sea-water","status":"publish","type":"product","link":"https:\/\/lyfilter.com\/tr\/lvyuan-stainless-steel-bag-filter-wholesale-for-sea-water\/","title":{"rendered":"Deniz Suyu \u0130\u00e7in Lvyuan Paslanmaz \u00c7elik Torba Filtre Toptan Sat\u0131\u015f"},"content":{"rendered":"<p><b>\u015eirket Avantajlar\u0131<\/b><br \/>\n<b>1.<\/b>\u00a0Lvyuan paslanmaz \u00e7elik torba filtre, en son teknoloji yard\u0131m\u0131yla y\u00fcksek kaliteli malzemeler kullan\u0131larak \u00fcretilmi\u015ftir. M\u00fckemmel filtreleme ve iyi termal stabilite sunar.<br \/>\n<b>2.<\/b>\u00a0Guangzhou Lvyuan Su Ar\u0131tma Equipment Co, Ltd yerel ortaklar ve kilit hesaplar i\u00e7in profesyonel sat\u0131\u015f deste\u011fi sa\u011flar. D\u0131\u015f katmanlardaki daha b\u00fcy\u00fck partik\u00fclleri yakalar ve derin katmandaki daha k\u00fc\u00e7\u00fck partik\u00fclleri yakalar<br \/>\n<b>3.<\/b>\u00a0Bu \u00fcr\u00fcn korozyona dayan\u0131kl\u0131d\u0131r. Tuz atmosferinin etkilerine kar\u015f\u0131 direncini belirlemek i\u00e7in tuz sisi sert ortam\u0131nda test edilmi\u015ftir. \u00c7al\u0131\u015fma s\u0131ras\u0131nda \u00e7\u00f6z\u00fcnebilir malzeme salg\u0131lamaz<br \/>\n<b>4.<\/b>\u00a0\u00dcr\u00fcn korozyona kar\u015f\u0131 g\u00fc\u00e7l\u00fc bir dirence sahiptir. Pas veya asitli s\u0131v\u0131lara dayanma kapasitesini art\u0131rmak i\u00e7in yap\u0131s\u0131nda korozif olmayan malzemeler kullan\u0131lm\u0131\u015ft\u0131r. Kendinden destekli fiber matris, hem ekonomik hem de g\u00fc\u00e7l\u00fc olan \u00e7ekirdeksiz bir tasar\u0131m sa\u011flar<br \/>\n<b>5.<\/b>\u00a0\u00dcr\u00fcn kolay bir kullan\u0131ma sahiptir. G\u00fc\u00e7l\u00fc bir i\u015flem ak\u0131\u015f\u0131n\u0131 birle\u015ftiren nispeten basit bir i\u015fletim sistemine sahiptir ve basit kullan\u0131m talimat\u0131 sa\u011flar. T\u00fcm elemanlar\u0131 g\u0131da ve i\u00e7ecek temas\u0131 i\u00e7in FDA uyumlu malzemeden yap\u0131lm\u0131\u015ft\u0131r.<\/p>","protected":false},"excerpt":{"rendered":"<p>Deniz suyu filtrasyonu i\u00e7in tasarlanan bu Lvyuan paslanmaz \u00e7elik torba filtre, daha temiz ak\u0131\u015f, g\u00fcvenilir partik\u00fcl yakalama ve dayan\u0131kl\u0131 kullan\u0131m\u0131 destekler. InversaFilterPurification, p\u00fcr\u00fczs\u00fcz ve profesyonel bir hisle pratik kaliteyi bir araya getirir.<\/p>","protected":false},"featured_media":4361,"comment_status":"open","ping_status":"closed","template":"","meta":{"_gspb_post_css":""},"product_brand":[],"product_cat":[1135],"product_tag":[1534,1582,1585,1583,1584,1136],"class_list":{"0":"post-4359","1":"product","2":"type-product","3":"status-publish","4":"has-post-thumbnail","6":"product_cat-stainless-steel-bag-filter-housing","7":"product_tag-inversafilterpurification","8":"product_tag-lvyuan-stainless-steel-bag-filter","9":"product_tag-marine-filtration-system","10":"product_tag-sea-water-bag-filter","11":"product_tag-stainless-steel-sea-water-filter","12":"product_tag-water-filter-locks","14":"first","15":"instock","16":"shipping-taxable","17":"product-type-simple"},"_links":{"self":[{"href":"https:\/\/lyfilter.com\/tr\/wp-json\/wp\/v2\/product\/4359","targetHints":{"allow":["GET"]}}],"collection":[{"href":"https:\/\/lyfilter.com\/tr\/wp-json\/wp\/v2\/product"}],"about":[{"href":"https:\/\/lyfilter.com\/tr\/wp-json\/wp\/v2\/types\/product"}],"replies":[{"embeddable":true,"href":"https:\/\/lyfilter.com\/tr\/wp-json\/wp\/v2\/comments?post=4359"}],"wp:featuredmedia":[{"embeddable":true,"href":"https:\/\/lyfilter.com\/tr\/wp-json\/wp\/v2\/media\/4361"}],"wp:attachment":[{"href":"https:\/\/lyfilter.com\/tr\/wp-json\/wp\/v2\/media?parent=4359"}],"wp:term":[{"taxonomy":"product_brand","embeddable":true,"href":"https:\/\/lyfilter.com\/tr\/wp-json\/wp\/v2\/product_brand?post=4359"},{"taxonomy":"product_cat","embeddable":true,"href":"https:\/\/lyfilter.com\/tr\/wp-json\/wp\/v2\/product_cat?post=4359"},{"taxonomy":"product_tag","embeddable":true,"href":"https:\/\/lyfilter.com\/tr\/wp-json\/wp\/v2\/product_tag?post=4359"}],"curies":[{"name":"wp","href":"https:\/\/api.w.org\/{rel}","templated":true}]}}