{"id":4339,"date":"2026-04-04T08:10:36","date_gmt":"2026-04-04T08:10:36","guid":{"rendered":"https:\/\/lyfilter.com\/"},"modified":"2026-04-04T08:10:36","modified_gmt":"2026-04-04T08:10:36","slug":"guangzhou-manufacturer-9-75-10-18-5-water-carbon-filter-cartridge-for-water-filter-housings","status":"publish","type":"product","link":"https:\/\/lyfilter.com\/tr\/guangzhou-manufacturer-9-75-10-18-5-water-carbon-filter-cartridge-for-water-filter-housings\/","title":{"rendered":"Guangzhou \u00dcretici 9.75 \u2033 10 \u2033 18.5 \u2033 Su Filtresi Yuvalar\u0131 \u0130\u00e7in Su Karbon Filtre Kartu\u015fu"},"content":{"rendered":"<p>Daha temiz g\u00fcnl\u00fck filtreleme i\u00e7in tasarlanan bu Guangzhou \u00fcreticisi su karbon filtre kartu\u015fu, 9,75 in\u00e7, 10 in\u00e7 ve 18,5 in\u00e7 su filtresi g\u00f6vdelerine g\u00fcvenilir performansla uyar. InversaFilterPurification pratik kalite, sorunsuz ak\u0131\u015f ve g\u00fcvenilir g\u00fcnl\u00fck kullan\u0131m sunar.<\/p>","protected":false},"excerpt":{"rendered":"<table>\n<thead>\n<tr>\n<th>Saha<\/th>\n<th>De\u011fer<\/th>\n<\/tr>\n<\/thead>\n<tbody>\n<tr>\n<td>Men\u015fe Yeri<\/td>\n<td>Guangdong, \u00c7in<\/td>\n<\/tr>\n<tr>\n<td>Marka Ad\u0131<\/td>\n<td>OEM\/LVYUAN<\/td>\n<\/tr>\n<tr>\n<td>Malzeme<\/td>\n<td>KARBON, Sinterlenmi\u015f aktif hindistan cevizi karbonu<\/td>\n<\/tr>\n<tr>\n<td>A\u011f\u0131rl\u0131k<\/td>\n<td>200<\/td>\n<\/tr>\n<tr>\n<td>Boyut<\/td>\n<td>68x28x250mm<\/td>\n<\/tr>\n<tr>\n<td>G\u00fc\u00e7<\/td>\n<td>0<\/td>\n<\/tr>\n<tr>\n<td>Garanti<\/td>\n<td>Kullan\u0131lam\u0131yor<\/td>\n<\/tr>\n<tr>\n<td>\u00dcr\u00fcn ad\u0131<\/td>\n<td>Guangzhou \u00fcreticisi 9.75 \u2033 10 \u2033 18.5 \u2033 su karbon filtre kartu\u015fu<\/td>\n<\/tr>\n<tr>\n<td>Sa\u011flanan Sat\u0131\u015f Sonras\u0131 Hizmet<\/td>\n<td>\u00c7evrimi\u00e7i destek, \u00c7evrimi\u00e7i destek<\/td>\n<\/tr>\n<tr>\n<td>Sertifikasyon<\/td>\n<td>SGS\/ISO<\/td>\n<\/tr>\n<tr>\n<td>Uzunluk<\/td>\n<td>10-1050mm<\/td>\n<\/tr>\n<tr>\n<td>OD<\/td>\n<td>14-121mm<\/td>\n<\/tr>\n<tr>\n<td>KIMLIK<\/td>\n<td>6-50mm<\/td>\n<\/tr>\n<tr>\n<td>Mikron oran\u0131<\/td>\n<td>0,5-20um<\/td>\n<\/tr>\n<tr>\n<td>\u0130yot de\u011feri<\/td>\n<td>1000'e kadar<\/td>\n<\/tr>\n<tr>\n<td>Ak\u0131\u015f h\u0131z\u0131<\/td>\n<td>\u2264300L\/saat<\/td>\n<\/tr>\n<tr>\n<td>Tedarik Yetene\u011fi<\/td>\n<td>G\u00fcnde 500 Adet \/ Adet<\/td>\n<\/tr>\n<\/tbody>\n<\/table>","protected":false},"featured_media":4340,"comment_status":"open","ping_status":"closed","template":"","meta":{"_gspb_post_css":""},"product_brand":[],"product_cat":[22],"product_tag":[1572,1573,1571,1569,1534,1570],"class_list":{"0":"post-4339","1":"product","2":"type-product","3":"status-publish","4":"has-post-thumbnail","6":"product_cat-sintered-filter-cartridge","7":"product_tag-10-inch-carbon-filter-cartridge","8":"product_tag-18-5-inch-water-filter-cartridge","9":"product_tag-9-75-inch-carbon-filter","10":"product_tag-guangzhou-water-carbon-filter-cartridge","11":"product_tag-inversafilterpurification","12":"product_tag-water-filter-housings","14":"first","15":"instock","16":"shipping-taxable","17":"product-type-simple"},"_links":{"self":[{"href":"https:\/\/lyfilter.com\/tr\/wp-json\/wp\/v2\/product\/4339","targetHints":{"allow":["GET"]}}],"collection":[{"href":"https:\/\/lyfilter.com\/tr\/wp-json\/wp\/v2\/product"}],"about":[{"href":"https:\/\/lyfilter.com\/tr\/wp-json\/wp\/v2\/types\/product"}],"replies":[{"embeddable":true,"href":"https:\/\/lyfilter.com\/tr\/wp-json\/wp\/v2\/comments?post=4339"}],"wp:featuredmedia":[{"embeddable":true,"href":"https:\/\/lyfilter.com\/tr\/wp-json\/wp\/v2\/media\/4340"}],"wp:attachment":[{"href":"https:\/\/lyfilter.com\/tr\/wp-json\/wp\/v2\/media?parent=4339"}],"wp:term":[{"taxonomy":"product_brand","embeddable":true,"href":"https:\/\/lyfilter.com\/tr\/wp-json\/wp\/v2\/product_brand?post=4339"},{"taxonomy":"product_cat","embeddable":true,"href":"https:\/\/lyfilter.com\/tr\/wp-json\/wp\/v2\/product_cat?post=4339"},{"taxonomy":"product_tag","embeddable":true,"href":"https:\/\/lyfilter.com\/tr\/wp-json\/wp\/v2\/product_tag?post=4339"}],"curies":[{"name":"wp","href":"https:\/\/api.w.org\/{rel}","templated":true}]}}