{"id":4314,"date":"2026-04-04T07:50:08","date_gmt":"2026-04-04T07:50:08","guid":{"rendered":"https:\/\/lyfilter.com\/"},"modified":"2026-04-04T07:50:08","modified_gmt":"2026-04-04T07:50:08","slug":"pure-quality-reverse-osmosis-filtration-large-scale-water-purification-system-for-school-hospital-factory","status":"publish","type":"product","link":"https:\/\/lyfilter.com\/tr\/pure-quality-reverse-osmosis-filtration-large-scale-water-purification-system-for-school-hospital-factory\/","title":{"rendered":"Okul Hastanesi Fabrikas\u0131 \u0130\u00e7in Saf Kalite Ters Osmoz Filtrasyonu B\u00fcy\u00fck \u00d6l\u00e7ekli Su Ar\u0131tma Sistemi"},"content":{"rendered":"<p>Y\u00fcksek talepli ortamlar i\u00e7in tasarlanan bu ters osmoz filtreleme sistemi, okullar, hastaneler ve fabrikalar i\u00e7in temiz ve tutarl\u0131 su sa\u011flar. InversaFilterPurification, pratik performans, g\u00fcvenilir \u00e7\u0131kt\u0131 ve g\u00fcnl\u00fck b\u00fcy\u00fck \u00f6l\u00e7ekli kullan\u0131m i\u00e7in yap\u0131lm\u0131\u015f bir tasar\u0131m\u0131 bir araya getirir.<\/p>","protected":false},"excerpt":{"rendered":"<table>\n<thead>\n<tr>\n<th>Saha<\/th>\n<th>De\u011fer<\/th>\n<\/tr>\n<\/thead>\n<tbody>\n<tr>\n<td>Men\u015fe Yeri<\/td>\n<td>Guangdong, \u00c7in<\/td>\n<\/tr>\n<tr>\n<td>Marka Ad\u0131<\/td>\n<td>LvYuan \/ OEM<\/td>\n<\/tr>\n<tr>\n<td>Malzeme<\/td>\n<td>karton \/ ah\u015fap kutu<\/td>\n<\/tr>\n<tr>\n<td>A\u011f\u0131rl\u0131k<\/td>\n<td>ba\u011fl\u0131d\u0131r<\/td>\n<\/tr>\n<tr>\n<td>Boyut<\/td>\n<td>ba\u011fl\u0131d\u0131r<\/td>\n<\/tr>\n<tr>\n<td>G\u00fc\u00e7<\/td>\n<td>96<\/td>\n<\/tr>\n<tr>\n<td>Garanti<\/td>\n<td>1 Y\u0131l<\/td>\n<\/tr>\n<tr>\n<td>Sa\u011flanan Sat\u0131\u015f Sonras\u0131 Hizmet<\/td>\n<td>\u00c7evrimi\u00e7i destek<\/td>\n<\/tr>\n<tr>\n<td>\u00dcr\u00fcn ad\u0131<\/td>\n<td>su fi\u0307ltreleme si\u0307stemi\u0307<\/td>\n<\/tr>\n<tr>\n<td>Filtreler<\/td>\n<td>PP+GAC+CTO+RO+T33<\/td>\n<\/tr>\n<tr>\n<td>UV Sterilizat\u00f6r<\/td>\n<td>Opsiyon<\/td>\n<\/tr>\n<tr>\n<td>Saf su kapasitesi<\/td>\n<td>200, 300, 400, 600, 800GPD<\/td>\n<\/tr>\n<tr>\n<td>E\u015fzamanl\u0131 kullan\u0131c\u0131<\/td>\n<td>50 ila 300 ki\u015fi<\/td>\n<\/tr>\n<tr>\n<td>Su Deposu<\/td>\n<td>11G \u00e7elik bas\u0131n\u00e7 tank\u0131\/42L<\/td>\n<\/tr>\n<tr>\n<td>Teknoloji<\/td>\n<td>Ters Osmoz Su Ar\u0131tma<\/td>\n<\/tr>\n<tr>\n<td>Elektrik armat\u00fcrleri<\/td>\n<td>Debi \u00f6l\u00e7er, dijital ekran ve bas\u0131n\u00e7 g\u00f6stergesi<\/td>\n<\/tr>\n<tr>\n<td>Flo\u015f<\/td>\n<td>Mikroelektronik kontroll\u00fc otomatik y\u0131kama<\/td>\n<\/tr>\n<tr>\n<td>Hidrofor pompas\u0131<\/td>\n<td>E-CHEN\/Grand Forest\/Dengyuan<\/td>\n<\/tr>\n<tr>\n<td>Tedarik Yetene\u011fi<\/td>\n<td>3000 Adet \/ Adet her Ay b\u00fcy\u00fck \u00f6l\u00e7ekli su ar\u0131tma sistemi<\/td>\n<\/tr>\n<\/tbody>\n<\/table>","protected":false},"featured_media":4318,"comment_status":"open","ping_status":"closed","template":"","meta":{"_gspb_post_css":""},"product_brand":[],"product_cat":[1558],"product_tag":[1561,1534,1559,1288,1560,1136],"class_list":{"0":"post-4314","1":"product","2":"type-product","3":"status-publish","4":"has-post-thumbnail","6":"product_cat-commercial-ro-water-purifier","7":"product_tag-industrial-ro-system","8":"product_tag-inversafilterpurification","9":"product_tag-large-scale-water-purification-system","10":"product_tag-reverse-osmosis-filtration","11":"product_tag-school-hospital-factory-water-system","12":"product_tag-water-filter-locks","14":"first","15":"instock","16":"shipping-taxable","17":"product-type-simple"},"_links":{"self":[{"href":"https:\/\/lyfilter.com\/tr\/wp-json\/wp\/v2\/product\/4314","targetHints":{"allow":["GET"]}}],"collection":[{"href":"https:\/\/lyfilter.com\/tr\/wp-json\/wp\/v2\/product"}],"about":[{"href":"https:\/\/lyfilter.com\/tr\/wp-json\/wp\/v2\/types\/product"}],"replies":[{"embeddable":true,"href":"https:\/\/lyfilter.com\/tr\/wp-json\/wp\/v2\/comments?post=4314"}],"wp:featuredmedia":[{"embeddable":true,"href":"https:\/\/lyfilter.com\/tr\/wp-json\/wp\/v2\/media\/4318"}],"wp:attachment":[{"href":"https:\/\/lyfilter.com\/tr\/wp-json\/wp\/v2\/media?parent=4314"}],"wp:term":[{"taxonomy":"product_brand","embeddable":true,"href":"https:\/\/lyfilter.com\/tr\/wp-json\/wp\/v2\/product_brand?post=4314"},{"taxonomy":"product_cat","embeddable":true,"href":"https:\/\/lyfilter.com\/tr\/wp-json\/wp\/v2\/product_cat?post=4314"},{"taxonomy":"product_tag","embeddable":true,"href":"https:\/\/lyfilter.com\/tr\/wp-json\/wp\/v2\/product_tag?post=4314"}],"curies":[{"name":"wp","href":"https:\/\/api.w.org\/{rel}","templated":true}]}}