{"id":4312,"date":"2026-04-04T07:45:28","date_gmt":"2026-04-04T07:45:28","guid":{"rendered":"https:\/\/lyfilter.com\/"},"modified":"2026-04-04T07:45:29","modified_gmt":"2026-04-04T07:45:29","slug":"high-technology-customized-5-micron-titanium-filter-cartridges-series-for-water-ozone-treatment","status":"publish","type":"product","link":"https:\/\/lyfilter.com\/tr\/high-technology-customized-5-micron-titanium-filter-cartridges-series-for-water-ozone-treatment\/","title":{"rendered":"Su Ozon Ar\u0131t\u0131m\u0131 \u0130\u00e7in Y\u00fcksek Teknoloji \u00d6zelle\u015ftirilmi\u015f 5 Mikron Titanyum Filtre Kartu\u015flar\u0131 Serisi"},"content":{"rendered":"<p>Geli\u015fmi\u015f su ozon ar\u0131t\u0131m\u0131 i\u00e7in tasarlanan bu \u00f6zelle\u015ftirilmi\u015f 5 mikron titanyum filtre kartu\u015fu serisi, temiz ak\u0131\u015f, g\u00fc\u00e7l\u00fc korozyon direnci ve g\u00fcvenilir partik\u00fcl kontrol\u00fcn\u00fc destekler. InversaFilterPurification, kal\u0131c\u0131 filtreleme g\u00fcveni ile pratik kalite sunar.<\/p>","protected":false},"excerpt":{"rendered":"<table>\n<thead>\n<tr>\n<th>Saha<\/th>\n<th>De\u011fer<\/th>\n<\/tr>\n<\/thead>\n<tbody>\n<tr>\n<td>Men\u015fe Yeri<\/td>\n<td>Guangdong, \u00c7in<\/td>\n<\/tr>\n<tr>\n<td>Marka Ad\u0131<\/td>\n<td>Lvyuan\/OEM<\/td>\n<\/tr>\n<tr>\n<td>Malzeme<\/td>\n<td>Titanyum, saf titanyum<\/td>\n<\/tr>\n<tr>\n<td>A\u011f\u0131rl\u0131k<\/td>\n<td>\u00d6zelle\u015ftirilmi\u015f<\/td>\n<\/tr>\n<tr>\n<td>Boyut<\/td>\n<td>\u00d6zelle\u015ftirilmi\u015f<\/td>\n<\/tr>\n<tr>\n<td>G\u00fc\u00e7<\/td>\n<td>0<\/td>\n<\/tr>\n<tr>\n<td>Garanti<\/td>\n<td>Kullan\u0131lam\u0131yor<\/td>\n<\/tr>\n<tr>\n<td>\u00dcr\u00fcn Ad\u0131<\/td>\n<td>Y\u00fcksek teknolojili \u00f6zelle\u015ftirilmi\u015f titanyum filtre kartu\u015flar\u0131 serisi<\/td>\n<\/tr>\n<tr>\n<td>Aray\u00fcz<\/td>\n<td>222,226,227,Flat,M20,M30,M42<\/td>\n<\/tr>\n<tr>\n<td>D\u0131\u015f \u00c7ap<\/td>\n<td>60mm<\/td>\n<\/tr>\n<tr>\n<td>Uzunluk<\/td>\n<td>5 ~ 40 in\u00e7<\/td>\n<\/tr>\n<tr>\n<td>Micron<\/td>\n<td>0,1 ~ 100 mikron<\/td>\n<\/tr>\n<tr>\n<td>G\u00f6zeneklilik<\/td>\n<td>28~50%<\/td>\n<\/tr>\n<tr>\n<td>S\u0131cakl\u0131k Tolerans\u0131<\/td>\n<td>\u2264300 \u2103 (Islak)<\/td>\n<\/tr>\n<tr>\n<td>Kullan\u0131m<\/td>\n<td>maden suyu, \u015farap, ozon, vb filtre<\/td>\n<\/tr>\n<tr>\n<td>Y\u0131kama yolu<\/td>\n<td>Kuyu y\u0131kama &amp; Geri y\u0131kama<\/td>\n<\/tr>\n<tr>\n<td>Sa\u011flanan Sat\u0131\u015f Sonras\u0131 Hizmet<\/td>\n<td>\u00c7evrimi\u00e7i destek<\/td>\n<\/tr>\n<tr>\n<td>Tedarik Yetene\u011fi<\/td>\n<td>G\u00fcnde 500 Adet \/ Adet<\/td>\n<\/tr>\n<\/tbody>\n<\/table>","protected":false},"featured_media":4313,"comment_status":"open","ping_status":"closed","template":"","meta":{"_gspb_post_css":""},"product_brand":[],"product_cat":[1141],"product_tag":[1554,1556,1534,1557,1136,1555],"class_list":{"0":"post-4312","1":"product","2":"type-product","3":"status-publish","4":"has-post-thumbnail","6":"product_cat-titanium-filter-cartridge","7":"product_tag-5-micron-titanium-filter-cartridges","8":"product_tag-customized-titanium-filter-cartridge","9":"product_tag-inversafilterpurification","10":"product_tag-sintered-titanium-water-filter","11":"product_tag-water-filter-locks","12":"product_tag-water-ozone-treatment-filter","14":"first","15":"instock","16":"shipping-taxable","17":"product-type-simple"},"_links":{"self":[{"href":"https:\/\/lyfilter.com\/tr\/wp-json\/wp\/v2\/product\/4312","targetHints":{"allow":["GET"]}}],"collection":[{"href":"https:\/\/lyfilter.com\/tr\/wp-json\/wp\/v2\/product"}],"about":[{"href":"https:\/\/lyfilter.com\/tr\/wp-json\/wp\/v2\/types\/product"}],"replies":[{"embeddable":true,"href":"https:\/\/lyfilter.com\/tr\/wp-json\/wp\/v2\/comments?post=4312"}],"wp:featuredmedia":[{"embeddable":true,"href":"https:\/\/lyfilter.com\/tr\/wp-json\/wp\/v2\/media\/4313"}],"wp:attachment":[{"href":"https:\/\/lyfilter.com\/tr\/wp-json\/wp\/v2\/media?parent=4312"}],"wp:term":[{"taxonomy":"product_brand","embeddable":true,"href":"https:\/\/lyfilter.com\/tr\/wp-json\/wp\/v2\/product_brand?post=4312"},{"taxonomy":"product_cat","embeddable":true,"href":"https:\/\/lyfilter.com\/tr\/wp-json\/wp\/v2\/product_cat?post=4312"},{"taxonomy":"product_tag","embeddable":true,"href":"https:\/\/lyfilter.com\/tr\/wp-json\/wp\/v2\/product_tag?post=4312"}],"curies":[{"name":"wp","href":"https:\/\/api.w.org\/{rel}","templated":true}]}}