{"id":4290,"date":"2026-04-04T07:30:39","date_gmt":"2026-04-04T07:30:39","guid":{"rendered":"https:\/\/lyfilter.com\/"},"modified":"2026-04-04T07:30:39","modified_gmt":"2026-04-04T07:30:39","slug":"pp-pleated-filter-cartridge-wholesaler-for-sea-water","status":"publish","type":"product","link":"https:\/\/lyfilter.com\/tr\/pp-pleated-filter-cartridge-wholesaler-for-sea-water\/","title":{"rendered":"Deniz Suyu \u0130\u00e7in PP Pileli Filtre Kartu\u015fu Toptanc\u0131s\u0131"},"content":{"rendered":"<p><b>\u015eirket Avantajlar\u0131<\/b><br \/>\n<b>1.<\/b>\u00a0Lvyuan 20 mikron pileli su filtresi ciddi testlerden ge\u00e7irilmi\u015ftir. Mukavemet, s\u00fcneklik ve tokluk gibi \u00f6zelliklerinin t\u00fcm\u00fc bu testlerle do\u011frulan\u0131r. Filtrasyon hassasiyetini etkili bir \u015fekilde kontrol edebilir<br \/>\n<b>2.<\/b>\u00a0Y\u0131llar ge\u00e7tik\u00e7e, pp\u00a0<a href=\"https:\/\/lyfilter.com\/tr\/pleated-filter-cartridge.html\/\">pileli filtre kartu\u015fu<\/a>\u00a0. Ayr\u0131ca partik\u00fclleri, mikrobiyal organizmalar\u0131, ferrik oksidi ve di\u011fer safs\u0131zl\u0131klar\u0131 filtreleyebilir<br \/>\n<b>3.<\/b>\u00a0\u00dcr\u00fcn \u00e7al\u0131\u015fma s\u0131ras\u0131nda y\u00fcksek g\u00fcvenlik \u00f6zelliklerine sahiptir. \u00c7\u00fcnk\u00fc g\u00fc\u00e7 ka\u00e7a\u011f\u0131 ve k\u0131sa devre i\u00e7in otomatik kesme korumas\u0131na sahiptir. 1'den 100 \u03bcm'ye kadar \u00e7ok \u00e7e\u015fitli mikron de\u011ferlerinde mevcuttur.<br \/>\n<b>4.<\/b>\u00a0\u00dcr\u00fcn an\u0131nda yanabilir. Y\u00fcksek yo\u011funluklu ayd\u0131nlatma elemanlar\u0131 sadece anl\u0131k ak\u0131m\u0131n etkisine dayanmakla kalmaz, ayn\u0131 zamanda ilk kez normal \u00e7al\u0131\u015fma durumuna da girebilir. Y\u00fcksek ak\u0131\u015f h\u0131z\u0131na ve istikrarl\u0131 filtreleme do\u011frulu\u011funa sahiptir<\/p>","protected":false},"excerpt":{"rendered":"<table>\n<thead>\n<tr>\n<th>Saha<\/th>\n<th>De\u011fer<\/th>\n<\/tr>\n<\/thead>\n<tbody>\n<tr>\n<td>Uygulanabilir Sekt\u00f6rler<\/td>\n<td>\u00dcretim Tesisi, Yiyecek ve \u0130\u00e7ecek Fabrikas\u0131, su ar\u0131tma<\/td>\n<\/tr>\n<tr>\n<td>Men\u015fe Yeri<\/td>\n<td>Guangdong, \u00c7in<\/td>\n<\/tr>\n<tr>\n<td>Marka Ad\u0131<\/td>\n<td>Lvyuan, OEM, ODM<\/td>\n<\/tr>\n<tr>\n<td>Malzeme<\/td>\n<td>pp\/PES\/PVDF\/PTFE\/Naylon<\/td>\n<\/tr>\n<tr>\n<td>A\u011f\u0131rl\u0131k<\/td>\n<td>\u00f6zelle\u015ftirilmi\u015f<\/td>\n<\/tr>\n<tr>\n<td>Boyut<\/td>\n<td>\u00f6zelle\u015ftirilmi\u015f, ince, jumbo<\/td>\n<\/tr>\n<tr>\n<td>G\u00fc\u00e7<\/td>\n<td>0<\/td>\n<\/tr>\n<tr>\n<td>Garanti<\/td>\n<td>Kullan\u0131lam\u0131yor<\/td>\n<\/tr>\n<tr>\n<td>\u00d6zellik<\/td>\n<td>filtrasyon alan\u0131n\u0131 art\u0131rd\u0131<\/td>\n<\/tr>\n<tr>\n<td>Sertifikasyon<\/td>\n<td>SGS<\/td>\n<\/tr>\n<tr>\n<td>\u015eekil<\/td>\n<td>Silindir<\/td>\n<\/tr>\n<tr>\n<td>Kullan\u0131m<\/td>\n<td>su ar\u0131tma<\/td>\n<\/tr>\n<tr>\n<td>Uygulama<\/td>\n<td>end\u00fcstri<\/td>\n<\/tr>\n<tr>\n<td>Renk<\/td>\n<td>beyaz<\/td>\n<\/tr>\n<tr>\n<td>Paketleme<\/td>\n<td>KA\u011eIT KUTU<\/td>\n<\/tr>\n<tr>\n<td>Di\u011fer ad\u0131<\/td>\n<td>katlanir fi\u0307ltre kartu\u015fu<\/td>\n<\/tr>\n<tr>\n<td>mircron oran\u0131<\/td>\n<td>0,1 mikron ila 100 mikron<\/td>\n<\/tr>\n<tr>\n<td>Sa\u011flanan Sat\u0131\u015f Sonras\u0131 Hizmet<\/td>\n<td>\u00c7evrimi\u00e7i destek<\/td>\n<\/tr>\n<tr>\n<td>Tedarik Yetene\u011fi<\/td>\n<td>Ay ba\u015f\u0131na 5000 Adet \/ Adet<\/td>\n<\/tr>\n<\/tbody>\n<\/table>","protected":false},"featured_media":4295,"comment_status":"open","ping_status":"closed","template":"","meta":{"_gspb_post_css":""},"product_brand":[],"product_cat":[21],"product_tag":[1534,1548,1181,1293,1549,1136],"class_list":{"0":"post-4290","1":"product","2":"type-product","3":"status-publish","4":"has-post-thumbnail","6":"product_cat-pleated-filter-cartridge","7":"product_tag-inversafilterpurification","8":"product_tag-pp-filter-wholesaler","9":"product_tag-pp-pleated-filter-cartridge","10":"product_tag-sea-water-filter-cartridge","11":"product_tag-sediment-filtration","12":"product_tag-water-filter-locks","14":"first","15":"instock","16":"shipping-taxable","17":"product-type-simple"},"_links":{"self":[{"href":"https:\/\/lyfilter.com\/tr\/wp-json\/wp\/v2\/product\/4290","targetHints":{"allow":["GET"]}}],"collection":[{"href":"https:\/\/lyfilter.com\/tr\/wp-json\/wp\/v2\/product"}],"about":[{"href":"https:\/\/lyfilter.com\/tr\/wp-json\/wp\/v2\/types\/product"}],"replies":[{"embeddable":true,"href":"https:\/\/lyfilter.com\/tr\/wp-json\/wp\/v2\/comments?post=4290"}],"wp:featuredmedia":[{"embeddable":true,"href":"https:\/\/lyfilter.com\/tr\/wp-json\/wp\/v2\/media\/4295"}],"wp:attachment":[{"href":"https:\/\/lyfilter.com\/tr\/wp-json\/wp\/v2\/media?parent=4290"}],"wp:term":[{"taxonomy":"product_brand","embeddable":true,"href":"https:\/\/lyfilter.com\/tr\/wp-json\/wp\/v2\/product_brand?post=4290"},{"taxonomy":"product_cat","embeddable":true,"href":"https:\/\/lyfilter.com\/tr\/wp-json\/wp\/v2\/product_cat?post=4290"},{"taxonomy":"product_tag","embeddable":true,"href":"https:\/\/lyfilter.com\/tr\/wp-json\/wp\/v2\/product_tag?post=4290"}],"curies":[{"name":"wp","href":"https:\/\/api.w.org\/{rel}","templated":true}]}}