{"id":4276,"date":"2026-04-04T07:14:56","date_gmt":"2026-04-04T07:14:56","guid":{"rendered":"https:\/\/lyfilter.com\/"},"modified":"2026-04-04T07:14:56","modified_gmt":"2026-04-04T07:14:56","slug":"professional-stainless-water-filter-housing-stainless-water-filter-housing-company","status":"publish","type":"product","link":"https:\/\/lyfilter.com\/tr\/professional-stainless-water-filter-housing-stainless-water-filter-housing-company\/","title":{"rendered":"Profesyonel Paslanmaz Su Filtresi Muhafazas\u0131 Paslanmaz Su Filtresi Muhafazas\u0131 \u015eirket"},"content":{"rendered":"<p>G\u00fcvenilir, temiz performans i\u00e7in \u00fcretilen bu paslanmaz su filtresi muhafazas\u0131, kurulumunuza g\u00fcvenli ve profesyonel bir his verir. InversaFilterPurification, daha g\u00fcvenli ak\u0131\u015f\u0131 ve uzun s\u00fcreli g\u00f6n\u00fcl rahatl\u0131\u011f\u0131n\u0131 destekleyen dayan\u0131kl\u0131 yap\u0131 sunar.<\/p>","protected":false},"excerpt":{"rendered":"<table>\n<thead>\n<tr>\n<th>Saha<\/th>\n<th>De\u011fer<\/th>\n<\/tr>\n<\/thead>\n<tbody>\n<tr>\n<td>Uygulanabilir Sekt\u00f6rler<\/td>\n<td>\u00dcretim Tesisi, Yiyecek ve \u0130\u00e7ecek Fabrikas\u0131, \u00c7iftlikler, Restoran, Yiyecek D\u00fckkan\u0131, Enerji ve Madencilik, Yiyecek ve \u0130\u00e7ecek Ma\u011fazalar\u0131<\/td>\n<\/tr>\n<tr>\n<td>Men\u015fe Yeri<\/td>\n<td>Guangdong, \u00c7in<\/td>\n<\/tr>\n<tr>\n<td>Marka Ad\u0131<\/td>\n<td>Lvyuan\/OEM<\/td>\n<\/tr>\n<tr>\n<td>Malzeme<\/td>\n<td>\u00d6zelle\u015ftirilmi\u015f<\/td>\n<\/tr>\n<tr>\n<td>A\u011f\u0131rl\u0131k<\/td>\n<td>\u00d6zelle\u015ftirilmi\u015f<\/td>\n<\/tr>\n<tr>\n<td>Boyut<\/td>\n<td>\u00d6zelle\u015ftirilmi\u015f<\/td>\n<\/tr>\n<tr>\n<td>G\u00fc\u00e7<\/td>\n<td>\u00d6zelle\u015ftirilmi\u015f<\/td>\n<\/tr>\n<tr>\n<td>Garanti<\/td>\n<td>1 Y\u0131l<\/td>\n<\/tr>\n<tr>\n<td>Sa\u011flanan Sat\u0131\u015f Sonras\u0131 Hizmet<\/td>\n<td>\u00c7evrimi\u00e7i destek<\/td>\n<\/tr>\n<tr>\n<td>Model Ad\u0131<\/td>\n<td>Paslanmaz \u00e7elik g\u00f6vde filtresi 1~7 kademeli kartu\u015f su filtre sistemi<\/td>\n<\/tr>\n<tr>\n<td>Uzunluk<\/td>\n<td>10 in\u00e7, 20 in\u00e7, 30 in\u00e7, 40 in\u00e7<\/td>\n<\/tr>\n<tr>\n<td>Kullan\u0131m<\/td>\n<td>Ya\u011f\/gaz\/hava\/s\u0131v\u0131 su filtrasyonu<\/td>\n<\/tr>\n<tr>\n<td>Ana g\u00f6vde malzemesi<\/td>\n<td>Paslanmaz \u00e7elik 304 \/ 316L<\/td>\n<\/tr>\n<tr>\n<td>Filtre muhafazas\u0131 tipi<\/td>\n<td>Borulu<\/td>\n<\/tr>\n<tr>\n<td>Prensip<\/td>\n<td>Bas\u0131n\u00e7 filtrasyonu<\/td>\n<\/tr>\n<tr>\n<td>A\u015famalar<\/td>\n<td>1 - 7 a\u015fama<\/td>\n<\/tr>\n<tr>\n<td>Paketleme<\/td>\n<td>Netural ambalaj veya tahta sand\u0131k<\/td>\n<\/tr>\n<tr>\n<td>Filtre<\/td>\n<td>Torba filtre &amp; Kartu\u015f filtre<\/td>\n<\/tr>\n<tr>\n<td>Araba<\/td>\n<td>Paslanmaz \u00e7elik 304\/316L<\/td>\n<\/tr>\n<tr>\n<td>Tedarik Yetene\u011fi<\/td>\n<td>G\u00fcnde 100 Adet \/ Adet<\/td>\n<\/tr>\n<\/tbody>\n<\/table>","protected":false},"featured_media":4279,"comment_status":"open","ping_status":"closed","template":"","meta":{"_gspb_post_css":""},"product_brand":[],"product_cat":[15],"product_tag":[38,1534,1542,1541,1540,1136],"class_list":{"0":"post-4276","1":"product","2":"type-product","3":"status-publish","4":"has-post-thumbnail","6":"product_cat-stainless-steel-filter-housing","7":"product_tag-industrial-water-filtration","8":"product_tag-inversafilterpurification","9":"product_tag-secure-water-filter-system","10":"product_tag-stainless-filter-housing","11":"product_tag-stainless-water-filter-housing","12":"product_tag-water-filter-locks","14":"first","15":"instock","16":"shipping-taxable","17":"product-type-simple"},"_links":{"self":[{"href":"https:\/\/lyfilter.com\/tr\/wp-json\/wp\/v2\/product\/4276","targetHints":{"allow":["GET"]}}],"collection":[{"href":"https:\/\/lyfilter.com\/tr\/wp-json\/wp\/v2\/product"}],"about":[{"href":"https:\/\/lyfilter.com\/tr\/wp-json\/wp\/v2\/types\/product"}],"replies":[{"embeddable":true,"href":"https:\/\/lyfilter.com\/tr\/wp-json\/wp\/v2\/comments?post=4276"}],"wp:featuredmedia":[{"embeddable":true,"href":"https:\/\/lyfilter.com\/tr\/wp-json\/wp\/v2\/media\/4279"}],"wp:attachment":[{"href":"https:\/\/lyfilter.com\/tr\/wp-json\/wp\/v2\/media?parent=4276"}],"wp:term":[{"taxonomy":"product_brand","embeddable":true,"href":"https:\/\/lyfilter.com\/tr\/wp-json\/wp\/v2\/product_brand?post=4276"},{"taxonomy":"product_cat","embeddable":true,"href":"https:\/\/lyfilter.com\/tr\/wp-json\/wp\/v2\/product_cat?post=4276"},{"taxonomy":"product_tag","embeddable":true,"href":"https:\/\/lyfilter.com\/tr\/wp-json\/wp\/v2\/product_tag?post=4276"}],"curies":[{"name":"wp","href":"https:\/\/api.w.org\/{rel}","templated":true}]}}